{"id":11269,"date":"2021-08-09T10:07:28","date_gmt":"2021-08-09T08:07:28","guid":{"rendered":"https:\/\/extremebarcelona.com\/politicas-de-privacidad\/"},"modified":"2021-08-09T10:53:23","modified_gmt":"2021-08-09T08:53:23","slug":"privacy-policies","status":"publish","type":"page","link":"https:\/\/extremebarcelona.com\/en\/privacy-policies\/","title":{"rendered":"Privacy Policies"},"content":{"rendered":"<p>[et_pb_section fb_built=&#8221;1&#8243; _builder_version=&#8221;3.22&#8243;][et_pb_row _builder_version=&#8221;3.25&#8243; background_size=&#8221;initial&#8221; background_position=&#8221;top_left&#8221; background_repeat=&#8221;repeat&#8221;][et_pb_column type=&#8221;4_4&#8243; _builder_version=&#8221;3.25&#8243; custom_padding=&#8221;|||&#8221; custom_padding__hover=&#8221;|||&#8221;][et_pb_text _builder_version=&#8221;4.9.10&#8243; _module_preset=&#8221;default&#8221; text_font=&#8221;Montserrat|800|||||||&#8221; text_text_color=&#8221;#000000&#8243; text_font_size=&#8221;50px&#8221; header_font=&#8221;Montserrat|100|||||||&#8221; header_font_size=&#8221;50px&#8221; header_2_font=&#8221;Montserrat|800|||||||&#8221; header_2_font_size=&#8221;50px&#8221; min_height=&#8221;62.7px&#8221; custom_margin=&#8221;0px||-2px|||&#8221; custom_padding=&#8221;0px||38px|||&#8221; header_font_size_tablet=&#8221;&#8221; header_font_size_phone=&#8221;&#8221; header_font_size_last_edited=&#8221;on|phone&#8221; inline_fonts=&#8221;Montserrat&#8221;]<\/p>\n<h1><strong><span style=\"font-family: Montserrat;\">POL\u00cdTICAS DE PRIVACIDAD<\/span><\/strong><\/h1>\n<p>[\/et_pb_text][et_pb_text _builder_version=&#8221;4.9.10&#8243; background_size=&#8221;initial&#8221; background_position=&#8221;top_left&#8221; background_repeat=&#8221;repeat&#8221; hover_enabled=&#8221;0&#8243; sticky_enabled=&#8221;0&#8243;]<strong>1. Who is responsible for the processing of your personal data?<\/strong><\/p>\n<p>In compliance with Regulation (EU) 2016\/679 of the European Parliament and of the Council of April 27, 2016 regarding the protection of natural persons regarding the processing of personal data and the free circulation of these data (hereinafter, &#8220;RGPD&#8221;), we inform that the person responsible for the processing of your data the SevenMila Group, made up of the companies: Seven Marketing on Sports &#038; amp; Leisure SL with C.I.F. # B58985391; Seven &#038; amp; Mila Events S.L with C.I.F. # B66340696; Seven Marketing on Sports &#038; amp; Leisure S.L. Zeta Gesti\u00f3n de Medios S.A.U. Catalonia Athletic Association U.T.E. with C.I.F. U66795634; KIY GAMES S.L. with C.I.F. # B65985392; KDC ERacing S.L. with C.I.F. # B67170258; all of them with registered office at Av. Cornell\u00e0 142, 8-3, 08950 Esplugues de Llobregat. Email: info@sevenmila.com<\/p>\n<p><strong>2. For what purpose will we continue to process your personal data?<\/strong><\/p>\n<p>The SevenMila Group will process your personal data for the following purposes:<br \/>\n(I) Send you informative content of your interest, including the promotion of events organized by the SevenMila Group. For more information about the events you can visit our website.<br \/>\n(Ii) And if it exists, maintain the commercial relationship. For this purpose, the legal basis for the processing of your data will be through the execution of a contract for the provision of the corresponding services.<\/p>\n<p><strong>3. How long will we keep your personal data?<\/strong><\/p>\n<p>The SevenMila Group will keep for a period of six (6) years in accordance with current accounting regulations and, where appropriate, for ten (10) according to the regulations on the prevention of money laundering.<\/p>\n<p><strong>4. What is the legitimacy for the processing of your personal data?<\/strong><\/p>\n<p>The legal basis for data processing is the express consent of the user.<\/p>\n<p><strong>5. To which recipients will your personal data be communicated?<\/strong><\/p>\n<p>The data may only be communicated to entities linked to the SevenMila Group for the same purposes referred to above.<\/p>\n<p><strong>6. What are your rights in relation to your personal data?<\/strong><\/p>\n<p>You can access your personal data, as well as request the rectification of inaccurate data or, where appropriate, request the cancellation or deletion when the data is no longer necessary for the purposes for which it was collected. You can also request the limitation, portability and opposition to the processing of your data, in certain circumstances and for reasons related to your particular situation.<\/p>\n<p>You can revoke your consent to the sending of commercial communications and exercise the rights referred to above, by sending an email to info@sevenmila.com.<\/p>\n<p>If you do not get a satisfactory answer and you want to make a claim or obtain more information regarding any of these rights, you can contact the Spanish Data Protection Agency (www.agpd.es).[\/et_pb_text][\/et_pb_column][\/et_pb_row][\/et_pb_section]<\/p>\n","protected":false},"excerpt":{"rendered":"<p>POL\u00cdTICAS DE PRIVACIDAD1. Who is responsible for the processing of your personal data? In compliance with Regulation (EU) 2016\/679 of the European Parliament and of the Council of April 27, 2016 regarding the protection of natural persons regarding the processing of personal data and the free circulation of these data (hereinafter, &#8220;RGPD&#8221;), we inform that [&hellip;]<\/p>\n","protected":false},"author":8,"featured_media":0,"parent":0,"menu_order":0,"comment_status":"closed","ping_status":"closed","template":"","meta":{"_et_pb_use_builder":"on","_et_pb_old_content":"<p><strong>1. \u00bfQui\u00e9n es el responsable del tratamiento de tus datos personales?<\/strong><\/p><p>En cumplimiento con el Reglamento (UE) 2016\/679 del Parlamento Europeo y del Consejo del 27 de abril 2016 relativo a la protecci\u00f3n de las personas f\u00edsicas en que se refiere al tratamiento de datos personales y a la libre circulaci\u00f3n de estos datos (en adelante, \"RGPD\"), informamos que el responsable del tratamiento de sus datos el Grupo SevenMila, compuesto por las empresas: Seven Marketing on Sports & Leisure SL con C.I.F. n\u00ba B58985391; Seven & Mila Events S.L con C.I.F. n\u00ba B66340696; Seven Marketing on Sports & Leisure S.L. Zeta Gesti\u00f3n de Medios S.A.U. Agrupaci\u00f3n Atl\u00e9tica Catalu\u00f1a U.T.E. con C.I.F. n\u00ba U66795634; KIY GAMES S.L. con C.I.F. n\u00ba B65985392; KDC ERacing S.L. con C.I.F. n\u00ba B67170258; todas ellas con domicilio social en Av. Cornell\u00e0 142, 8-3, 08950 Esplugues de Llobregat. Correo electr\u00f3nico: info@sevenmila.com<\/p><p><strong>2. \u00bfCon qu\u00e9 finalidad continuaremos tratando tus datos personales?<\/strong><\/p><p>El Grupo SevenMila tratar\u00e1 sus datos personales con las siguientes finalidades:<br \/>(I) Enviarle contenidos informativos de su inter\u00e9s, incluida la promoci\u00f3n de eventos organizados por el Grupo SevenMila. Para m\u00e1s informaci\u00f3n sobre los eventos pueden visitar nuestra p\u00e1gina web.<br \/>(Ii) Y en caso de que exista, mantener la relaci\u00f3n comercial. Para este fin, la base legal del tratamiento de sus datos ser\u00e1 mediante la ejecuci\u00f3n de un contrato de prestaci\u00f3n de los servicios correspondientes.<\/p><p><strong>3. \u00bfCu\u00e1nto tiempo conservaremos tus datos personales?<\/strong><\/p><p>El Grupo SevenMila conservar\u00e1 durante el plazo de seis (6) a\u00f1os de conformidad con la normativa contable vigente y, en su caso, durante diez (10) seg\u00fan la normativa de prevenci\u00f3n de blanqueo de capitales.<\/p><p><strong>4. \u00bfCu\u00e1l es la legitimaci\u00f3n para el tratamiento de sus datos personales?<\/strong><\/p><p>La base legal para el tratamiento de datos es el consentimiento expreso del usuario.<\/p><p><strong>5. \u00bfA qu\u00e9 destinatarios se comunicar\u00e1n sus datos personales?<\/strong><\/p><p>Los datos \u00fanicamente podr\u00e1n comunicarse a entidades vinculadas al Grupo SevenMila para las mismas finalidades referidas anteriormente.<\/p><p><strong>6. \u00bfCu\u00e1les son sus derechos en relaci\u00f3n con sus datos personales?<\/strong><\/p><p>Puedes acceder a tus datos personales, as\u00ed como solicitar la rectificaci\u00f3n de los datos inexactos o, en su caso, solicitar la cancelaci\u00f3n o supresi\u00f3n cuando los datos ya no sean necesarias para los fines que fueron recogidas. Tambi\u00e9n podr\u00e1s solicitar la limitaci\u00f3n, portabilidad y oposici\u00f3n del tratamiento de tus datos, en determinadas circunstancias y por motivos relacionados con tu situaci\u00f3n particular.<\/p><p>Podr\u00e1s revocar el consentimiento al env\u00edo de comunicaciones comerciales y ejercer los derechos referidos anteriormente, mediante el env\u00edo de un correo electr\u00f3nico a info@sevenmila.com.<\/p><p>Si no obtienes una respuesta satisfactoria y deseas formular una reclamaci\u00f3n u obtener m\u00e1s informaci\u00f3n al respecto de cualquiera de estos derechos, puedes dirigirte a la Agencia Espa\u00f1ola de Protecci\u00f3n de Datos (www.agpd.es).<\/p>","_et_gb_content_width":"","footnotes":""},"class_list":["post-11269","page","type-page","status-publish","hentry"],"yoast_head":"<!-- This site is optimized with the Yoast SEO plugin v27.2 - https:\/\/yoast.com\/product\/yoast-seo-wordpress\/ -->\n<title>Privacy Policies - Extreme Barcelona<\/title>\n<meta name=\"robots\" content=\"index, follow, max-snippet:-1, max-image-preview:large, max-video-preview:-1\" \/>\n<link rel=\"canonical\" href=\"https:\/\/extremebarcelona.com\/en\/privacy-policies\/\" \/>\n<meta property=\"og:locale\" content=\"en_US\" \/>\n<meta property=\"og:type\" content=\"article\" \/>\n<meta property=\"og:title\" content=\"Privacy Policies - Extreme Barcelona\" \/>\n<meta property=\"og:description\" content=\"POL\u00cdTICAS DE PRIVACIDAD1. Who is responsible for the processing of your personal data? In compliance with Regulation (EU) 2016\/679 of the European Parliament and of the Council of April 27, 2016 regarding the protection of natural persons regarding the processing of personal data and the free circulation of these data (hereinafter, &quot;RGPD&quot;), we inform that [&hellip;]\" \/>\n<meta property=\"og:url\" content=\"https:\/\/extremebarcelona.com\/en\/privacy-policies\/\" \/>\n<meta property=\"og:site_name\" content=\"Extreme Barcelona\" \/>\n<meta property=\"article:modified_time\" content=\"2021-08-09T08:53:23+00:00\" \/>\n<meta name=\"twitter:card\" content=\"summary_large_image\" \/>\n<meta name=\"twitter:label1\" content=\"Est. reading time\" \/>\n\t<meta name=\"twitter:data1\" content=\"3 minutes\" \/>\n<script type=\"application\/ld+json\" class=\"yoast-schema-graph\">{\"@context\":\"https:\/\/schema.org\",\"@graph\":[{\"@type\":\"WebPage\",\"@id\":\"https:\/\/extremebarcelona.com\/en\/privacy-policies\/\",\"url\":\"https:\/\/extremebarcelona.com\/en\/privacy-policies\/\",\"name\":\"Privacy Policies - Extreme Barcelona\",\"isPartOf\":{\"@id\":\"https:\/\/extremebarcelona.com\/#website\"},\"datePublished\":\"2021-08-09T08:07:28+00:00\",\"dateModified\":\"2021-08-09T08:53:23+00:00\",\"breadcrumb\":{\"@id\":\"https:\/\/extremebarcelona.com\/en\/privacy-policies\/#breadcrumb\"},\"inLanguage\":\"en-US\",\"potentialAction\":[{\"@type\":\"ReadAction\",\"target\":[\"https:\/\/extremebarcelona.com\/en\/privacy-policies\/\"]}]},{\"@type\":\"BreadcrumbList\",\"@id\":\"https:\/\/extremebarcelona.com\/en\/privacy-policies\/#breadcrumb\",\"itemListElement\":[{\"@type\":\"ListItem\",\"position\":1,\"name\":\"Portada\",\"item\":\"https:\/\/extremebarcelona.com\/\"},{\"@type\":\"ListItem\",\"position\":2,\"name\":\"Privacy Policies\"}]},{\"@type\":\"WebSite\",\"@id\":\"https:\/\/extremebarcelona.com\/#website\",\"url\":\"https:\/\/extremebarcelona.com\/\",\"name\":\"Extreme Barcelona\",\"description\":\"Otro sitio realizado con WordPress\",\"publisher\":{\"@id\":\"https:\/\/extremebarcelona.com\/#organization\"},\"potentialAction\":[{\"@type\":\"SearchAction\",\"target\":{\"@type\":\"EntryPoint\",\"urlTemplate\":\"https:\/\/extremebarcelona.com\/?s={search_term_string}\"},\"query-input\":{\"@type\":\"PropertyValueSpecification\",\"valueRequired\":true,\"valueName\":\"search_term_string\"}}],\"inLanguage\":\"en-US\"},{\"@type\":\"Organization\",\"@id\":\"https:\/\/extremebarcelona.com\/#organization\",\"name\":\"Extreme Barcelona\",\"url\":\"https:\/\/extremebarcelona.com\/\",\"logo\":{\"@type\":\"ImageObject\",\"inLanguage\":\"en-US\",\"@id\":\"https:\/\/extremebarcelona.com\/#\/schema\/logo\/image\/\",\"url\":\"https:\/\/extremebarcelona.com\/wp-content\/uploads\/2021\/04\/Logo-Extreme-2021.png\",\"contentUrl\":\"https:\/\/extremebarcelona.com\/wp-content\/uploads\/2021\/04\/Logo-Extreme-2021.png\",\"width\":500,\"height\":500,\"caption\":\"Extreme Barcelona\"},\"image\":{\"@id\":\"https:\/\/extremebarcelona.com\/#\/schema\/logo\/image\/\"}}]}<\/script>\n<!-- \/ Yoast SEO plugin. -->","yoast_head_json":{"title":"Privacy Policies - Extreme Barcelona","robots":{"index":"index","follow":"follow","max-snippet":"max-snippet:-1","max-image-preview":"max-image-preview:large","max-video-preview":"max-video-preview:-1"},"canonical":"https:\/\/extremebarcelona.com\/en\/privacy-policies\/","og_locale":"en_US","og_type":"article","og_title":"Privacy Policies - Extreme Barcelona","og_description":"POL\u00cdTICAS DE PRIVACIDAD1. Who is responsible for the processing of your personal data? In compliance with Regulation (EU) 2016\/679 of the European Parliament and of the Council of April 27, 2016 regarding the protection of natural persons regarding the processing of personal data and the free circulation of these data (hereinafter, \"RGPD\"), we inform that [&hellip;]","og_url":"https:\/\/extremebarcelona.com\/en\/privacy-policies\/","og_site_name":"Extreme Barcelona","article_modified_time":"2021-08-09T08:53:23+00:00","twitter_card":"summary_large_image","twitter_misc":{"Est. reading time":"3 minutes"},"schema":{"@context":"https:\/\/schema.org","@graph":[{"@type":"WebPage","@id":"https:\/\/extremebarcelona.com\/en\/privacy-policies\/","url":"https:\/\/extremebarcelona.com\/en\/privacy-policies\/","name":"Privacy Policies - Extreme Barcelona","isPartOf":{"@id":"https:\/\/extremebarcelona.com\/#website"},"datePublished":"2021-08-09T08:07:28+00:00","dateModified":"2021-08-09T08:53:23+00:00","breadcrumb":{"@id":"https:\/\/extremebarcelona.com\/en\/privacy-policies\/#breadcrumb"},"inLanguage":"en-US","potentialAction":[{"@type":"ReadAction","target":["https:\/\/extremebarcelona.com\/en\/privacy-policies\/"]}]},{"@type":"BreadcrumbList","@id":"https:\/\/extremebarcelona.com\/en\/privacy-policies\/#breadcrumb","itemListElement":[{"@type":"ListItem","position":1,"name":"Portada","item":"https:\/\/extremebarcelona.com\/"},{"@type":"ListItem","position":2,"name":"Privacy Policies"}]},{"@type":"WebSite","@id":"https:\/\/extremebarcelona.com\/#website","url":"https:\/\/extremebarcelona.com\/","name":"Extreme Barcelona","description":"Otro sitio realizado con WordPress","publisher":{"@id":"https:\/\/extremebarcelona.com\/#organization"},"potentialAction":[{"@type":"SearchAction","target":{"@type":"EntryPoint","urlTemplate":"https:\/\/extremebarcelona.com\/?s={search_term_string}"},"query-input":{"@type":"PropertyValueSpecification","valueRequired":true,"valueName":"search_term_string"}}],"inLanguage":"en-US"},{"@type":"Organization","@id":"https:\/\/extremebarcelona.com\/#organization","name":"Extreme Barcelona","url":"https:\/\/extremebarcelona.com\/","logo":{"@type":"ImageObject","inLanguage":"en-US","@id":"https:\/\/extremebarcelona.com\/#\/schema\/logo\/image\/","url":"https:\/\/extremebarcelona.com\/wp-content\/uploads\/2021\/04\/Logo-Extreme-2021.png","contentUrl":"https:\/\/extremebarcelona.com\/wp-content\/uploads\/2021\/04\/Logo-Extreme-2021.png","width":500,"height":500,"caption":"Extreme Barcelona"},"image":{"@id":"https:\/\/extremebarcelona.com\/#\/schema\/logo\/image\/"}}]}},"_links":{"self":[{"href":"https:\/\/extremebarcelona.com\/en\/wp-json\/wp\/v2\/pages\/11269","targetHints":{"allow":["GET"]}}],"collection":[{"href":"https:\/\/extremebarcelona.com\/en\/wp-json\/wp\/v2\/pages"}],"about":[{"href":"https:\/\/extremebarcelona.com\/en\/wp-json\/wp\/v2\/types\/page"}],"author":[{"embeddable":true,"href":"https:\/\/extremebarcelona.com\/en\/wp-json\/wp\/v2\/users\/8"}],"replies":[{"embeddable":true,"href":"https:\/\/extremebarcelona.com\/en\/wp-json\/wp\/v2\/comments?post=11269"}],"version-history":[{"count":3,"href":"https:\/\/extremebarcelona.com\/en\/wp-json\/wp\/v2\/pages\/11269\/revisions"}],"predecessor-version":[{"id":11279,"href":"https:\/\/extremebarcelona.com\/en\/wp-json\/wp\/v2\/pages\/11269\/revisions\/11279"}],"wp:attachment":[{"href":"https:\/\/extremebarcelona.com\/en\/wp-json\/wp\/v2\/media?parent=11269"}],"curies":[{"name":"wp","href":"https:\/\/api.w.org\/{rel}","templated":true}]}}