{"id":520,"date":"2016-04-06T11:27:04","date_gmt":"2016-04-06T11:27:04","guid":{"rendered":"https:\/\/extremebarcelona.com\/ca\/prensa-copy\/"},"modified":"2016-06-02T08:41:44","modified_gmt":"2016-06-02T08:41:44","slug":"open","status":"publish","type":"page","link":"https:\/\/extremebarcelona.com\/ca\/open\/","title":{"rendered":"OPEN"},"content":{"rendered":"<p>[et_pb_section admin_label=&#8221;Secci\u00f3n&#8221; fullwidth=&#8221;on&#8221; specialty=&#8221;off&#8221; transparent_background=&#8221;off&#8221; allow_player_pause=&#8221;off&#8221; inner_shadow=&#8221;off&#8221; parallax=&#8221;off&#8221; parallax_method=&#8221;off&#8221; padding_mobile=&#8221;off&#8221; make_fullwidth=&#8221;off&#8221; use_custom_width=&#8221;off&#8221; width_unit=&#8221;on&#8221; make_equal=&#8221;off&#8221; use_custom_gutter=&#8221;off&#8221; module_id=&#8221;tickets&#8221;][et_pb_fullwidth_header admin_label=&#8221;T\u00edtulo de anchura completa&#8221; title=&#8221;OPEN&#8221; background_layout=&#8221;light&#8221; text_orientation=&#8221;left&#8221; header_fullscreen=&#8221;off&#8221; header_scroll_down=&#8221;off&#8221; parallax=&#8221;off&#8221; parallax_method=&#8221;off&#8221; content_orientation=&#8221;center&#8221; image_orientation=&#8221;center&#8221; custom_button_one=&#8221;off&#8221; button_one_letter_spacing=&#8221;0&#8243; button_one_use_icon=&#8221;default&#8221; button_one_icon_placement=&#8221;right&#8221; button_one_on_hover=&#8221;on&#8221; button_one_letter_spacing_hover=&#8221;0&#8243; custom_button_two=&#8221;off&#8221; button_two_letter_spacing=&#8221;0&#8243; button_two_use_icon=&#8221;default&#8221; button_two_icon_placement=&#8221;right&#8221; button_two_on_hover=&#8221;on&#8221; button_two_letter_spacing_hover=&#8221;0&#8243; custom_css_main_element=&#8221;padding: 0px;&#8221; title_font_color=&#8221;#fcf6a9&#8243; module_id=&#8221;tickets&#8221; title_font=&#8221;Roboto||||&#8221; title_font_size=&#8221;60&#8243; title_font_size_tablet=&#8221;50&#8243; title_font_size_phone=&#8221;40&#8243; title_font_size_last_edited=&#8221;on|desktop&#8221;] [\/et_pb_fullwidth_header][\/et_pb_section][et_pb_section admin_label=&#8221;Secci\u00f3n&#8221; fullwidth=&#8221;off&#8221; specialty=&#8221;off&#8221;][et_pb_row admin_label=&#8221;Fila&#8221;][et_pb_column type=&#8221;1_2&#8243;][et_pb_text admin_label=&#8221;Texto&#8221; background_layout=&#8221;light&#8221; text_orientation=&#8221;left&#8221; use_border_color=&#8221;off&#8221; border_color=&#8221;#ffffff&#8221; border_style=&#8221;solid&#8221; text_font=&#8221;Montserrat||||&#8221;]<\/p>\n<h2>Qu\u00e8 \u00e9s la categoria OPEN?<\/h2>\n<p>Aquest nou format de competici\u00f3 s\u2019ha creat amb l\u2019objectiu de permetre l\u2019oportunitat de competir al m\u00e0xim n\u00famero de riders locals, nacionals i internacionals que tinguin nivell suficient per a patinar a l\u2019skatepark proposat per l\u2019esdeveniment i amb la intenci\u00f3 de poder-se classificar per la Qualifier PRO.<\/p>\n<p>El cam\u00ed a seguir d\u2019aquesta categoria \u00e9s aconseguir que cada edici\u00f3 que passi, aculli als futurs cracks d\u2019aquestes modalitats, riders desconeguts que no tenen l\u2019oportunitat de ser convidats i aprofiten l\u2019OPEN per a reivindicar-se i passar-ho b\u00e9.<\/p>\n<p>Per altra banda, \u00e9s la millor manera de fomentar la base i futur d\u2019aquestes modalitats a nivell local i nacional.<\/p>\n<p><strong>Inscripci\u00f3: 20\u20ac<\/strong><br \/>\nInclou:<\/p>\n<ul>\n<li>Polsera de 2 dies de l\u2019esdeveniment<\/li>\n<li>Acc\u00e9s Skateparks: entrenaments i Qualifier Open segons horari oficial<\/li>\n<li>Asseguran\u00e7a m\u00e8dica<\/li>\n<li>Invitaci\u00f3 per a acompanyant diumenge: nom\u00e9s classificats per la Final Pro.<\/li>\n<\/ul>\n<p>M\u00e8tode d\u2019inscripci\u00f3:<\/p>\n<ul>\n<li>Apartat Online de la web: omplir el formulari de petici\u00f3<\/li>\n<li>Data l\u00edmit per omplir el formulari de petici\u00f3: 25 de maig<\/li>\n<li>Es seleccionaran als riders en base a un filtre esportiu: cada rider haur\u00e0 de compartir un link de Youtube \/ Vimeo \/ Instagram \/ Facebook amb un clip m\u00ednim de 15\u201d (3 trucs) perqu\u00e8 l\u2019equip de coordinadors pugui fer la selecci\u00f3.<\/li>\n<li>Data l\u00edmit de confirmaci\u00f3: 5 de juny<\/li>\n<li>Forma de pagament: transfer\u00e8ncia banc\u00e0ria (s\u2019indicar\u00e0 via correu electr\u00f2nic als riders seleccionats).<\/li>\n<\/ul>\n<h3>Places<\/h3>\n<table style=\"height: 516px;\" width=\"585\">\n<tbody>\n<tr>\n<td width=\"185\"><strong>MODALITAT<\/strong><\/td>\n<td width=\"192\"><strong>N\u00daMERO<\/strong><\/td>\n<td width=\"192\"><strong>DISTRIBUCI\u00d3<\/strong><\/td>\n<\/tr>\n<tr>\n<td width=\"185\">Skate<\/td>\n<td width=\"192\">50<\/td>\n<td width=\"192\">37 Nacionals<br \/>\n10 Estrangers<br \/>\n<strong>3 guanyadors 3styleBCN<\/strong><\/td>\n<\/tr>\n<tr>\n<td width=\"185\">BMX<\/td>\n<td width=\"192\">30<\/td>\n<td width=\"192\">20 Nacionals<br \/>\n10 Estrangers<\/td>\n<\/tr>\n<tr>\n<td width=\"185\">In Line<\/td>\n<td width=\"192\">40<\/td>\n<td width=\"192\">20 Nacionals<br \/>\n10 Estrangers<br \/>\n7 Noies<br \/>\n<strong>3 guanyadors SAP 2016<\/strong><\/td>\n<\/tr>\n<\/tbody>\n<\/table>\n<p>*Si les places d\u2019estrangers no queden cobertes es podran ocupar per nacionals.<br \/>\n<strong>\u00a0<\/strong><\/p>\n<h3>Format<\/h3>\n<p><strong>\u00a0<\/strong><\/p>\n<table>\n<tbody>\n<tr>\n<td width=\"281\"><strong>MODALITAT<\/strong><\/td>\n<td width=\"288\"><strong>ESTRUCTURA<\/strong><\/td>\n<\/tr>\n<tr>\n<td width=\"281\">Skate<\/td>\n<td width=\"288\">1a fase: grups de 3 riders 2min<br \/>\n2da fase (top 15): grups de 3 riders (ronda\u00a045&#8243; individual + 2min jam session)<br \/>\nClassificats: 5 millors<\/td>\n<\/tr>\n<tr>\n<td width=\"281\">BMX<\/td>\n<td width=\"288\">1a fase: 2 rondes de 45\u201d<br \/>\nClassificats: 5 millors<\/td>\n<\/tr>\n<tr>\n<td width=\"281\">In Line<\/td>\n<td width=\"288\">1a fase: 40 riders grups de 4 riders 4 min<br \/>\nClassificats:\u00a0 5 mios i 2 noies<br \/>\n<strong>\u00a0<\/strong><\/td>\n<\/tr>\n<\/tbody>\n<\/table>\n<p><strong>\u00a0<\/strong><\/p>\n<p>[\/et_pb_text][\/et_pb_column][et_pb_column type=&#8221;1_2&#8243;][et_pb_code admin_label=&#8221;C\u00f3digo&#8221; custom_css_main_element=&#8221;font-family: &#8216;Montserrat&#8217;, Helvetica, Arial, Lucida, sans-serif;&#8221; disabled_on=&#8221;on|on|on&#8221; disabled=&#8221;on&#8221;]<p class=\"wpcf7-contact-form-not-found\"><strong>Error:<\/strong> No s&#039;ha trobat el formulari de contacte.<\/p>[\/et_pb_code][\/et_pb_column][\/et_pb_row][\/et_pb_section]<\/p>\n","protected":false},"excerpt":{"rendered":"<p>Qu\u00e8 \u00e9s la categoria OPEN? Aquest nou format de competici\u00f3 s\u2019ha creat amb l\u2019objectiu de permetre l\u2019oportunitat de competir al m\u00e0xim n\u00famero de riders locals, nacionals i internacionals que tinguin nivell suficient per a patinar a l\u2019skatepark proposat per l\u2019esdeveniment i amb la intenci\u00f3 de poder-se classificar per la Qualifier PRO. El cam\u00ed a seguir [&hellip;]<\/p>\n","protected":false},"author":1,"featured_media":0,"parent":0,"menu_order":0,"comment_status":"closed","ping_status":"closed","template":"","meta":{"_et_pb_use_builder":"on","_et_pb_old_content":"<p>Esto es una p\u00e1gina de ejemplo. Es diferente a una entrada porque permanece fija en un lugar y se mostrar\u00e1 en la navegaci\u00f3n de tu sitio (en la mayor\u00eda de los temas). La mayor\u00eda de la gente empieza con una p\u00e1gina de Acerca de, que les presenta a los potenciales visitantes del sitio. Podr\u00eda ser algo como esto:<\/p><blockquote><p>\u00a1Hola! Soy mensajero por el d\u00eda, aspirante a actor por la noche, y este es mi blog. Vivo en Madrid, tengo un perrazo llamado Duque y me gustan las pi\u00f1as coladas (y que me pille un chaparr\u00f3n)<\/p><\/blockquote><p>...o algo as\u00ed:<\/p><blockquote><p>La empresa XYZ se fund\u00f3 en 1971 y ha estado ofreciendo \"cosas\" de calidad al p\u00fablico desde entonces. Situada en Madrid, XYZ emplea a m\u00e1s de 2.000 personas y hace todo tipo de cosas sorprendentes para la comunidad de Madrid.<\/p><\/blockquote><p>Si eres nuevo en WordPress deber\u00edas ir a <a href=\"http:\/\/empiezapori.com\/dominios_externos\/imaginextrembarcelona\/wp-admin\/\">tu escritorio<\/a> para borrar esta p\u00e1gina y crear p\u00e1ginas nuevas con tu propio contenido. \u00a1P\u00e1salo bien!<\/p>","_et_gb_content_width":"","footnotes":""},"class_list":["post-520","page","type-page","status-publish","hentry"],"yoast_head":"<!-- This site is optimized with the Yoast SEO plugin v27.2 - https:\/\/yoast.com\/product\/yoast-seo-wordpress\/ -->\n<title>OPEN - Extreme Barcelona<\/title>\n<meta name=\"robots\" content=\"index, follow, max-snippet:-1, max-image-preview:large, max-video-preview:-1\" \/>\n<link rel=\"canonical\" href=\"https:\/\/extremebarcelona.com\/ca\/open\/\" \/>\n<meta property=\"og:locale\" content=\"ca_ES\" \/>\n<meta property=\"og:type\" content=\"article\" \/>\n<meta property=\"og:title\" content=\"OPEN - Extreme Barcelona\" \/>\n<meta property=\"og:description\" content=\"Qu\u00e8 \u00e9s la categoria OPEN? Aquest nou format de competici\u00f3 s\u2019ha creat amb l\u2019objectiu de permetre l\u2019oportunitat de competir al m\u00e0xim n\u00famero de riders locals, nacionals i internacionals que tinguin nivell suficient per a patinar a l\u2019skatepark proposat per l\u2019esdeveniment i amb la intenci\u00f3 de poder-se classificar per la Qualifier PRO. El cam\u00ed a seguir [&hellip;]\" \/>\n<meta property=\"og:url\" content=\"https:\/\/extremebarcelona.com\/ca\/open\/\" \/>\n<meta property=\"og:site_name\" content=\"Extreme Barcelona\" \/>\n<meta property=\"article:modified_time\" content=\"2016-06-02T08:41:44+00:00\" \/>\n<meta name=\"twitter:card\" content=\"summary_large_image\" \/>\n<meta name=\"twitter:label1\" content=\"Temps estimat de lectura\" \/>\n\t<meta name=\"twitter:data1\" content=\"3 minuts\" \/>\n<script type=\"application\/ld+json\" class=\"yoast-schema-graph\">{\"@context\":\"https:\/\/schema.org\",\"@graph\":[{\"@type\":\"WebPage\",\"@id\":\"https:\/\/extremebarcelona.com\/ca\/open\/\",\"url\":\"https:\/\/extremebarcelona.com\/ca\/open\/\",\"name\":\"OPEN - Extreme Barcelona\",\"isPartOf\":{\"@id\":\"https:\/\/extremebarcelona.com\/#website\"},\"datePublished\":\"2016-04-06T11:27:04+00:00\",\"dateModified\":\"2016-06-02T08:41:44+00:00\",\"breadcrumb\":{\"@id\":\"https:\/\/extremebarcelona.com\/ca\/open\/#breadcrumb\"},\"inLanguage\":\"ca\",\"potentialAction\":[{\"@type\":\"ReadAction\",\"target\":[\"https:\/\/extremebarcelona.com\/ca\/open\/\"]}]},{\"@type\":\"BreadcrumbList\",\"@id\":\"https:\/\/extremebarcelona.com\/ca\/open\/#breadcrumb\",\"itemListElement\":[{\"@type\":\"ListItem\",\"position\":1,\"name\":\"Portada\",\"item\":\"https:\/\/extremebarcelona.com\/\"},{\"@type\":\"ListItem\",\"position\":2,\"name\":\"OPEN\"}]},{\"@type\":\"WebSite\",\"@id\":\"https:\/\/extremebarcelona.com\/#website\",\"url\":\"https:\/\/extremebarcelona.com\/\",\"name\":\"Extreme Barcelona\",\"description\":\"Otro sitio realizado con WordPress\",\"publisher\":{\"@id\":\"https:\/\/extremebarcelona.com\/#organization\"},\"potentialAction\":[{\"@type\":\"SearchAction\",\"target\":{\"@type\":\"EntryPoint\",\"urlTemplate\":\"https:\/\/extremebarcelona.com\/?s={search_term_string}\"},\"query-input\":{\"@type\":\"PropertyValueSpecification\",\"valueRequired\":true,\"valueName\":\"search_term_string\"}}],\"inLanguage\":\"ca\"},{\"@type\":\"Organization\",\"@id\":\"https:\/\/extremebarcelona.com\/#organization\",\"name\":\"Extreme Barcelona\",\"url\":\"https:\/\/extremebarcelona.com\/\",\"logo\":{\"@type\":\"ImageObject\",\"inLanguage\":\"ca\",\"@id\":\"https:\/\/extremebarcelona.com\/#\/schema\/logo\/image\/\",\"url\":\"https:\/\/extremebarcelona.com\/wp-content\/uploads\/2021\/04\/Logo-Extreme-2021.png\",\"contentUrl\":\"https:\/\/extremebarcelona.com\/wp-content\/uploads\/2021\/04\/Logo-Extreme-2021.png\",\"width\":500,\"height\":500,\"caption\":\"Extreme Barcelona\"},\"image\":{\"@id\":\"https:\/\/extremebarcelona.com\/#\/schema\/logo\/image\/\"}}]}<\/script>\n<!-- \/ Yoast SEO plugin. -->","yoast_head_json":{"title":"OPEN - Extreme Barcelona","robots":{"index":"index","follow":"follow","max-snippet":"max-snippet:-1","max-image-preview":"max-image-preview:large","max-video-preview":"max-video-preview:-1"},"canonical":"https:\/\/extremebarcelona.com\/ca\/open\/","og_locale":"ca_ES","og_type":"article","og_title":"OPEN - Extreme Barcelona","og_description":"Qu\u00e8 \u00e9s la categoria OPEN? Aquest nou format de competici\u00f3 s\u2019ha creat amb l\u2019objectiu de permetre l\u2019oportunitat de competir al m\u00e0xim n\u00famero de riders locals, nacionals i internacionals que tinguin nivell suficient per a patinar a l\u2019skatepark proposat per l\u2019esdeveniment i amb la intenci\u00f3 de poder-se classificar per la Qualifier PRO. El cam\u00ed a seguir [&hellip;]","og_url":"https:\/\/extremebarcelona.com\/ca\/open\/","og_site_name":"Extreme Barcelona","article_modified_time":"2016-06-02T08:41:44+00:00","twitter_card":"summary_large_image","twitter_misc":{"Temps estimat de lectura":"3 minuts"},"schema":{"@context":"https:\/\/schema.org","@graph":[{"@type":"WebPage","@id":"https:\/\/extremebarcelona.com\/ca\/open\/","url":"https:\/\/extremebarcelona.com\/ca\/open\/","name":"OPEN - Extreme Barcelona","isPartOf":{"@id":"https:\/\/extremebarcelona.com\/#website"},"datePublished":"2016-04-06T11:27:04+00:00","dateModified":"2016-06-02T08:41:44+00:00","breadcrumb":{"@id":"https:\/\/extremebarcelona.com\/ca\/open\/#breadcrumb"},"inLanguage":"ca","potentialAction":[{"@type":"ReadAction","target":["https:\/\/extremebarcelona.com\/ca\/open\/"]}]},{"@type":"BreadcrumbList","@id":"https:\/\/extremebarcelona.com\/ca\/open\/#breadcrumb","itemListElement":[{"@type":"ListItem","position":1,"name":"Portada","item":"https:\/\/extremebarcelona.com\/"},{"@type":"ListItem","position":2,"name":"OPEN"}]},{"@type":"WebSite","@id":"https:\/\/extremebarcelona.com\/#website","url":"https:\/\/extremebarcelona.com\/","name":"Extreme Barcelona","description":"Otro sitio realizado con WordPress","publisher":{"@id":"https:\/\/extremebarcelona.com\/#organization"},"potentialAction":[{"@type":"SearchAction","target":{"@type":"EntryPoint","urlTemplate":"https:\/\/extremebarcelona.com\/?s={search_term_string}"},"query-input":{"@type":"PropertyValueSpecification","valueRequired":true,"valueName":"search_term_string"}}],"inLanguage":"ca"},{"@type":"Organization","@id":"https:\/\/extremebarcelona.com\/#organization","name":"Extreme Barcelona","url":"https:\/\/extremebarcelona.com\/","logo":{"@type":"ImageObject","inLanguage":"ca","@id":"https:\/\/extremebarcelona.com\/#\/schema\/logo\/image\/","url":"https:\/\/extremebarcelona.com\/wp-content\/uploads\/2021\/04\/Logo-Extreme-2021.png","contentUrl":"https:\/\/extremebarcelona.com\/wp-content\/uploads\/2021\/04\/Logo-Extreme-2021.png","width":500,"height":500,"caption":"Extreme Barcelona"},"image":{"@id":"https:\/\/extremebarcelona.com\/#\/schema\/logo\/image\/"}}]}},"_links":{"self":[{"href":"https:\/\/extremebarcelona.com\/ca\/wp-json\/wp\/v2\/pages\/520","targetHints":{"allow":["GET"]}}],"collection":[{"href":"https:\/\/extremebarcelona.com\/ca\/wp-json\/wp\/v2\/pages"}],"about":[{"href":"https:\/\/extremebarcelona.com\/ca\/wp-json\/wp\/v2\/types\/page"}],"author":[{"embeddable":true,"href":"https:\/\/extremebarcelona.com\/ca\/wp-json\/wp\/v2\/users\/1"}],"replies":[{"embeddable":true,"href":"https:\/\/extremebarcelona.com\/ca\/wp-json\/wp\/v2\/comments?post=520"}],"version-history":[{"count":5,"href":"https:\/\/extremebarcelona.com\/ca\/wp-json\/wp\/v2\/pages\/520\/revisions"}],"predecessor-version":[{"id":9655,"href":"https:\/\/extremebarcelona.com\/ca\/wp-json\/wp\/v2\/pages\/520\/revisions\/9655"}],"wp:attachment":[{"href":"https:\/\/extremebarcelona.com\/ca\/wp-json\/wp\/v2\/media?parent=520"}],"curies":[{"name":"wp","href":"https:\/\/api.w.org\/{rel}","templated":true}]}}