{"id":436,"date":"2016-04-05T09:55:31","date_gmt":"2016-04-05T09:55:31","guid":{"rendered":"https:\/\/extremebarcelona.com\/?page_id=436&#038;lang=ca"},"modified":"2026-01-13T15:28:09","modified_gmt":"2026-01-13T14:28:09","slug":"premsa","status":"publish","type":"page","link":"https:\/\/extremebarcelona.com\/ca\/premsa\/","title":{"rendered":"Premsa"},"content":{"rendered":"<p>[et_pb_section fb_built=&#8221;1&#8243; custom_padding_last_edited=&#8221;on|phone&#8221; _builder_version=&#8221;4.21.0&#8243; background_image=&#8221;https:\/\/extremebarcelona.com\/wp-content\/uploads\/2023\/04\/background-extreme-barcelona-web.jpg&#8221; custom_padding_tablet=&#8221;&#8221; custom_padding_phone=&#8221;|20px||20px|false|false&#8221; global_colors_info=&#8221;{}&#8221;][et_pb_row _builder_version=&#8221;4.16&#8243; _module_preset=&#8221;default&#8221; global_colors_info=&#8221;{}&#8221;][et_pb_column type=&#8221;4_4&#8243; _builder_version=&#8221;4.16&#8243; _module_preset=&#8221;default&#8221; global_colors_info=&#8221;{}&#8221;][et_pb_text _builder_version=&#8221;4.17.4&#8243; _module_preset=&#8221;default&#8221; text_font=&#8221;Montserrat|800|||||||&#8221; text_text_color=&#8221;#ffffff&#8221; text_font_size=&#8221;46px&#8221; header_font=&#8221;Montserrat|100|||||||&#8221; header_text_color=&#8221;#000000&#8243; header_font_size=&#8221;50px&#8221; header_2_font=&#8221;Montserrat|800|||||||&#8221; header_2_font_size=&#8221;50px&#8221; background_enable_image=&#8221;off&#8221; background_size=&#8221;contain&#8221; background_position=&#8221;center_left&#8221; background_layout=&#8221;dark&#8221; custom_margin=&#8221;0px||||false|false&#8221; custom_padding=&#8221;5px||1px|52px|false|false&#8221; header_font_size_tablet=&#8221;&#8221; header_font_size_phone=&#8221;&#8221; header_font_size_last_edited=&#8221;on|phone&#8221; inline_fonts=&#8221;Montserrat&#8221; global_colors_info=&#8221;{}&#8221;]<\/p>\n<h1><strong><span style=\"font-family: Montserrat;\">PREMSA<\/span><\/strong><\/h1>\n<p>[\/et_pb_text][\/et_pb_column][\/et_pb_row][et_pb_row column_structure=&#8221;1_2,1_2&#8243; _builder_version=&#8221;4.16&#8243; background_size=&#8221;initial&#8221; background_position=&#8221;top_left&#8221; background_repeat=&#8221;repeat&#8221; global_colors_info=&#8221;{}&#8221;][et_pb_column type=&#8221;1_2&#8243; _builder_version=&#8221;4.16&#8243; custom_padding=&#8221;|||&#8221; global_colors_info=&#8221;{}&#8221; custom_padding__hover=&#8221;|||&#8221;][et_pb_text _builder_version=&#8221;4.27.5&#8243; text_font=&#8221;Montserrat||||&#8221; background_size=&#8221;initial&#8221; background_position=&#8221;top_left&#8221; background_repeat=&#8221;repeat&#8221; hover_enabled=&#8221;0&#8243; use_border_color=&#8221;off&#8221; global_colors_info=&#8221;{}&#8221; sticky_enabled=&#8221;0&#8243;]<\/p>\n<h3 style=\"text-align: justify;\"><span style=\"color: #5800b9;\">Sol\u00b7licitud d\u2019acreditaci\u00f3<\/span><\/h3>\n<ul style=\"text-align: justify;\">\n<li>Per sol\u00b7licitar l&#8217;Acreditaci\u00f3 de premsa per cobrir l&#8217;Extreme Barcelona 2026, \u200b\u200bhaur\u00e0s d&#8217;omplir i enviar el formulari d&#8217;acreditacions.<\/li>\n<li>La <strong>data l\u00edmit<\/strong> per sol\u00b7licitar l&#8217;acreditaci\u00f3 \u00e9s l&#8217;<strong>1 de setembre de 2026<\/strong>. No es tramitar\u00e0 cap acreditaci\u00f3 despr\u00e9s d&#8217;aquesta data.<\/li>\n<li>La confirmaci\u00f3 de l&#8217;acreditaci\u00f3 es comunicar\u00e0 per correu electr\u00f2nic el m\u00e9s aviat possible.<\/li>\n<\/ul>\n<h3 style=\"text-align: justify;\"><span style=\"color: #5800b9;\">Requisits per acreditar-se com a premsa<\/span><\/h3>\n<ul style=\"text-align: justify;\">\n<li>Els mitjans que vulguin acreditar-se hauran de tenir un tiratge, audi\u00e8ncia o circulaci\u00f3 m\u00ednima. Aquells que no arribin als m\u00ednims establerts, se&#8217;ls demanar\u00e0 la cobertura realitzada en la passada edici\u00f3 o algun treball relacionat amb els Urban Sports.<\/li>\n<li>Si ets freelance , Youtuber o influencer, et demanarem que ens envi\u00efs la cobertura realitzada a la passada edici\u00f3 o alguna feina relacionada amb els Urban Sports.<\/li>\n<\/ul>\n<p style=\"text-align: justify;\">[\/et_pb_text][et_pb_button button_url=&#8221;https:\/\/extremebarcelona.com\/wp-content\/uploads\/2021\/09\/CAT-DOSSIER-DE-PREMSA-EXTREME-2021.docx.pdf&#8221; url_new_window=&#8221;on&#8221; button_text=&#8221;DESCARREGA DOSSIER PREMSA&#8221; button_alignment=&#8221;left&#8221; disabled_on=&#8221;on|on|on&#8221; _builder_version=&#8221;4.17.4&#8243; _module_preset=&#8221;default&#8221; custom_button=&#8221;on&#8221; button_text_size=&#8221;25px&#8221; button_text_color=&#8221;#FFFFFF&#8221; button_bg_color=&#8221;#5800b9&#8243; button_bg_use_color_gradient=&#8221;on&#8221; button_bg_color_gradient_stops=&#8221;#5800b9 0%|#ff5300 100%&#8221; button_bg_color_gradient_start=&#8221;#5800b9&#8243; button_bg_color_gradient_end=&#8221;#ff5300&#8243; button_border_radius=&#8221;31px&#8221; button_font=&#8221;Montserrat|800|||||||&#8221; button_use_icon=&#8221;off&#8221; custom_margin=&#8221;21px||8px|||&#8221; button_text_shadow_style=&#8221;preset1&#8243; disabled=&#8221;on&#8221; global_colors_info=&#8221;{}&#8221;][\/et_pb_button][\/et_pb_column][et_pb_column type=&#8221;1_2&#8243; _builder_version=&#8221;4.16&#8243; custom_padding=&#8221;|||&#8221; global_colors_info=&#8221;{}&#8221; custom_padding__hover=&#8221;|||&#8221;][et_pb_code disabled_on=&#8221;off|off|off&#8221; _builder_version=&#8221;4.16&#8243; global_colors_info=&#8221;{}&#8221;]\n<div class=\"wpcf7 no-js\" id=\"wpcf7-f11359-o1\" lang=\"es-ES\" dir=\"ltr\" data-wpcf7-id=\"11359\">\n<div class=\"screen-reader-response\"><p role=\"status\" aria-live=\"polite\" aria-atomic=\"true\"><\/p> <ul><\/ul><\/div>\n<form action=\"\/ca\/wp-json\/wp\/v2\/pages\/436#wpcf7-f11359-o1\" method=\"post\" class=\"wpcf7-form init\" aria-label=\"Formulario de contacto\" novalidate=\"novalidate\" data-status=\"init\">\n<fieldset class=\"hidden-fields-container\"><input type=\"hidden\" name=\"_wpcf7\" value=\"11359\" \/><input type=\"hidden\" name=\"_wpcf7_version\" value=\"6.1.4\" \/><input type=\"hidden\" name=\"_wpcf7_locale\" value=\"es_ES\" \/><input type=\"hidden\" name=\"_wpcf7_unit_tag\" value=\"wpcf7-f11359-o1\" \/><input type=\"hidden\" name=\"_wpcf7_container_post\" value=\"0\" \/><input type=\"hidden\" name=\"_wpcf7_posted_data_hash\" value=\"\" \/>\n<\/fieldset>\n<p><strong>DADES DE L'EMPRESA<\/strong>\n<\/p>\n<p><label> <strong>Nom de l'empresa<\/strong><br \/>\n<span class=\"wpcf7-form-control-wrap\" data-name=\"nombre-de-la-empresa\"><input size=\"40\" maxlength=\"400\" class=\"wpcf7-form-control wpcf7-text wpcf7-validates-as-required\" aria-required=\"true\" aria-invalid=\"false\" value=\"\" type=\"text\" name=\"nombre-de-la-empresa\" \/><\/span> <\/label>\n<\/p>\n<p><label> <strong>Nom del mitj\u00e0<\/strong><br \/>\n<span class=\"wpcf7-form-control-wrap\" data-name=\"Nombre-del-medio\"><input size=\"40\" maxlength=\"400\" class=\"wpcf7-form-control wpcf7-text wpcf7-validates-as-required\" aria-required=\"true\" aria-invalid=\"false\" value=\"\" type=\"text\" name=\"Nombre-del-medio\" \/><\/span> <\/label>\n<\/p>\n<p><strong>Tipus de mitj\u00e0<\/strong> (Triar opci\u00f3: Premsa, R\u00e0dio, Televisi\u00f3, Revista o Web)<br \/>\n<span class=\"wpcf7-form-control-wrap\" data-name=\"menu-187\"><select class=\"wpcf7-form-control wpcf7-select wpcf7-validates-as-required\" aria-required=\"true\" aria-invalid=\"false\" name=\"menu-187\"><option value=\"\">&#8212;Por favor, elige una opci\u00f3n&#8212;<\/option><option value=\"Prensa\">Prensa<\/option><option value=\"Radio\">Radio<\/option><option value=\"Televisi\u00f3n\">Televisi\u00f3n<\/option><option value=\"Web\">Web<\/option><option value=\"Revista\">Revista<\/option><\/select><\/span>\n<\/p>\n<p><label> <strong>Direcci\u00f3<\/strong><br \/>\n<span class=\"wpcf7-form-control-wrap\" data-name=\"Direccion\"><input size=\"40\" maxlength=\"400\" class=\"wpcf7-form-control wpcf7-text wpcf7-validates-as-required\" aria-required=\"true\" aria-invalid=\"false\" value=\"\" type=\"text\" name=\"Direccion\" \/><\/span> <\/label>\n<\/p>\n<p><label> <strong>Codi Postal<\/strong><br \/>\n<span class=\"wpcf7-form-control-wrap\" data-name=\"Codigo-Postal\"><input size=\"40\" maxlength=\"400\" class=\"wpcf7-form-control wpcf7-text wpcf7-validates-as-required\" aria-required=\"true\" aria-invalid=\"false\" value=\"\" type=\"text\" name=\"Codigo-Postal\" \/><\/span> <\/label>\n<\/p>\n<p><label> <strong>Poblaci\u00f3<\/strong><br \/>\n<span class=\"wpcf7-form-control-wrap\" data-name=\"Poblacion\"><input size=\"40\" maxlength=\"400\" class=\"wpcf7-form-control wpcf7-text wpcf7-validates-as-required\" aria-required=\"true\" aria-invalid=\"false\" value=\"\" type=\"text\" name=\"Poblacion\" \/><\/span> <\/label>\n<\/p>\n<p><label> <strong>Pa\u00eds<\/strong><br \/>\n<span class=\"wpcf7-form-control-wrap\" data-name=\"Pais\"><input size=\"40\" maxlength=\"400\" class=\"wpcf7-form-control wpcf7-text wpcf7-validates-as-required\" aria-required=\"true\" aria-invalid=\"false\" value=\"\" type=\"text\" name=\"Pais\" \/><\/span> <\/label>\n<\/p>\n<p><label> <strong>Tel\u00e8fon<\/strong><br \/>\n<span class=\"wpcf7-form-control-wrap\" data-name=\"Telefono\"><input size=\"40\" maxlength=\"400\" class=\"wpcf7-form-control wpcf7-tel wpcf7-validates-as-required wpcf7-text wpcf7-validates-as-tel\" aria-required=\"true\" aria-invalid=\"false\" value=\"\" type=\"tel\" name=\"Telefono\" \/><\/span> <\/label>\n<\/p>\n<p><label> <strong>Web<\/strong><br \/>\n<span class=\"wpcf7-form-control-wrap\" data-name=\"Web\"><input size=\"40\" maxlength=\"400\" class=\"wpcf7-form-control wpcf7-text wpcf7-validates-as-required\" aria-required=\"true\" aria-invalid=\"false\" value=\"\" type=\"text\" name=\"Web\" \/><\/span> <\/label>\n<\/p>\n<p><strong>DADES PERSONALS<\/strong>\n<\/p>\n<p><label> <strong>Nom<\/strong><br \/>\n<span class=\"wpcf7-form-control-wrap\" data-name=\"nombre\"><input size=\"40\" maxlength=\"400\" class=\"wpcf7-form-control wpcf7-text wpcf7-validates-as-required\" aria-required=\"true\" aria-invalid=\"false\" value=\"\" type=\"text\" name=\"nombre\" \/><\/span> <\/label>\n<\/p>\n<p><label> <strong>Cognoms<\/strong><br \/>\n<span class=\"wpcf7-form-control-wrap\" data-name=\"Apellidos\"><input size=\"40\" maxlength=\"400\" class=\"wpcf7-form-control wpcf7-text wpcf7-validates-as-required\" aria-required=\"true\" aria-invalid=\"false\" value=\"\" type=\"text\" name=\"Apellidos\" \/><\/span> <\/label>\n<\/p>\n<p><label> <strong>Perfil (Fot\u00f2graf, periodista, operador de c\u00e0mera, etc)<\/strong><br \/>\n<span class=\"wpcf7-form-control-wrap\" data-name=\"DNI\"><input size=\"40\" maxlength=\"400\" class=\"wpcf7-form-control wpcf7-text wpcf7-validates-as-required\" aria-required=\"true\" aria-invalid=\"false\" value=\"\" type=\"text\" name=\"DNI\" \/><\/span> <\/label>\n<\/p>\n<p><label> <strong>Correu Electr\u00f2nic<\/strong><br \/>\n<span class=\"wpcf7-form-control-wrap\" data-name=\"CorreoElectrnico\"><input size=\"40\" maxlength=\"400\" class=\"wpcf7-form-control wpcf7-email wpcf7-validates-as-required wpcf7-text wpcf7-validates-as-email\" aria-required=\"true\" aria-invalid=\"false\" value=\"\" type=\"email\" name=\"CorreoElectrnico\" \/><\/span> <\/label>\n<\/p>\n<p><label> <strong>Tel\u00e8fon<\/strong><br \/>\n<span class=\"wpcf7-form-control-wrap\" data-name=\"Telefono\"><input size=\"40\" maxlength=\"400\" class=\"wpcf7-form-control wpcf7-tel wpcf7-validates-as-required wpcf7-text wpcf7-validates-as-tel\" aria-required=\"true\" aria-invalid=\"false\" value=\"\" type=\"tel\" name=\"Telefono\" \/><\/span> <\/label>\n<\/p>\n<p><span class=\"wpcf7-form-control-wrap\" data-name=\"your-consent\"><span class=\"wpcf7-form-control wpcf7-acceptance\"><span class=\"wpcf7-list-item\"><label><input type=\"checkbox\" name=\"your-consent\" value=\"1\" aria-invalid=\"false\" \/><span class=\"wpcf7-list-item-label\">He llegit i accepto la <a href=\"https:\/\/extremebarcelona.com\/politicas-de-privacidad\/\">pol\u00edtica de privacitat\/a><\/span><\/label><\/span><\/span><\/span>\n<\/p>\n<p><input class=\"wpcf7-form-control wpcf7-submit has-spinner\" type=\"submit\" value=\"Enviar\" \/>\n<\/p><div class=\"wpcf7-response-output\" aria-hidden=\"true\"><\/div>\n<\/form>\n<\/div>\n[\/et_pb_code][\/et_pb_column][\/et_pb_row][\/et_pb_section]<\/p>\n","protected":false},"excerpt":{"rendered":"<p>PREMSASol\u00b7licitud d\u2019acreditaci\u00f3 Per sol\u00b7licitar l&#8217;Acreditaci\u00f3 de premsa per cobrir l&#8217;Extreme Barcelona 2026, \u200b\u200bhaur\u00e0s d&#8217;omplir i enviar el formulari d&#8217;acreditacions. La data l\u00edmit per sol\u00b7licitar l&#8217;acreditaci\u00f3 \u00e9s l&#8217;1 de setembre de 2026. No es tramitar\u00e0 cap acreditaci\u00f3 despr\u00e9s d&#8217;aquesta data. La confirmaci\u00f3 de l&#8217;acreditaci\u00f3 es comunicar\u00e0 per correu electr\u00f2nic el m\u00e9s aviat possible. Requisits per acreditar-se [&hellip;]<\/p>\n","protected":false},"author":1,"featured_media":0,"parent":0,"menu_order":0,"comment_status":"closed","ping_status":"closed","template":"","meta":{"_et_pb_use_builder":"on","_et_pb_old_content":"<p>Esto es una p\u00e1gina de ejemplo. Es diferente a una entrada porque permanece fija en un lugar y se mostrar\u00e1 en la navegaci\u00f3n de tu sitio (en la mayor\u00eda de los temas). La mayor\u00eda de la gente empieza con una p\u00e1gina de Acerca de, que les presenta a los potenciales visitantes del sitio. Podr\u00eda ser algo como esto:<\/p><blockquote><p>\u00a1Hola! Soy mensajero por el d\u00eda, aspirante a actor por la noche, y este es mi blog. Vivo en Madrid, tengo un perrazo llamado Duque y me gustan las pi\u00f1as coladas (y que me pille un chaparr\u00f3n)<\/p><\/blockquote><p>...o algo as\u00ed:<\/p><blockquote><p>La empresa XYZ se fund\u00f3 en 1971 y ha estado ofreciendo \"cosas\" de calidad al p\u00fablico desde entonces. Situada en Madrid, XYZ emplea a m\u00e1s de 2.000 personas y hace todo tipo de cosas sorprendentes para la comunidad de Madrid.<\/p><\/blockquote><p>Si eres nuevo en WordPress deber\u00edas ir a <a href=\"http:\/\/empiezapori.com\/dominios_externos\/imaginextrembarcelona\/wp-admin\/\">tu escritorio<\/a> para borrar esta p\u00e1gina y crear p\u00e1ginas nuevas con tu propio contenido. \u00a1P\u00e1salo bien!<\/p>","_et_gb_content_width":"","footnotes":""},"class_list":["post-436","page","type-page","status-publish","hentry"],"yoast_head":"<!-- This site is optimized with the Yoast SEO plugin v27.5 - https:\/\/yoast.com\/product\/yoast-seo-wordpress\/ -->\n<title>Premsa | Extreme Barcelona 2024<\/title>\n<meta name=\"description\" content=\"Per sol\u00b7licitar l\u2019acreditaci\u00f3 de premsa per cobrir l\u2019imaginExtreme Barcelona, haur\u00e0s d\u2019omplir i enviar el formulari d\u2019acreditaci\u00f3.\" \/>\n<meta name=\"robots\" content=\"index, follow, max-snippet:-1, max-image-preview:large, max-video-preview:-1\" \/>\n<link rel=\"canonical\" href=\"https:\/\/extremebarcelona.com\/prensa\/\" \/>\n<meta property=\"og:locale\" content=\"ca_ES\" \/>\n<meta property=\"og:type\" content=\"article\" \/>\n<meta property=\"og:title\" content=\"Premsa | Extreme Barcelona 2024\" \/>\n<meta property=\"og:description\" content=\"Per sol\u00b7licitar l\u2019acreditaci\u00f3 de premsa per cobrir l\u2019imaginExtreme Barcelona, haur\u00e0s d\u2019omplir i enviar el formulari d\u2019acreditaci\u00f3.\" \/>\n<meta property=\"og:url\" content=\"https:\/\/extremebarcelona.com\/prensa\/\" \/>\n<meta property=\"og:site_name\" content=\"Extreme Barcelona\" \/>\n<meta property=\"article:modified_time\" content=\"2026-01-13T14:28:09+00:00\" \/>\n<meta name=\"twitter:card\" content=\"summary_large_image\" \/>\n<meta name=\"twitter:label1\" content=\"Temps estimat de lectura\" \/>\n\t<meta name=\"twitter:data1\" content=\"3 minuts\" \/>\n<script type=\"application\/ld+json\" class=\"yoast-schema-graph\">{\"@context\":\"https:\\\/\\\/schema.org\",\"@graph\":[{\"@type\":\"WebPage\",\"@id\":\"https:\\\/\\\/extremebarcelona.com\\\/prensa\\\/\",\"url\":\"https:\\\/\\\/extremebarcelona.com\\\/prensa\\\/\",\"name\":\"Premsa | Extreme Barcelona 2024\",\"isPartOf\":{\"@id\":\"https:\\\/\\\/extremebarcelona.com\\\/#website\"},\"datePublished\":\"2016-04-05T09:55:31+00:00\",\"dateModified\":\"2026-01-13T14:28:09+00:00\",\"description\":\"Per sol\u00b7licitar l\u2019acreditaci\u00f3 de premsa per cobrir l\u2019imaginExtreme Barcelona, haur\u00e0s d\u2019omplir i enviar el formulari d\u2019acreditaci\u00f3.\",\"breadcrumb\":{\"@id\":\"https:\\\/\\\/extremebarcelona.com\\\/prensa\\\/#breadcrumb\"},\"inLanguage\":\"ca\",\"potentialAction\":[{\"@type\":\"ReadAction\",\"target\":[\"https:\\\/\\\/extremebarcelona.com\\\/prensa\\\/\"]}]},{\"@type\":\"BreadcrumbList\",\"@id\":\"https:\\\/\\\/extremebarcelona.com\\\/prensa\\\/#breadcrumb\",\"itemListElement\":[{\"@type\":\"ListItem\",\"position\":1,\"name\":\"Portada\",\"item\":\"https:\\\/\\\/extremebarcelona.com\\\/\"},{\"@type\":\"ListItem\",\"position\":2,\"name\":\"Premsa\"}]},{\"@type\":\"WebSite\",\"@id\":\"https:\\\/\\\/extremebarcelona.com\\\/#website\",\"url\":\"https:\\\/\\\/extremebarcelona.com\\\/\",\"name\":\"Extreme Barcelona\",\"description\":\"Otro sitio realizado con WordPress\",\"publisher\":{\"@id\":\"https:\\\/\\\/extremebarcelona.com\\\/#organization\"},\"potentialAction\":[{\"@type\":\"SearchAction\",\"target\":{\"@type\":\"EntryPoint\",\"urlTemplate\":\"https:\\\/\\\/extremebarcelona.com\\\/?s={search_term_string}\"},\"query-input\":{\"@type\":\"PropertyValueSpecification\",\"valueRequired\":true,\"valueName\":\"search_term_string\"}}],\"inLanguage\":\"ca\"},{\"@type\":\"Organization\",\"@id\":\"https:\\\/\\\/extremebarcelona.com\\\/#organization\",\"name\":\"Extreme Barcelona\",\"url\":\"https:\\\/\\\/extremebarcelona.com\\\/\",\"logo\":{\"@type\":\"ImageObject\",\"inLanguage\":\"ca\",\"@id\":\"https:\\\/\\\/extremebarcelona.com\\\/#\\\/schema\\\/logo\\\/image\\\/\",\"url\":\"https:\\\/\\\/extremebarcelona.com\\\/wp-content\\\/uploads\\\/2021\\\/04\\\/Logo-Extreme-2021.png\",\"contentUrl\":\"https:\\\/\\\/extremebarcelona.com\\\/wp-content\\\/uploads\\\/2021\\\/04\\\/Logo-Extreme-2021.png\",\"width\":500,\"height\":500,\"caption\":\"Extreme Barcelona\"},\"image\":{\"@id\":\"https:\\\/\\\/extremebarcelona.com\\\/#\\\/schema\\\/logo\\\/image\\\/\"}}]}<\/script>\n<!-- \/ Yoast SEO plugin. -->","yoast_head_json":{"title":"Premsa | Extreme Barcelona 2024","description":"Per sol\u00b7licitar l\u2019acreditaci\u00f3 de premsa per cobrir l\u2019imaginExtreme Barcelona, haur\u00e0s d\u2019omplir i enviar el formulari d\u2019acreditaci\u00f3.","robots":{"index":"index","follow":"follow","max-snippet":"max-snippet:-1","max-image-preview":"max-image-preview:large","max-video-preview":"max-video-preview:-1"},"canonical":"https:\/\/extremebarcelona.com\/prensa\/","og_locale":"ca_ES","og_type":"article","og_title":"Premsa | Extreme Barcelona 2024","og_description":"Per sol\u00b7licitar l\u2019acreditaci\u00f3 de premsa per cobrir l\u2019imaginExtreme Barcelona, haur\u00e0s d\u2019omplir i enviar el formulari d\u2019acreditaci\u00f3.","og_url":"https:\/\/extremebarcelona.com\/prensa\/","og_site_name":"Extreme Barcelona","article_modified_time":"2026-01-13T14:28:09+00:00","twitter_card":"summary_large_image","twitter_misc":{"Temps estimat de lectura":"3 minuts"},"schema":{"@context":"https:\/\/schema.org","@graph":[{"@type":"WebPage","@id":"https:\/\/extremebarcelona.com\/prensa\/","url":"https:\/\/extremebarcelona.com\/prensa\/","name":"Premsa | Extreme Barcelona 2024","isPartOf":{"@id":"https:\/\/extremebarcelona.com\/#website"},"datePublished":"2016-04-05T09:55:31+00:00","dateModified":"2026-01-13T14:28:09+00:00","description":"Per sol\u00b7licitar l\u2019acreditaci\u00f3 de premsa per cobrir l\u2019imaginExtreme Barcelona, haur\u00e0s d\u2019omplir i enviar el formulari d\u2019acreditaci\u00f3.","breadcrumb":{"@id":"https:\/\/extremebarcelona.com\/prensa\/#breadcrumb"},"inLanguage":"ca","potentialAction":[{"@type":"ReadAction","target":["https:\/\/extremebarcelona.com\/prensa\/"]}]},{"@type":"BreadcrumbList","@id":"https:\/\/extremebarcelona.com\/prensa\/#breadcrumb","itemListElement":[{"@type":"ListItem","position":1,"name":"Portada","item":"https:\/\/extremebarcelona.com\/"},{"@type":"ListItem","position":2,"name":"Premsa"}]},{"@type":"WebSite","@id":"https:\/\/extremebarcelona.com\/#website","url":"https:\/\/extremebarcelona.com\/","name":"Extreme Barcelona","description":"Otro sitio realizado con WordPress","publisher":{"@id":"https:\/\/extremebarcelona.com\/#organization"},"potentialAction":[{"@type":"SearchAction","target":{"@type":"EntryPoint","urlTemplate":"https:\/\/extremebarcelona.com\/?s={search_term_string}"},"query-input":{"@type":"PropertyValueSpecification","valueRequired":true,"valueName":"search_term_string"}}],"inLanguage":"ca"},{"@type":"Organization","@id":"https:\/\/extremebarcelona.com\/#organization","name":"Extreme Barcelona","url":"https:\/\/extremebarcelona.com\/","logo":{"@type":"ImageObject","inLanguage":"ca","@id":"https:\/\/extremebarcelona.com\/#\/schema\/logo\/image\/","url":"https:\/\/extremebarcelona.com\/wp-content\/uploads\/2021\/04\/Logo-Extreme-2021.png","contentUrl":"https:\/\/extremebarcelona.com\/wp-content\/uploads\/2021\/04\/Logo-Extreme-2021.png","width":500,"height":500,"caption":"Extreme Barcelona"},"image":{"@id":"https:\/\/extremebarcelona.com\/#\/schema\/logo\/image\/"}}]}},"_links":{"self":[{"href":"https:\/\/extremebarcelona.com\/ca\/wp-json\/wp\/v2\/pages\/436","targetHints":{"allow":["GET"]}}],"collection":[{"href":"https:\/\/extremebarcelona.com\/ca\/wp-json\/wp\/v2\/pages"}],"about":[{"href":"https:\/\/extremebarcelona.com\/ca\/wp-json\/wp\/v2\/types\/page"}],"author":[{"embeddable":true,"href":"https:\/\/extremebarcelona.com\/ca\/wp-json\/wp\/v2\/users\/1"}],"replies":[{"embeddable":true,"href":"https:\/\/extremebarcelona.com\/ca\/wp-json\/wp\/v2\/comments?post=436"}],"version-history":[{"count":5,"href":"https:\/\/extremebarcelona.com\/ca\/wp-json\/wp\/v2\/pages\/436\/revisions"}],"predecessor-version":[{"id":27452,"href":"https:\/\/extremebarcelona.com\/ca\/wp-json\/wp\/v2\/pages\/436\/revisions\/27452"}],"wp:attachment":[{"href":"https:\/\/extremebarcelona.com\/ca\/wp-json\/wp\/v2\/media?parent=436"}],"curies":[{"name":"wp","href":"https:\/\/api.w.org\/{rel}","templated":true}]}}