{"id":1852,"date":"2016-06-07T10:02:08","date_gmt":"2016-06-07T10:02:08","guid":{"rendered":"https:\/\/extremebarcelona.com\/ca\/sunset-party\/"},"modified":"2016-06-07T17:02:24","modified_gmt":"2016-06-07T17:02:24","slug":"sunset-party","status":"publish","type":"page","link":"https:\/\/extremebarcelona.com\/ca\/sunset-party\/","title":{"rendered":"Sunset Party"},"content":{"rendered":"<p>[et_pb_section admin_label=&#8221;section&#8221;][et_pb_row admin_label=&#8221;row&#8221;][et_pb_column type=&#8221;4_4&#8243;][et_pb_image admin_label=&#8221;Imagen&#8221; src=&#8221;https:\/\/extremebarcelona.com\/wp-content\/uploads\/2016\/06\/Sunset-Extrem-Party-2016_Yellow-01.jpg&#8221; show_in_lightbox=&#8221;off&#8221; url_new_window=&#8221;off&#8221; use_overlay=&#8221;off&#8221; animation=&#8221;left&#8221; sticky=&#8221;off&#8221; align=&#8221;left&#8221; force_fullwidth=&#8221;off&#8221; always_center_on_mobile=&#8221;on&#8221; use_border_color=&#8221;off&#8221; border_color=&#8221;#ffffff&#8221; border_style=&#8221;solid&#8221;] [\/et_pb_image][et_pb_text admin_label=&#8221;Texto&#8221; background_layout=&#8221;light&#8221; text_orientation=&#8221;left&#8221; use_border_color=&#8221;off&#8221; border_color=&#8221;#ffffff&#8221; border_style=&#8221;solid&#8221;]<\/p>\n<h1><strong>SUNSET EXTREME PARTY<\/strong><\/h1>\n<p><strong>ImaginExtreme Barcelona<\/strong> i <strong><a href=\"https:\/\/www.facebook.com\/desperados.ES\/\">Desperados<\/a> <\/strong>presenten \u201cSunset Extreme Party\u201d, la combinaci\u00f3 perfecta entre m\u00fasica electr\u00f2nica de qualitat i el millor show d\u2019action sports de la ciutat.<br \/>\nEt proposem un pla perfecte pel diumenge 19 de juny.<br \/>\nEls Djs <a href=\"https:\/\/www.facebook.com\/ViktorOlle\/\">Viktor Oll\u00e9<\/a> (<a href=\"https:\/\/www.facebook.com\/CrappyTuesdays\/\">Crappy Tuesdays<\/a>) i <a href=\"https:\/\/www.facebook.com\/begun.music\/\">BeGun<\/a> (un referent de l\u2019electr\u00f2nica \u201cmade in Barcelona\u201d) s\u2019encarregaran d\u2019amenitzar la nit despr\u00e9s d\u2019un gran dia d\u2019adrenalina.<\/p>\n<p><strong>Aprofita aquest pack<\/strong>: Action Sports Finals + Party per nom\u00e9s 10\u20ac anticipada \/ 15\u20ac guixeta<\/p>\n<p>[\/et_pb_text][\/et_pb_column][\/et_pb_row][et_pb_row admin_label=&#8221;Fila&#8221;][et_pb_column type=&#8221;1_2&#8243;][et_pb_image admin_label=&#8221;Imagen&#8221; src=&#8221;https:\/\/extremebarcelona.com\/wp-content\/uploads\/2016\/06\/bG-B5.jpg&#8221; show_in_lightbox=&#8221;off&#8221; url_new_window=&#8221;off&#8221; use_overlay=&#8221;off&#8221; animation=&#8221;left&#8221; sticky=&#8221;off&#8221; align=&#8221;left&#8221; force_fullwidth=&#8221;off&#8221; always_center_on_mobile=&#8221;on&#8221; use_border_color=&#8221;off&#8221; border_color=&#8221;#ffffff&#8221; border_style=&#8221;solid&#8221;] [\/et_pb_image][et_pb_text admin_label=&#8221;Texto&#8221; background_layout=&#8221;light&#8221; text_orientation=&#8221;left&#8221; use_border_color=&#8221;off&#8221; border_color=&#8221;#ffffff&#8221; border_style=&#8221;solid&#8221;]<\/p>\n<h2><a href=\"https:\/\/soundcloud.com\/begun\" target=\"_blank\"><strong>BeGun<\/strong><\/a><\/h2>\n<p><a href=\"http:\/\/begun-music.com\/\">BeGun<\/a> \u00e9s el jove productor que hi ha darrere del catal\u00e0 Gunsal H. Moreno (Barcelona, 1983). BeGun, que porta anys sent un del referents de l\u2019escena electr\u00f2nica nacional, ha publicat recentment el seu \u00faltim LP \u201cAmma\u201d (Fohen Records, 2016), en el qual s\u2019aprecia una clara evoluci\u00f3 sonora respecte els seus antics treballs. BeGun, que forma part dels anomenats \u201cbedroom-producers\u201d, ofereix una proposta d\u2019electr\u00f2nica de futur amb identitat pr\u00f2pia marcada per harmonies complexes que conviden a viatjar.<\/p>\n<p>Els seus EP\u2019s, que li han atorgat reputaci\u00f3 a nivell internacional, oferien una electr\u00f2nica fresca i ballable sota els noms de ciutats que els hi donaven t\u00edtol: Nairobi, Madrid, Shangai, Hamburg y San Francisco.<\/p>\n<p>Despr\u00e9s d\u2019estar present en festivals como el S\u00f3nar, el Mutek o el SXSW (a EE.UU.), a m\u00e9s d\u2019haver protagonitzat sessions incombustibles al Piknic Electronik i als clubs habituals de la Ciutat Comtal, BeGun s\u2019ha guanyat la premsa musical i, encara m\u00e9s important, al p\u00fablic, que espera escoltar una proposta contempor\u00e0nia i allunyada de l\u2019electr\u00f2nica tradicional. A m\u00e9s, recentment, s\u2019ha confirmat la pres\u00e8ncia del productor barcelon\u00ed a l\u2019escenari Beach Club del Primavera Sound, que oferir\u00e0 \u00fanicament m\u00fasica electr\u00f2nica.<\/p>\n<p>Amb el seu LP de debut,\u00a0\u201cAmma\u201d,\u00a0BeGun presenta un \u00e0lbum m\u00e9s personal i atrevit que suposa una reinvenci\u00f3 i maduraci\u00f3 de la seva producci\u00f3 pr\u00f2pia. Amb \u201cAmma\u201d, que significa \u201cmare\u201den llengua Kan (parlada a Ghana), BeGun ens impregna d\u2019\u00c0frica des del primer fins l\u2019\u00faltim beat. Els 11 <em>tracks<\/em> que conformen l\u2019LP estan replets de refer\u00e8ncies a aquest continent: des de vocals tribals, fins textures ambientals, passant per instruments folkl\u00f2rics i polir\u00edtmia africana.<\/p>\n<p>[\/et_pb_text][\/et_pb_column][et_pb_column type=&#8221;1_2&#8243;][et_pb_image admin_label=&#8221;Imagen&#8221; src=&#8221;https:\/\/extremebarcelona.com\/wp-content\/uploads\/2016\/06\/viktor-olle-.jpg&#8221; show_in_lightbox=&#8221;off&#8221; url_new_window=&#8221;off&#8221; use_overlay=&#8221;off&#8221; animation=&#8221;left&#8221; sticky=&#8221;off&#8221; align=&#8221;left&#8221; force_fullwidth=&#8221;off&#8221; always_center_on_mobile=&#8221;on&#8221; use_border_color=&#8221;off&#8221; border_color=&#8221;#ffffff&#8221; border_style=&#8221;solid&#8221;] [\/et_pb_image][et_pb_text admin_label=&#8221;Texto&#8221; background_layout=&#8221;light&#8221; text_orientation=&#8221;left&#8221; use_border_color=&#8221;off&#8221; border_color=&#8221;#ffffff&#8221; border_style=&#8221;solid&#8221;]<\/p>\n<h2><a href=\"https:\/\/soundcloud.com\/viktor-olle\" target=\"_blank\"><strong>Viktor Oll\u00e9<\/strong><\/a><\/h2>\n<p><a href=\"http:\/\/viktorolle.com\/\">Viktor Oll\u00e9<\/a> (1973) \u00e9s un DJ i productor barcelon\u00ed conegut per les seves sessions elaborades, la seva proactivitat als plats i una aposta atrevida per la m\u00fasica alternativa nacional i internacional. Tot i que Oll\u00e9 no va comen\u00e7ar oficialment a mesclar fins l\u2019any 2000, des de ben petit va rebre les influ\u00e8ncies que venien del rock, el punk, el new wave, el glam i el brit pop; g\u00e8neres que van marcar el seu estil per\u00f2 que, en cap cas, el van etiquetar al 100%.<\/p>\n<p>Va ser al 2004 quan Oll\u00e9 va debutar amb la seva primera resid\u00e8ncia a la sala Blue Monday de Barcelona, on va donar forma al seu particular estil en el que es barreja m\u00fasica indie i electr\u00f2nica.\u00a0 Despr\u00e9s de tres anys com a DJ resident d\u2019aquest club, Viktor va passar pels plats de discoteques com BeCool, Deposito Legal i City Hall, entre d\u2019altres sales de la Ciutat Comtal.<\/p>\n<p>Des del 2009, Viktor Oll\u00e9 \u00e9s el DJ resident de la popular festa \u201cCrappy Tuesdays\u201d a la Sala Apolo de Barcelona. A m\u00e9s, Viktor\u00a0tamb\u00e9 \u00e9s soci de la festa\u00a0CRIT!\u00a0al Sidecar i d\u2019altres projectes musicals com Popcorn, a m\u00e9s de ser el creador del cicle de concerts independents \u201cBack to the Roots\u201d que tenen lloc al Tarantos Club, on el barcelon\u00ed tamb\u00e9 punxa habitualment. Des del 2015 i a trav\u00e9s del seu projecte personal OHLL\u00c9, el barcelon\u00ed \u00e9s DJ resident de la festa PuroBeach a l\u2019hotel Hilton Diagonal Mar, on ofereix unes sessions repletes de soulful, deep house i nu disco.<\/p>\n<p>Musicalment inquiet, Viktor Oll\u00e9 sempre est\u00e0 en constant cerca de nous grups, bandes i sons que li proporcionin inspiraci\u00f3 i idees per les seves sessions, que es caracteritzen per una excel\u00b7lent barreja d\u2019indie, rock, groovy, electro clash, funk, nu disco i dance.<\/p>\n<p>Tot i que Oll\u00e9 \u00e9s un cl\u00e0ssic de l\u2019escena barcelonina, tamb\u00e9 se\u2019l pot veure i escoltar fora de la capital catalana. L\u2019artista ha actuat en clubs com Space (Eivissa i Menorca), Vibes (Hong Kong), Ocho y Medio (Madrid), Lexington (Londres), Pikes Rock Nights (Eivissa), Lido (Berl\u00edn), Siroco (Madrid), LA3 (Val\u00e8ncia), Pacha (Eivissa), 101 (Bilbao), Plastic (Mil\u00e0), Confetti (Alicante) o Murray (Val\u00e8ncia) entre d\u2019altres.<\/p>\n<p>[\/et_pb_text][\/et_pb_column][\/et_pb_row][\/et_pb_section]<\/p>\n","protected":false},"excerpt":{"rendered":"<p>SUNSET EXTREME PARTY ImaginExtreme Barcelona i Desperados presenten \u201cSunset Extreme Party\u201d, la combinaci\u00f3 perfecta entre m\u00fasica electr\u00f2nica de qualitat i el millor show d\u2019action sports de la ciutat. Et proposem un pla perfecte pel diumenge 19 de juny. Els Djs Viktor Oll\u00e9 (Crappy Tuesdays) i BeGun (un referent de l\u2019electr\u00f2nica \u201cmade in Barcelona\u201d) s\u2019encarregaran d\u2019amenitzar [&hellip;]<\/p>\n","protected":false},"author":1,"featured_media":0,"parent":0,"menu_order":0,"comment_status":"closed","ping_status":"closed","template":"","meta":{"_et_pb_use_builder":"on","_et_pb_old_content":"","_et_gb_content_width":"","footnotes":""},"class_list":["post-1852","page","type-page","status-publish","hentry"],"yoast_head":"<!-- This site is optimized with the Yoast SEO plugin v27.2 - https:\/\/yoast.com\/product\/yoast-seo-wordpress\/ -->\n<title>Sunset Party - Extreme Barcelona<\/title>\n<meta name=\"robots\" content=\"index, follow, max-snippet:-1, max-image-preview:large, max-video-preview:-1\" \/>\n<link rel=\"canonical\" href=\"https:\/\/extremebarcelona.com\/ca\/sunset-party\/\" \/>\n<meta property=\"og:locale\" content=\"ca_ES\" \/>\n<meta property=\"og:type\" content=\"article\" \/>\n<meta property=\"og:title\" content=\"Sunset Party - Extreme Barcelona\" \/>\n<meta property=\"og:description\" content=\"SUNSET EXTREME PARTY ImaginExtreme Barcelona i Desperados presenten \u201cSunset Extreme Party\u201d, la combinaci\u00f3 perfecta entre m\u00fasica electr\u00f2nica de qualitat i el millor show d\u2019action sports de la ciutat. Et proposem un pla perfecte pel diumenge 19 de juny. Els Djs Viktor Oll\u00e9 (Crappy Tuesdays) i BeGun (un referent de l\u2019electr\u00f2nica \u201cmade in Barcelona\u201d) s\u2019encarregaran d\u2019amenitzar [&hellip;]\" \/>\n<meta property=\"og:url\" content=\"https:\/\/extremebarcelona.com\/ca\/sunset-party\/\" \/>\n<meta property=\"og:site_name\" content=\"Extreme Barcelona\" \/>\n<meta property=\"article:modified_time\" content=\"2016-06-07T17:02:24+00:00\" \/>\n<meta name=\"twitter:card\" content=\"summary_large_image\" \/>\n<meta name=\"twitter:label1\" content=\"Temps estimat de lectura\" \/>\n\t<meta name=\"twitter:data1\" content=\"5 minuts\" \/>\n<script type=\"application\/ld+json\" class=\"yoast-schema-graph\">{\"@context\":\"https:\/\/schema.org\",\"@graph\":[{\"@type\":\"WebPage\",\"@id\":\"https:\/\/extremebarcelona.com\/ca\/sunset-party\/\",\"url\":\"https:\/\/extremebarcelona.com\/ca\/sunset-party\/\",\"name\":\"Sunset Party - Extreme Barcelona\",\"isPartOf\":{\"@id\":\"https:\/\/extremebarcelona.com\/#website\"},\"datePublished\":\"2016-06-07T10:02:08+00:00\",\"dateModified\":\"2016-06-07T17:02:24+00:00\",\"breadcrumb\":{\"@id\":\"https:\/\/extremebarcelona.com\/ca\/sunset-party\/#breadcrumb\"},\"inLanguage\":\"ca\",\"potentialAction\":[{\"@type\":\"ReadAction\",\"target\":[\"https:\/\/extremebarcelona.com\/ca\/sunset-party\/\"]}]},{\"@type\":\"BreadcrumbList\",\"@id\":\"https:\/\/extremebarcelona.com\/ca\/sunset-party\/#breadcrumb\",\"itemListElement\":[{\"@type\":\"ListItem\",\"position\":1,\"name\":\"Portada\",\"item\":\"https:\/\/extremebarcelona.com\/\"},{\"@type\":\"ListItem\",\"position\":2,\"name\":\"Sunset Party\"}]},{\"@type\":\"WebSite\",\"@id\":\"https:\/\/extremebarcelona.com\/#website\",\"url\":\"https:\/\/extremebarcelona.com\/\",\"name\":\"Extreme Barcelona\",\"description\":\"Otro sitio realizado con WordPress\",\"publisher\":{\"@id\":\"https:\/\/extremebarcelona.com\/#organization\"},\"potentialAction\":[{\"@type\":\"SearchAction\",\"target\":{\"@type\":\"EntryPoint\",\"urlTemplate\":\"https:\/\/extremebarcelona.com\/?s={search_term_string}\"},\"query-input\":{\"@type\":\"PropertyValueSpecification\",\"valueRequired\":true,\"valueName\":\"search_term_string\"}}],\"inLanguage\":\"ca\"},{\"@type\":\"Organization\",\"@id\":\"https:\/\/extremebarcelona.com\/#organization\",\"name\":\"Extreme Barcelona\",\"url\":\"https:\/\/extremebarcelona.com\/\",\"logo\":{\"@type\":\"ImageObject\",\"inLanguage\":\"ca\",\"@id\":\"https:\/\/extremebarcelona.com\/#\/schema\/logo\/image\/\",\"url\":\"https:\/\/extremebarcelona.com\/wp-content\/uploads\/2021\/04\/Logo-Extreme-2021.png\",\"contentUrl\":\"https:\/\/extremebarcelona.com\/wp-content\/uploads\/2021\/04\/Logo-Extreme-2021.png\",\"width\":500,\"height\":500,\"caption\":\"Extreme Barcelona\"},\"image\":{\"@id\":\"https:\/\/extremebarcelona.com\/#\/schema\/logo\/image\/\"}}]}<\/script>\n<!-- \/ Yoast SEO plugin. -->","yoast_head_json":{"title":"Sunset Party - Extreme Barcelona","robots":{"index":"index","follow":"follow","max-snippet":"max-snippet:-1","max-image-preview":"max-image-preview:large","max-video-preview":"max-video-preview:-1"},"canonical":"https:\/\/extremebarcelona.com\/ca\/sunset-party\/","og_locale":"ca_ES","og_type":"article","og_title":"Sunset Party - Extreme Barcelona","og_description":"SUNSET EXTREME PARTY ImaginExtreme Barcelona i Desperados presenten \u201cSunset Extreme Party\u201d, la combinaci\u00f3 perfecta entre m\u00fasica electr\u00f2nica de qualitat i el millor show d\u2019action sports de la ciutat. Et proposem un pla perfecte pel diumenge 19 de juny. Els Djs Viktor Oll\u00e9 (Crappy Tuesdays) i BeGun (un referent de l\u2019electr\u00f2nica \u201cmade in Barcelona\u201d) s\u2019encarregaran d\u2019amenitzar [&hellip;]","og_url":"https:\/\/extremebarcelona.com\/ca\/sunset-party\/","og_site_name":"Extreme Barcelona","article_modified_time":"2016-06-07T17:02:24+00:00","twitter_card":"summary_large_image","twitter_misc":{"Temps estimat de lectura":"5 minuts"},"schema":{"@context":"https:\/\/schema.org","@graph":[{"@type":"WebPage","@id":"https:\/\/extremebarcelona.com\/ca\/sunset-party\/","url":"https:\/\/extremebarcelona.com\/ca\/sunset-party\/","name":"Sunset Party - Extreme Barcelona","isPartOf":{"@id":"https:\/\/extremebarcelona.com\/#website"},"datePublished":"2016-06-07T10:02:08+00:00","dateModified":"2016-06-07T17:02:24+00:00","breadcrumb":{"@id":"https:\/\/extremebarcelona.com\/ca\/sunset-party\/#breadcrumb"},"inLanguage":"ca","potentialAction":[{"@type":"ReadAction","target":["https:\/\/extremebarcelona.com\/ca\/sunset-party\/"]}]},{"@type":"BreadcrumbList","@id":"https:\/\/extremebarcelona.com\/ca\/sunset-party\/#breadcrumb","itemListElement":[{"@type":"ListItem","position":1,"name":"Portada","item":"https:\/\/extremebarcelona.com\/"},{"@type":"ListItem","position":2,"name":"Sunset Party"}]},{"@type":"WebSite","@id":"https:\/\/extremebarcelona.com\/#website","url":"https:\/\/extremebarcelona.com\/","name":"Extreme Barcelona","description":"Otro sitio realizado con WordPress","publisher":{"@id":"https:\/\/extremebarcelona.com\/#organization"},"potentialAction":[{"@type":"SearchAction","target":{"@type":"EntryPoint","urlTemplate":"https:\/\/extremebarcelona.com\/?s={search_term_string}"},"query-input":{"@type":"PropertyValueSpecification","valueRequired":true,"valueName":"search_term_string"}}],"inLanguage":"ca"},{"@type":"Organization","@id":"https:\/\/extremebarcelona.com\/#organization","name":"Extreme Barcelona","url":"https:\/\/extremebarcelona.com\/","logo":{"@type":"ImageObject","inLanguage":"ca","@id":"https:\/\/extremebarcelona.com\/#\/schema\/logo\/image\/","url":"https:\/\/extremebarcelona.com\/wp-content\/uploads\/2021\/04\/Logo-Extreme-2021.png","contentUrl":"https:\/\/extremebarcelona.com\/wp-content\/uploads\/2021\/04\/Logo-Extreme-2021.png","width":500,"height":500,"caption":"Extreme Barcelona"},"image":{"@id":"https:\/\/extremebarcelona.com\/#\/schema\/logo\/image\/"}}]}},"_links":{"self":[{"href":"https:\/\/extremebarcelona.com\/ca\/wp-json\/wp\/v2\/pages\/1852","targetHints":{"allow":["GET"]}}],"collection":[{"href":"https:\/\/extremebarcelona.com\/ca\/wp-json\/wp\/v2\/pages"}],"about":[{"href":"https:\/\/extremebarcelona.com\/ca\/wp-json\/wp\/v2\/types\/page"}],"author":[{"embeddable":true,"href":"https:\/\/extremebarcelona.com\/ca\/wp-json\/wp\/v2\/users\/1"}],"replies":[{"embeddable":true,"href":"https:\/\/extremebarcelona.com\/ca\/wp-json\/wp\/v2\/comments?post=1852"}],"version-history":[{"count":2,"href":"https:\/\/extremebarcelona.com\/ca\/wp-json\/wp\/v2\/pages\/1852\/revisions"}],"predecessor-version":[{"id":1854,"href":"https:\/\/extremebarcelona.com\/ca\/wp-json\/wp\/v2\/pages\/1852\/revisions\/1854"}],"wp:attachment":[{"href":"https:\/\/extremebarcelona.com\/ca\/wp-json\/wp\/v2\/media?parent=1852"}],"curies":[{"name":"wp","href":"https:\/\/api.w.org\/{rel}","templated":true}]}}