{"id":11268,"date":"2021-08-09T10:07:28","date_gmt":"2021-08-09T08:07:28","guid":{"rendered":"https:\/\/extremebarcelona.com\/politicas-de-privacidad\/"},"modified":"2021-08-09T10:40:34","modified_gmt":"2021-08-09T08:40:34","slug":"politiques-de-privacitat","status":"publish","type":"page","link":"https:\/\/extremebarcelona.com\/ca\/politiques-de-privacitat\/","title":{"rendered":"Pol\u00edtiques de privacitat"},"content":{"rendered":"<p>[et_pb_section fb_built=&#8221;1&#8243; _builder_version=&#8221;3.22&#8243;][et_pb_row _builder_version=&#8221;3.25&#8243; background_size=&#8221;initial&#8221; background_position=&#8221;top_left&#8221; background_repeat=&#8221;repeat&#8221;][et_pb_column type=&#8221;4_4&#8243; _builder_version=&#8221;3.25&#8243; custom_padding=&#8221;|||&#8221; custom_padding__hover=&#8221;|||&#8221;][et_pb_text _builder_version=&#8221;4.9.10&#8243; _module_preset=&#8221;default&#8221; text_font=&#8221;Montserrat|800|||||||&#8221; text_text_color=&#8221;#000000&#8243; text_font_size=&#8221;50px&#8221; header_font=&#8221;Montserrat|100|||||||&#8221; header_font_size=&#8221;50px&#8221; header_2_font=&#8221;Montserrat|800|||||||&#8221; header_2_font_size=&#8221;50px&#8221; min_height=&#8221;62.7px&#8221; custom_margin=&#8221;0px||-2px|||&#8221; custom_padding=&#8221;0px||38px|||&#8221; hover_enabled=&#8221;0&#8243; header_font_size_tablet=&#8221;&#8221; header_font_size_phone=&#8221;&#8221; header_font_size_last_edited=&#8221;on|phone&#8221; inline_fonts=&#8221;Montserrat&#8221; sticky_enabled=&#8221;0&#8243;]<\/p>\n<h1><strong><span style=\"font-family: Montserrat;\">Pol\u00edtiques de privacitat<\/span><\/strong><\/h1>\n<p>[\/et_pb_text][et_pb_text _builder_version=&#8221;4.9.10&#8243; background_size=&#8221;initial&#8221; background_position=&#8221;top_left&#8221; background_repeat=&#8221;repeat&#8221; hover_enabled=&#8221;0&#8243; sticky_enabled=&#8221;0&#8243;]<\/p>\n<p><strong>1. Qui \u00e9s el responsable de l&#8217;tractament de les teves dades personals?<br \/><\/strong><\/p>\n<p>En compliment amb el Reglament (UE) 2016\/679 de el Parlament Europeu i de Consell de el 27 d&#8217;abril 2016 relatiu a la protecci\u00f3 de les persones f\u00edsiques en qu\u00e8 es refereix a el tractament de dades personals ia la lliure circulaci\u00f3 d&#8217;aquestes dades (en endavant, &#8220;RGPD&#8221;), informem que el responsable de l&#8217;tractament de les seves dades el Grup SevenMila, compost per les empreses: Seven M\u00e0rqueting on Sports &amp; Leisure SL amb CIF n\u00ba B58985391; Seven &amp; Mila Events S.L amb C.I.F. n\u00ba B66340696; Seven M\u00e0rqueting on Sports &amp; Leisure S.L. Zeta Gesti\u00f3 de Mitjans S.A.U. Agrupaci\u00f3 Atl\u00e8tica Catalunya U.T.E. amb C.I.F. n\u00ba U66795634; KIY GAMES S.L. amb C.I.F. n\u00ba B65985392; KDC ERacing S.L. amb C.I.F. n\u00ba B67170258; totes elles amb domicili social a Av. Cornell\u00e0 142, 8-3, 08950 Esplugues de Llobregat. Correu electr\u00f2nic: info@sevenmila.com<\/p>\n<p><strong>2. Amb quina finalitat continuarem tractant les teves dades personals?<\/strong><\/p>\n<p>El Grup SevenMila tractar\u00e0 les seves dades personals amb les finalitats seg\u00fcents:<br \/>(I) Envia continguts informatius del seu inter\u00e8s, inclosa la promoci\u00f3 d&#8217;esdeveniments organitzats pel Grup SevenMila. Per a m\u00e9s informaci\u00f3 sobre els esdeveniments poden visitar la nostra p\u00e0gina web.<br \/>(Ii) I en cas que existeixi, mantenir la relaci\u00f3 comercial. Amb aquesta finalitat, la base legal de l&#8217;tractament de les seves dades ser\u00e0 mitjan\u00e7ant l&#8217;execuci\u00f3 d&#8217;un contracte de prestaci\u00f3 dels serveis corresponents.<\/p>\n<p><strong>3. Quant de temps conservarem les teves dades personals?<\/strong><\/p>\n<p>El Grup SevenMila conservar\u00e0 durant el termini de sis (6) anys de conformitat amb la normativa comptable vigent i, si escau, durant deu (10) segons la normativa de prevenci\u00f3 de blanqueig de capitals.<\/p>\n<p><strong>4. Quina \u00e9s la legitimaci\u00f3 per al tractament de les seves dades personals?<\/strong><\/p>\n<p>La base legal per al tractament de dades \u00e9s el consentiment expr\u00e9s de l&#8217;usuari.<\/p>\n<p><strong>5. A qu\u00e8 destinataris es comunicaran les seves dades personals?<\/strong><\/p>\n<p>Les dades \u00fanicament podran comunicar-se a entitats vinculades a el Grup SevenMila per a les mateixes finalitats referides anteriorment.<\/p>\n<p><strong>6. Quins s\u00f3n els seus drets en relaci\u00f3 amb les seves dades personals?<\/strong><\/p>\n<p>Pots accedir a les teves dades personals, aix\u00ed com sol\u00b7licitar la rectificaci\u00f3 de les dades inexactes o, si escau, sol\u00b7licitar la cancel\u00b7laci\u00f3 o supressi\u00f3 quan les dades ja no siguin necess\u00e0ries per als fins que van ser recollides. Tamb\u00e9 podr\u00e0s sol\u00b7licitar la limitaci\u00f3, portabilitat i oposici\u00f3 de el tractament de les teves dades, en determinades circumst\u00e0ncies i per motius relacionats amb la teva situaci\u00f3 particular.<\/p>\n<p>Podr\u00e0s revocar el consentiment a l&#8217;enviament de comunicacions comercials i exercir els drets referits anteriorment, mitjan\u00e7ant l&#8217;enviament d&#8217;un correu electr\u00f2nic a info@sevenmila.com.<\/p>\n<p>Si no obtens una resposta satisfact\u00f2ria i desitges formular una reclamaci\u00f3 o obtenir m\u00e9s informaci\u00f3 a l&#8217;respecte de qualsevol d&#8217;aquests drets, pots dirigir-te a l&#8217;Ag\u00e8ncia Espanyola de Protecci\u00f3 de Dades (www.agpd.es).<\/p>\n<p>[\/et_pb_text][\/et_pb_column][\/et_pb_row][\/et_pb_section]<\/p>\n","protected":false},"excerpt":{"rendered":"<p>Pol\u00edtiques de privacitat1. Qui \u00e9s el responsable de l&#8217;tractament de les teves dades personals? En compliment amb el Reglament (UE) 2016\/679 de el Parlament Europeu i de Consell de el 27 d&#8217;abril 2016 relatiu a la protecci\u00f3 de les persones f\u00edsiques en qu\u00e8 es refereix a el tractament de dades personals ia la lliure circulaci\u00f3 [&hellip;]<\/p>\n","protected":false},"author":8,"featured_media":0,"parent":0,"menu_order":0,"comment_status":"closed","ping_status":"closed","template":"","meta":{"_et_pb_use_builder":"on","_et_pb_old_content":"<p><strong>1. \u00bfQui\u00e9n es el responsable del tratamiento de tus datos personales?<\/strong><\/p><p>En cumplimiento con el Reglamento (UE) 2016\/679 del Parlamento Europeo y del Consejo del 27 de abril 2016 relativo a la protecci\u00f3n de las personas f\u00edsicas en que se refiere al tratamiento de datos personales y a la libre circulaci\u00f3n de estos datos (en adelante, \"RGPD\"), informamos que el responsable del tratamiento de sus datos el Grupo SevenMila, compuesto por las empresas: Seven Marketing on Sports & Leisure SL con C.I.F. n\u00ba B58985391; Seven & Mila Events S.L con C.I.F. n\u00ba B66340696; Seven Marketing on Sports & Leisure S.L. Zeta Gesti\u00f3n de Medios S.A.U. Agrupaci\u00f3n Atl\u00e9tica Catalu\u00f1a U.T.E. con C.I.F. n\u00ba U66795634; KIY GAMES S.L. con C.I.F. n\u00ba B65985392; KDC ERacing S.L. con C.I.F. n\u00ba B67170258; todas ellas con domicilio social en Av. Cornell\u00e0 142, 8-3, 08950 Esplugues de Llobregat. Correo electr\u00f3nico: info@sevenmila.com<\/p><p><strong>2. \u00bfCon qu\u00e9 finalidad continuaremos tratando tus datos personales?<\/strong><\/p><p>El Grupo SevenMila tratar\u00e1 sus datos personales con las siguientes finalidades:<br \/>(I) Enviarle contenidos informativos de su inter\u00e9s, incluida la promoci\u00f3n de eventos organizados por el Grupo SevenMila. Para m\u00e1s informaci\u00f3n sobre los eventos pueden visitar nuestra p\u00e1gina web.<br \/>(Ii) Y en caso de que exista, mantener la relaci\u00f3n comercial. Para este fin, la base legal del tratamiento de sus datos ser\u00e1 mediante la ejecuci\u00f3n de un contrato de prestaci\u00f3n de los servicios correspondientes.<\/p><p><strong>3. \u00bfCu\u00e1nto tiempo conservaremos tus datos personales?<\/strong><\/p><p>El Grupo SevenMila conservar\u00e1 durante el plazo de seis (6) a\u00f1os de conformidad con la normativa contable vigente y, en su caso, durante diez (10) seg\u00fan la normativa de prevenci\u00f3n de blanqueo de capitales.<\/p><p><strong>4. \u00bfCu\u00e1l es la legitimaci\u00f3n para el tratamiento de sus datos personales?<\/strong><\/p><p>La base legal para el tratamiento de datos es el consentimiento expreso del usuario.<\/p><p><strong>5. \u00bfA qu\u00e9 destinatarios se comunicar\u00e1n sus datos personales?<\/strong><\/p><p>Los datos \u00fanicamente podr\u00e1n comunicarse a entidades vinculadas al Grupo SevenMila para las mismas finalidades referidas anteriormente.<\/p><p><strong>6. \u00bfCu\u00e1les son sus derechos en relaci\u00f3n con sus datos personales?<\/strong><\/p><p>Puedes acceder a tus datos personales, as\u00ed como solicitar la rectificaci\u00f3n de los datos inexactos o, en su caso, solicitar la cancelaci\u00f3n o supresi\u00f3n cuando los datos ya no sean necesarias para los fines que fueron recogidas. Tambi\u00e9n podr\u00e1s solicitar la limitaci\u00f3n, portabilidad y oposici\u00f3n del tratamiento de tus datos, en determinadas circunstancias y por motivos relacionados con tu situaci\u00f3n particular.<\/p><p>Podr\u00e1s revocar el consentimiento al env\u00edo de comunicaciones comerciales y ejercer los derechos referidos anteriormente, mediante el env\u00edo de un correo electr\u00f3nico a info@sevenmila.com.<\/p><p>Si no obtienes una respuesta satisfactoria y deseas formular una reclamaci\u00f3n u obtener m\u00e1s informaci\u00f3n al respecto de cualquiera de estos derechos, puedes dirigirte a la Agencia Espa\u00f1ola de Protecci\u00f3n de Datos (www.agpd.es).<\/p>","_et_gb_content_width":"","footnotes":""},"class_list":["post-11268","page","type-page","status-publish","hentry"],"yoast_head":"<!-- This site is optimized with the Yoast SEO plugin v27.2 - https:\/\/yoast.com\/product\/yoast-seo-wordpress\/ -->\n<title>Pol\u00edtiques de privacitat - Extreme Barcelona<\/title>\n<meta name=\"robots\" content=\"index, follow, max-snippet:-1, max-image-preview:large, max-video-preview:-1\" \/>\n<link rel=\"canonical\" href=\"https:\/\/extremebarcelona.com\/ca\/politiques-de-privacitat\/\" \/>\n<meta property=\"og:locale\" content=\"ca_ES\" \/>\n<meta property=\"og:type\" content=\"article\" \/>\n<meta property=\"og:title\" content=\"Pol\u00edtiques de privacitat - Extreme Barcelona\" \/>\n<meta property=\"og:description\" content=\"Pol\u00edtiques de privacitat1. Qui \u00e9s el responsable de l&#039;tractament de les teves dades personals? En compliment amb el Reglament (UE) 2016\/679 de el Parlament Europeu i de Consell de el 27 d&#039;abril 2016 relatiu a la protecci\u00f3 de les persones f\u00edsiques en qu\u00e8 es refereix a el tractament de dades personals ia la lliure circulaci\u00f3 [&hellip;]\" \/>\n<meta property=\"og:url\" content=\"https:\/\/extremebarcelona.com\/ca\/politiques-de-privacitat\/\" \/>\n<meta property=\"og:site_name\" content=\"Extreme Barcelona\" \/>\n<meta property=\"article:modified_time\" content=\"2021-08-09T08:40:34+00:00\" \/>\n<meta name=\"twitter:card\" content=\"summary_large_image\" \/>\n<meta name=\"twitter:label1\" content=\"Temps estimat de lectura\" \/>\n\t<meta name=\"twitter:data1\" content=\"3 minuts\" \/>\n<script type=\"application\/ld+json\" class=\"yoast-schema-graph\">{\"@context\":\"https:\/\/schema.org\",\"@graph\":[{\"@type\":\"WebPage\",\"@id\":\"https:\/\/extremebarcelona.com\/ca\/politiques-de-privacitat\/\",\"url\":\"https:\/\/extremebarcelona.com\/ca\/politiques-de-privacitat\/\",\"name\":\"Pol\u00edtiques de privacitat - Extreme Barcelona\",\"isPartOf\":{\"@id\":\"https:\/\/extremebarcelona.com\/#website\"},\"datePublished\":\"2021-08-09T08:07:28+00:00\",\"dateModified\":\"2021-08-09T08:40:34+00:00\",\"breadcrumb\":{\"@id\":\"https:\/\/extremebarcelona.com\/ca\/politiques-de-privacitat\/#breadcrumb\"},\"inLanguage\":\"ca\",\"potentialAction\":[{\"@type\":\"ReadAction\",\"target\":[\"https:\/\/extremebarcelona.com\/ca\/politiques-de-privacitat\/\"]}]},{\"@type\":\"BreadcrumbList\",\"@id\":\"https:\/\/extremebarcelona.com\/ca\/politiques-de-privacitat\/#breadcrumb\",\"itemListElement\":[{\"@type\":\"ListItem\",\"position\":1,\"name\":\"Portada\",\"item\":\"https:\/\/extremebarcelona.com\/\"},{\"@type\":\"ListItem\",\"position\":2,\"name\":\"Pol\u00edtiques de privacitat\"}]},{\"@type\":\"WebSite\",\"@id\":\"https:\/\/extremebarcelona.com\/#website\",\"url\":\"https:\/\/extremebarcelona.com\/\",\"name\":\"Extreme Barcelona\",\"description\":\"Otro sitio realizado con WordPress\",\"publisher\":{\"@id\":\"https:\/\/extremebarcelona.com\/#organization\"},\"potentialAction\":[{\"@type\":\"SearchAction\",\"target\":{\"@type\":\"EntryPoint\",\"urlTemplate\":\"https:\/\/extremebarcelona.com\/?s={search_term_string}\"},\"query-input\":{\"@type\":\"PropertyValueSpecification\",\"valueRequired\":true,\"valueName\":\"search_term_string\"}}],\"inLanguage\":\"ca\"},{\"@type\":\"Organization\",\"@id\":\"https:\/\/extremebarcelona.com\/#organization\",\"name\":\"Extreme Barcelona\",\"url\":\"https:\/\/extremebarcelona.com\/\",\"logo\":{\"@type\":\"ImageObject\",\"inLanguage\":\"ca\",\"@id\":\"https:\/\/extremebarcelona.com\/#\/schema\/logo\/image\/\",\"url\":\"https:\/\/extremebarcelona.com\/wp-content\/uploads\/2021\/04\/Logo-Extreme-2021.png\",\"contentUrl\":\"https:\/\/extremebarcelona.com\/wp-content\/uploads\/2021\/04\/Logo-Extreme-2021.png\",\"width\":500,\"height\":500,\"caption\":\"Extreme Barcelona\"},\"image\":{\"@id\":\"https:\/\/extremebarcelona.com\/#\/schema\/logo\/image\/\"}}]}<\/script>\n<!-- \/ Yoast SEO plugin. -->","yoast_head_json":{"title":"Pol\u00edtiques de privacitat - Extreme Barcelona","robots":{"index":"index","follow":"follow","max-snippet":"max-snippet:-1","max-image-preview":"max-image-preview:large","max-video-preview":"max-video-preview:-1"},"canonical":"https:\/\/extremebarcelona.com\/ca\/politiques-de-privacitat\/","og_locale":"ca_ES","og_type":"article","og_title":"Pol\u00edtiques de privacitat - Extreme Barcelona","og_description":"Pol\u00edtiques de privacitat1. Qui \u00e9s el responsable de l'tractament de les teves dades personals? En compliment amb el Reglament (UE) 2016\/679 de el Parlament Europeu i de Consell de el 27 d'abril 2016 relatiu a la protecci\u00f3 de les persones f\u00edsiques en qu\u00e8 es refereix a el tractament de dades personals ia la lliure circulaci\u00f3 [&hellip;]","og_url":"https:\/\/extremebarcelona.com\/ca\/politiques-de-privacitat\/","og_site_name":"Extreme Barcelona","article_modified_time":"2021-08-09T08:40:34+00:00","twitter_card":"summary_large_image","twitter_misc":{"Temps estimat de lectura":"3 minuts"},"schema":{"@context":"https:\/\/schema.org","@graph":[{"@type":"WebPage","@id":"https:\/\/extremebarcelona.com\/ca\/politiques-de-privacitat\/","url":"https:\/\/extremebarcelona.com\/ca\/politiques-de-privacitat\/","name":"Pol\u00edtiques de privacitat - Extreme Barcelona","isPartOf":{"@id":"https:\/\/extremebarcelona.com\/#website"},"datePublished":"2021-08-09T08:07:28+00:00","dateModified":"2021-08-09T08:40:34+00:00","breadcrumb":{"@id":"https:\/\/extremebarcelona.com\/ca\/politiques-de-privacitat\/#breadcrumb"},"inLanguage":"ca","potentialAction":[{"@type":"ReadAction","target":["https:\/\/extremebarcelona.com\/ca\/politiques-de-privacitat\/"]}]},{"@type":"BreadcrumbList","@id":"https:\/\/extremebarcelona.com\/ca\/politiques-de-privacitat\/#breadcrumb","itemListElement":[{"@type":"ListItem","position":1,"name":"Portada","item":"https:\/\/extremebarcelona.com\/"},{"@type":"ListItem","position":2,"name":"Pol\u00edtiques de privacitat"}]},{"@type":"WebSite","@id":"https:\/\/extremebarcelona.com\/#website","url":"https:\/\/extremebarcelona.com\/","name":"Extreme Barcelona","description":"Otro sitio realizado con WordPress","publisher":{"@id":"https:\/\/extremebarcelona.com\/#organization"},"potentialAction":[{"@type":"SearchAction","target":{"@type":"EntryPoint","urlTemplate":"https:\/\/extremebarcelona.com\/?s={search_term_string}"},"query-input":{"@type":"PropertyValueSpecification","valueRequired":true,"valueName":"search_term_string"}}],"inLanguage":"ca"},{"@type":"Organization","@id":"https:\/\/extremebarcelona.com\/#organization","name":"Extreme Barcelona","url":"https:\/\/extremebarcelona.com\/","logo":{"@type":"ImageObject","inLanguage":"ca","@id":"https:\/\/extremebarcelona.com\/#\/schema\/logo\/image\/","url":"https:\/\/extremebarcelona.com\/wp-content\/uploads\/2021\/04\/Logo-Extreme-2021.png","contentUrl":"https:\/\/extremebarcelona.com\/wp-content\/uploads\/2021\/04\/Logo-Extreme-2021.png","width":500,"height":500,"caption":"Extreme Barcelona"},"image":{"@id":"https:\/\/extremebarcelona.com\/#\/schema\/logo\/image\/"}}]}},"_links":{"self":[{"href":"https:\/\/extremebarcelona.com\/ca\/wp-json\/wp\/v2\/pages\/11268","targetHints":{"allow":["GET"]}}],"collection":[{"href":"https:\/\/extremebarcelona.com\/ca\/wp-json\/wp\/v2\/pages"}],"about":[{"href":"https:\/\/extremebarcelona.com\/ca\/wp-json\/wp\/v2\/types\/page"}],"author":[{"embeddable":true,"href":"https:\/\/extremebarcelona.com\/ca\/wp-json\/wp\/v2\/users\/8"}],"replies":[{"embeddable":true,"href":"https:\/\/extremebarcelona.com\/ca\/wp-json\/wp\/v2\/comments?post=11268"}],"version-history":[{"count":3,"href":"https:\/\/extremebarcelona.com\/ca\/wp-json\/wp\/v2\/pages\/11268\/revisions"}],"predecessor-version":[{"id":11274,"href":"https:\/\/extremebarcelona.com\/ca\/wp-json\/wp\/v2\/pages\/11268\/revisions\/11274"}],"wp:attachment":[{"href":"https:\/\/extremebarcelona.com\/ca\/wp-json\/wp\/v2\/media?parent=11268"}],"curies":[{"name":"wp","href":"https:\/\/api.w.org\/{rel}","templated":true}]}}