{"id":10410,"date":"2021-07-13T10:49:58","date_gmt":"2021-07-13T08:49:58","guid":{"rendered":"https:\/\/extremebarcelona.com\/culture\/enjoy\/"},"modified":"2025-08-13T17:29:37","modified_gmt":"2025-08-13T15:29:37","slug":"enjoy","status":"publish","type":"page","link":"https:\/\/extremebarcelona.com\/ca\/culture\/enjoy\/","title":{"rendered":"ENJOY"},"content":{"rendered":"<p>[et_pb_section fb_built=&#8221;1&#8243; inner_shadow=&#8221;on&#8221; custom_padding_last_edited=&#8221;on|phone&#8221; disabled_on=&#8221;off|off|off&#8221; _builder_version=&#8221;4.21.0&#8243; _module_preset=&#8221;default&#8221; background_image=&#8221;https:\/\/extremebarcelona.com\/wp-content\/uploads\/2023\/04\/background-extreme-barcelona-web.jpg&#8221; custom_padding=&#8221;||88px|||&#8221; custom_padding_tablet=&#8221;||88px|||&#8221; custom_padding_phone=&#8221;|20px|88px|20px|false|false&#8221; global_colors_info=&#8221;{}&#8221;][et_pb_row _builder_version=&#8221;4.16&#8243; _module_preset=&#8221;default&#8221; custom_padding=&#8221;||4px|||&#8221; locked=&#8221;off&#8221; global_colors_info=&#8221;{}&#8221;][et_pb_column type=&#8221;4_4&#8243; _builder_version=&#8221;4.16&#8243; _module_preset=&#8221;default&#8221; global_colors_info=&#8221;{}&#8221;][et_pb_text _builder_version=&#8221;4.18.0&#8243; _module_preset=&#8221;default&#8221; text_font=&#8221;Montserrat|800|||||||&#8221; text_text_color=&#8221;#000000&#8243; text_font_size=&#8221;46px&#8221; header_font=&#8221;Montserrat|100|||||||&#8221; header_text_color=&#8221;#000000&#8243; header_font_size=&#8221;50px&#8221; header_2_font=&#8221;Montserrat|800|||||||&#8221; header_2_font_size=&#8221;50px&#8221; background_enable_image=&#8221;off&#8221; background_size=&#8221;contain&#8221; background_position=&#8221;center_left&#8221; background_layout=&#8221;dark&#8221; width=&#8221;40%&#8221; custom_margin=&#8221;0px||||false|false&#8221; custom_padding=&#8221;23px||19px|78px|false|false&#8221; header_font_size_tablet=&#8221;&#8221; header_font_size_phone=&#8221;&#8221; header_font_size_last_edited=&#8221;on|phone&#8221; inline_fonts=&#8221;Montserrat,rafigen-slant&#8221; global_colors_info=&#8221;{}&#8221;]<\/p>\n<h2><span style=\"font-size: 70px; font-family: rafigen-slant; font-weight: normal; color: #000000;\">ENJOY<\/span><\/h2>\n<p>[\/et_pb_text][et_pb_text _builder_version=&#8221;4.27.4&#8243; _module_preset=&#8221;default&#8221; header_4_text_color=&#8221;#ff5100&#8243; custom_margin=&#8221;||-1px|||&#8221; custom_padding=&#8221;||12px|||&#8221; hover_enabled=&#8221;0&#8243; inline_fonts=&#8221;Montserrat&#8221; global_colors_info=&#8221;{}&#8221; sticky_enabled=&#8221;0&#8243;]<\/p>\n<p style=\"text-align: justify;\">A l&#8217;Extreme Barcelona tu tamb\u00e9 ets el protagonista. Veure els millors atletes en les seves disciplines esportives despertar\u00e0 l&#8217;inter\u00e8s de m\u00e9s d&#8217;un, per aix\u00f2 l&#8217;Extreme Barcelona comptar\u00e0 amb diverses zones obertes al p\u00fablic: l&#8217;esplanada de columnes del Parc del F\u00f2rum es convertir\u00e0 en un punt de trobada amb tres open parks, zona de pr\u00e0ctica de skate i scooter, pump tracks i miniramps. A m\u00e9s, hi haur\u00e0 tallers d&#8217;art urb\u00e0, competici\u00f3 i tallers de breaking -amb el campionat de Catalunya de breaking com a esdeveniment principal en aquest espai- i tamb\u00e9 l&#8217;oportunitat que els assistents gaudeixin dels llits el\u00e0stics del freestyle trampoline i d&#8217;una zona wipe out.<\/p>\n<p style=\"text-align: justify;\">[\/et_pb_text][et_pb_gallery gallery_ids=&#8221;18315,18318,18321,18324,18327,18330,18333,18336,18339,18342&#8243; fullwidth=&#8221;on&#8221; _builder_version=&#8221;4.21.0&#8243; _module_preset=&#8221;default&#8221; max_width=&#8221;80%&#8221; module_alignment=&#8221;center&#8221; locked=&#8221;off&#8221; global_colors_info=&#8221;{}&#8221;][\/et_pb_gallery][\/et_pb_column][\/et_pb_row][\/et_pb_section]<\/p>\n","protected":false},"excerpt":{"rendered":"<p>ENJOYA l&#8217;Extreme Barcelona tu tamb\u00e9 ets el protagonista. Veure els millors atletes en les seves disciplines esportives despertar\u00e0 l&#8217;inter\u00e8s de m\u00e9s d&#8217;un, per aix\u00f2 l&#8217;Extreme Barcelona comptar\u00e0 amb diverses zones obertes al p\u00fablic: l&#8217;esplanada de columnes del Parc del F\u00f2rum es convertir\u00e0 en un punt de trobada amb tres open parks, zona de pr\u00e0ctica de [&hellip;]<\/p>\n","protected":false},"author":8,"featured_media":0,"parent":9632,"menu_order":0,"comment_status":"closed","ping_status":"closed","template":"","meta":{"_et_pb_use_builder":"on","_et_pb_old_content":"","_et_gb_content_width":"","footnotes":""},"class_list":["post-10410","page","type-page","status-publish","hentry"],"yoast_head":"<!-- This site is optimized with the Yoast SEO plugin v27.2 - https:\/\/yoast.com\/product\/yoast-seo-wordpress\/ -->\n<title>Enjoy | Culture Extreme Barcelona | 1315 de setembre<\/title>\n<meta name=\"description\" content=\"Un nuevo concepto, una nueva experiencia, una divertida forma de disfrutar del Extreme Barcelona.\" \/>\n<meta name=\"robots\" content=\"index, follow, max-snippet:-1, max-image-preview:large, max-video-preview:-1\" \/>\n<link rel=\"canonical\" href=\"https:\/\/extremebarcelona.com\/ca\/culture\/enjoy\/\" \/>\n<meta property=\"og:locale\" content=\"ca_ES\" \/>\n<meta property=\"og:type\" content=\"article\" \/>\n<meta property=\"og:title\" content=\"Enjoy | Culture Extreme Barcelona | 1315 de setembre\" \/>\n<meta property=\"og:description\" content=\"Un nuevo concepto, una nueva experiencia, una divertida forma de disfrutar del Extreme Barcelona.\" \/>\n<meta property=\"og:url\" content=\"https:\/\/extremebarcelona.com\/ca\/culture\/enjoy\/\" \/>\n<meta property=\"og:site_name\" content=\"Extreme Barcelona\" \/>\n<meta property=\"article:modified_time\" content=\"2025-08-13T15:29:37+00:00\" \/>\n<meta name=\"twitter:card\" content=\"summary_large_image\" \/>\n<meta name=\"twitter:label1\" content=\"Temps estimat de lectura\" \/>\n\t<meta name=\"twitter:data1\" content=\"2 minuts\" \/>\n<script type=\"application\/ld+json\" class=\"yoast-schema-graph\">{\"@context\":\"https:\/\/schema.org\",\"@graph\":[{\"@type\":\"WebPage\",\"@id\":\"https:\/\/extremebarcelona.com\/ca\/culture\/enjoy\/\",\"url\":\"https:\/\/extremebarcelona.com\/ca\/culture\/enjoy\/\",\"name\":\"Enjoy | Culture Extreme Barcelona | 1315 de setembre\",\"isPartOf\":{\"@id\":\"https:\/\/extremebarcelona.com\/#website\"},\"datePublished\":\"2021-07-13T08:49:58+00:00\",\"dateModified\":\"2025-08-13T15:29:37+00:00\",\"description\":\"Un nuevo concepto, una nueva experiencia, una divertida forma de disfrutar del Extreme Barcelona.\",\"breadcrumb\":{\"@id\":\"https:\/\/extremebarcelona.com\/ca\/culture\/enjoy\/#breadcrumb\"},\"inLanguage\":\"ca\",\"potentialAction\":[{\"@type\":\"ReadAction\",\"target\":[\"https:\/\/extremebarcelona.com\/ca\/culture\/enjoy\/\"]}]},{\"@type\":\"BreadcrumbList\",\"@id\":\"https:\/\/extremebarcelona.com\/ca\/culture\/enjoy\/#breadcrumb\",\"itemListElement\":[{\"@type\":\"ListItem\",\"position\":1,\"name\":\"Portada\",\"item\":\"https:\/\/extremebarcelona.com\/\"},{\"@type\":\"ListItem\",\"position\":2,\"name\":\"CULTURE\",\"item\":\"https:\/\/extremebarcelona.com\/ca\/culture\/\"},{\"@type\":\"ListItem\",\"position\":3,\"name\":\"ENJOY\"}]},{\"@type\":\"WebSite\",\"@id\":\"https:\/\/extremebarcelona.com\/#website\",\"url\":\"https:\/\/extremebarcelona.com\/\",\"name\":\"Extreme Barcelona\",\"description\":\"Otro sitio realizado con WordPress\",\"publisher\":{\"@id\":\"https:\/\/extremebarcelona.com\/#organization\"},\"potentialAction\":[{\"@type\":\"SearchAction\",\"target\":{\"@type\":\"EntryPoint\",\"urlTemplate\":\"https:\/\/extremebarcelona.com\/?s={search_term_string}\"},\"query-input\":{\"@type\":\"PropertyValueSpecification\",\"valueRequired\":true,\"valueName\":\"search_term_string\"}}],\"inLanguage\":\"ca\"},{\"@type\":\"Organization\",\"@id\":\"https:\/\/extremebarcelona.com\/#organization\",\"name\":\"Extreme Barcelona\",\"url\":\"https:\/\/extremebarcelona.com\/\",\"logo\":{\"@type\":\"ImageObject\",\"inLanguage\":\"ca\",\"@id\":\"https:\/\/extremebarcelona.com\/#\/schema\/logo\/image\/\",\"url\":\"https:\/\/extremebarcelona.com\/wp-content\/uploads\/2021\/04\/Logo-Extreme-2021.png\",\"contentUrl\":\"https:\/\/extremebarcelona.com\/wp-content\/uploads\/2021\/04\/Logo-Extreme-2021.png\",\"width\":500,\"height\":500,\"caption\":\"Extreme Barcelona\"},\"image\":{\"@id\":\"https:\/\/extremebarcelona.com\/#\/schema\/logo\/image\/\"}}]}<\/script>\n<!-- \/ Yoast SEO plugin. -->","yoast_head_json":{"title":"Enjoy | Culture Extreme Barcelona | 1315 de setembre","description":"Un nuevo concepto, una nueva experiencia, una divertida forma de disfrutar del Extreme Barcelona.","robots":{"index":"index","follow":"follow","max-snippet":"max-snippet:-1","max-image-preview":"max-image-preview:large","max-video-preview":"max-video-preview:-1"},"canonical":"https:\/\/extremebarcelona.com\/ca\/culture\/enjoy\/","og_locale":"ca_ES","og_type":"article","og_title":"Enjoy | Culture Extreme Barcelona | 1315 de setembre","og_description":"Un nuevo concepto, una nueva experiencia, una divertida forma de disfrutar del Extreme Barcelona.","og_url":"https:\/\/extremebarcelona.com\/ca\/culture\/enjoy\/","og_site_name":"Extreme Barcelona","article_modified_time":"2025-08-13T15:29:37+00:00","twitter_card":"summary_large_image","twitter_misc":{"Temps estimat de lectura":"2 minuts"},"schema":{"@context":"https:\/\/schema.org","@graph":[{"@type":"WebPage","@id":"https:\/\/extremebarcelona.com\/ca\/culture\/enjoy\/","url":"https:\/\/extremebarcelona.com\/ca\/culture\/enjoy\/","name":"Enjoy | Culture Extreme Barcelona | 1315 de setembre","isPartOf":{"@id":"https:\/\/extremebarcelona.com\/#website"},"datePublished":"2021-07-13T08:49:58+00:00","dateModified":"2025-08-13T15:29:37+00:00","description":"Un nuevo concepto, una nueva experiencia, una divertida forma de disfrutar del Extreme Barcelona.","breadcrumb":{"@id":"https:\/\/extremebarcelona.com\/ca\/culture\/enjoy\/#breadcrumb"},"inLanguage":"ca","potentialAction":[{"@type":"ReadAction","target":["https:\/\/extremebarcelona.com\/ca\/culture\/enjoy\/"]}]},{"@type":"BreadcrumbList","@id":"https:\/\/extremebarcelona.com\/ca\/culture\/enjoy\/#breadcrumb","itemListElement":[{"@type":"ListItem","position":1,"name":"Portada","item":"https:\/\/extremebarcelona.com\/"},{"@type":"ListItem","position":2,"name":"CULTURE","item":"https:\/\/extremebarcelona.com\/ca\/culture\/"},{"@type":"ListItem","position":3,"name":"ENJOY"}]},{"@type":"WebSite","@id":"https:\/\/extremebarcelona.com\/#website","url":"https:\/\/extremebarcelona.com\/","name":"Extreme Barcelona","description":"Otro sitio realizado con WordPress","publisher":{"@id":"https:\/\/extremebarcelona.com\/#organization"},"potentialAction":[{"@type":"SearchAction","target":{"@type":"EntryPoint","urlTemplate":"https:\/\/extremebarcelona.com\/?s={search_term_string}"},"query-input":{"@type":"PropertyValueSpecification","valueRequired":true,"valueName":"search_term_string"}}],"inLanguage":"ca"},{"@type":"Organization","@id":"https:\/\/extremebarcelona.com\/#organization","name":"Extreme Barcelona","url":"https:\/\/extremebarcelona.com\/","logo":{"@type":"ImageObject","inLanguage":"ca","@id":"https:\/\/extremebarcelona.com\/#\/schema\/logo\/image\/","url":"https:\/\/extremebarcelona.com\/wp-content\/uploads\/2021\/04\/Logo-Extreme-2021.png","contentUrl":"https:\/\/extremebarcelona.com\/wp-content\/uploads\/2021\/04\/Logo-Extreme-2021.png","width":500,"height":500,"caption":"Extreme Barcelona"},"image":{"@id":"https:\/\/extremebarcelona.com\/#\/schema\/logo\/image\/"}}]}},"_links":{"self":[{"href":"https:\/\/extremebarcelona.com\/ca\/wp-json\/wp\/v2\/pages\/10410","targetHints":{"allow":["GET"]}}],"collection":[{"href":"https:\/\/extremebarcelona.com\/ca\/wp-json\/wp\/v2\/pages"}],"about":[{"href":"https:\/\/extremebarcelona.com\/ca\/wp-json\/wp\/v2\/types\/page"}],"author":[{"embeddable":true,"href":"https:\/\/extremebarcelona.com\/ca\/wp-json\/wp\/v2\/users\/8"}],"replies":[{"embeddable":true,"href":"https:\/\/extremebarcelona.com\/ca\/wp-json\/wp\/v2\/comments?post=10410"}],"version-history":[{"count":5,"href":"https:\/\/extremebarcelona.com\/ca\/wp-json\/wp\/v2\/pages\/10410\/revisions"}],"predecessor-version":[{"id":26048,"href":"https:\/\/extremebarcelona.com\/ca\/wp-json\/wp\/v2\/pages\/10410\/revisions\/26048"}],"up":[{"embeddable":true,"href":"https:\/\/extremebarcelona.com\/ca\/wp-json\/wp\/v2\/pages\/9632"}],"wp:attachment":[{"href":"https:\/\/extremebarcelona.com\/ca\/wp-json\/wp\/v2\/media?parent=10410"}],"curies":[{"name":"wp","href":"https:\/\/api.w.org\/{rel}","templated":true}]}}