{"id":10378,"date":"2021-07-13T09:45:33","date_gmt":"2021-07-13T07:45:33","guid":{"rendered":"https:\/\/extremebarcelona.com\/culture\/music\/"},"modified":"2026-01-13T13:37:42","modified_gmt":"2026-01-13T12:37:42","slug":"music","status":"publish","type":"page","link":"https:\/\/extremebarcelona.com\/ca\/culture\/music\/","title":{"rendered":"MUSIC"},"content":{"rendered":"<p>[et_pb_section fb_built=&#8221;1&#8243; inner_shadow=&#8221;on&#8221; custom_padding_last_edited=&#8221;on|phone&#8221; disabled_on=&#8221;off|off|off&#8221; _builder_version=&#8221;4.21.0&#8243; _module_preset=&#8221;default&#8221; background_image=&#8221;https:\/\/extremebarcelona.com\/wp-content\/uploads\/2023\/04\/background-extreme-barcelona-web.jpg&#8221; custom_padding=&#8221;||88px|||&#8221; custom_padding_tablet=&#8221;||88px|||&#8221; custom_padding_phone=&#8221;|20px|88px|20px|false|false&#8221; locked=&#8221;off&#8221; global_colors_info=&#8221;{}&#8221;][et_pb_row _builder_version=&#8221;4.16&#8243; _module_preset=&#8221;default&#8221; custom_padding=&#8221;||4px|||&#8221; global_colors_info=&#8221;{}&#8221;][et_pb_column type=&#8221;4_4&#8243; _builder_version=&#8221;4.16&#8243; _module_preset=&#8221;default&#8221; global_colors_info=&#8221;{}&#8221;][et_pb_text _builder_version=&#8221;4.18.0&#8243; _module_preset=&#8221;default&#8221; text_font=&#8221;Montserrat|800|||||||&#8221; text_text_color=&#8221;#000000&#8243; text_font_size=&#8221;46px&#8221; header_font=&#8221;Montserrat|100|||||||&#8221; header_text_color=&#8221;#000000&#8243; header_font_size=&#8221;50px&#8221; header_2_font=&#8221;Montserrat|800|||||||&#8221; header_2_font_size=&#8221;50px&#8221; background_enable_image=&#8221;off&#8221; background_size=&#8221;contain&#8221; background_position=&#8221;top_center&#8221; background_layout=&#8221;dark&#8221; custom_margin=&#8221;0px||||false|false&#8221; custom_padding=&#8221;23px||19px||false|false&#8221; header_font_size_tablet=&#8221;&#8221; header_font_size_phone=&#8221;&#8221; header_font_size_last_edited=&#8221;on|phone&#8221; inline_fonts=&#8221;Montserrat,rafigen-slant&#8221; global_colors_info=&#8221;{}&#8221;]<\/p>\n<h2 style=\"text-align: center;\"><span style=\"font-family: rafigen-slant; font-weight: normal; color: #000000;\">MUSIC<\/span><\/h2>\n<p>[\/et_pb_text][et_pb_text _builder_version=&#8221;4.27.5&#8243; _module_preset=&#8221;default&#8221; text_line_height=&#8221;1.9em&#8221; custom_padding=&#8221;|22px|29px|22px||&#8221; hover_enabled=&#8221;0&#8243; locked=&#8221;off&#8221; inline_fonts=&#8221;Montserrat&#8221; global_colors_info=&#8221;{}&#8221; sticky_enabled=&#8221;0&#8243;]<\/p>\n<p style=\"text-align: justify;\">L&#8217;esplanada del Parc del F\u00f2rum s&#8217;omplir\u00e0 de les millors activitats i instal\u00b7lacions perqu\u00e8 tota la fam\u00edlia pugui gaudir d&#8217;un cap de setmana carregat de la millor acci\u00f3 i entreteniment de manera totalment gratu\u00efta. L&#8217;espai d&#8217;oci, en qu\u00e8 North Point tornar\u00e0 a ser protagonista amb les seves activitats i activacions, comptar\u00e0 amb una zona market amb m\u00e9s de 20 expositors del sector urban, food trucks, activitats de cultura urbana, tallers i esport a l&#8217;aire lliure, tot acompanyat de la millor m\u00fasica per a un cap de setmana perfecte i en fam\u00edlia.<\/p>\n<p>[\/et_pb_text][\/et_pb_column][\/et_pb_row][et_pb_row column_structure=&#8221;1_2,1_2&#8243; use_custom_gutter=&#8221;on&#8221; gutter_width=&#8221;2&#8243; _builder_version=&#8221;4.21.0&#8243; _module_preset=&#8221;default&#8221; custom_padding=&#8221;50px||50px||true|false&#8221; locked=&#8221;off&#8221; global_colors_info=&#8221;{}&#8221;][et_pb_column type=&#8221;1_2&#8243; _builder_version=&#8221;4.21.0&#8243; _module_preset=&#8221;default&#8221; background_color=&#8221;rgba(253,77,2,0.1)&#8221; custom_padding=&#8221;20px|20px|20px|20px|true|true&#8221; border_radii=&#8221;on|20px|20px|20px|20px&#8221; global_colors_info=&#8221;{}&#8221;][et_pb_icon font_icon=&#8221;&#xf073;||fa||400&#8243; icon_color=&#8221;#7a00c3&#8243; icon_width=&#8221;38px&#8221; _builder_version=&#8221;4.21.0&#8243; _module_preset=&#8221;default&#8221; global_colors_info=&#8221;{}&#8221;][\/et_pb_icon][et_pb_text _builder_version=&#8221;4.22.1&#8243; _module_preset=&#8221;default&#8221; header_5_text_align=&#8221;center&#8221; header_5_font_size=&#8221;25px&#8221; global_colors_info=&#8221;{}&#8221;]<\/p>\n<h5>DATES<\/h5>\n<p>[\/et_pb_text][et_pb_text _builder_version=&#8221;4.27.5&#8243; _module_preset=&#8221;default&#8221; hover_enabled=&#8221;0&#8243; global_colors_info=&#8221;{}&#8221; sticky_enabled=&#8221;0&#8243;]<\/p>\n<p style=\"text-align: center;\">Setembre 2026.<\/p>\n<p>[\/et_pb_text][\/et_pb_column][et_pb_column type=&#8221;1_2&#8243; _builder_version=&#8221;4.21.0&#8243; _module_preset=&#8221;default&#8221; background_color=&#8221;rgba(253,77,2,0.1)&#8221; custom_padding=&#8221;20px|20px|20px|20px|true|true&#8221; border_radii=&#8221;on|20px|20px|20px|20px&#8221; global_colors_info=&#8221;{}&#8221;][et_pb_icon font_icon=&#8221;&#xf3c5;||fa||900&#8243; icon_color=&#8221;#7a00c3&#8243; icon_width=&#8221;38px&#8221; _builder_version=&#8221;4.21.0&#8243; _module_preset=&#8221;default&#8221; global_colors_info=&#8221;{}&#8221;][\/et_pb_icon][et_pb_text _builder_version=&#8221;4.22.1&#8243; _module_preset=&#8221;default&#8221; header_5_text_align=&#8221;center&#8221; header_5_font_size=&#8221;25px&#8221; global_colors_info=&#8221;{}&#8221;]<\/p>\n<h5>UBICACI\u00d3<\/h5>\n<p>[\/et_pb_text][et_pb_text _builder_version=&#8221;4.27.4&#8243; _module_preset=&#8221;default&#8221; text_font_size=&#8221;18px&#8221; custom_margin=&#8221;-9px||11px|||&#8221; custom_padding=&#8221;||0px|||&#8221; locked=&#8221;off&#8221; global_colors_info=&#8221;{}&#8221;]<\/p>\n<p>Zona de columnes a l&#8217;esplanada superior de l&#8217;esdeveniment.<\/p>\n<p>[\/et_pb_text][\/et_pb_column][\/et_pb_row][\/et_pb_section]<\/p>\n","protected":false},"excerpt":{"rendered":"<p>MUSICL&#8217;esplanada del Parc del F\u00f2rum s&#8217;omplir\u00e0 de les millors activitats i instal\u00b7lacions perqu\u00e8 tota la fam\u00edlia pugui gaudir d&#8217;un cap de setmana carregat de la millor acci\u00f3 i entreteniment de manera totalment gratu\u00efta. L&#8217;espai d&#8217;oci, en qu\u00e8 North Point tornar\u00e0 a ser protagonista amb les seves activitats i activacions, comptar\u00e0 amb una zona market amb [&hellip;]<\/p>\n","protected":false},"author":8,"featured_media":0,"parent":9632,"menu_order":0,"comment_status":"closed","ping_status":"closed","template":"","meta":{"_et_pb_use_builder":"on","_et_pb_old_content":"","_et_gb_content_width":"","footnotes":""},"class_list":["post-10378","page","type-page","status-publish","hentry"],"yoast_head":"<!-- This site is optimized with the Yoast SEO plugin v27.2 - https:\/\/yoast.com\/product\/yoast-seo-wordpress\/ -->\n<title>Music | Culture Extreme Barcelona | 16 al 18 de Septiembre<\/title>\n<meta name=\"description\" content=\"La m\u00fasica tornar\u00e0 a posar la banda sonora a la 12 edici\u00f3 del Extreme Barcelona que, omplir\u00e0 els parks del F\u00f2rum.\" \/>\n<meta name=\"robots\" content=\"index, follow, max-snippet:-1, max-image-preview:large, max-video-preview:-1\" \/>\n<link rel=\"canonical\" href=\"https:\/\/extremebarcelona.com\/ca\/culture\/music\/\" \/>\n<meta property=\"og:locale\" content=\"ca_ES\" \/>\n<meta property=\"og:type\" content=\"article\" \/>\n<meta property=\"og:title\" content=\"Music | Culture Extreme Barcelona | 16 al 18 de Septiembre\" \/>\n<meta property=\"og:description\" content=\"La m\u00fasica tornar\u00e0 a posar la banda sonora a la 12 edici\u00f3 del Extreme Barcelona que, omplir\u00e0 els parks del F\u00f2rum.\" \/>\n<meta property=\"og:url\" content=\"https:\/\/extremebarcelona.com\/ca\/culture\/music\/\" \/>\n<meta property=\"og:site_name\" content=\"Extreme Barcelona\" \/>\n<meta property=\"article:modified_time\" content=\"2026-01-13T12:37:42+00:00\" \/>\n<meta name=\"twitter:card\" content=\"summary_large_image\" \/>\n<meta name=\"twitter:label1\" content=\"Temps estimat de lectura\" \/>\n\t<meta name=\"twitter:data1\" content=\"3 minuts\" \/>\n<script type=\"application\/ld+json\" class=\"yoast-schema-graph\">{\"@context\":\"https:\/\/schema.org\",\"@graph\":[{\"@type\":\"WebPage\",\"@id\":\"https:\/\/extremebarcelona.com\/ca\/culture\/music\/\",\"url\":\"https:\/\/extremebarcelona.com\/ca\/culture\/music\/\",\"name\":\"Music | Culture Extreme Barcelona | 16 al 18 de Septiembre\",\"isPartOf\":{\"@id\":\"https:\/\/extremebarcelona.com\/#website\"},\"datePublished\":\"2021-07-13T07:45:33+00:00\",\"dateModified\":\"2026-01-13T12:37:42+00:00\",\"description\":\"La m\u00fasica tornar\u00e0 a posar la banda sonora a la 12 edici\u00f3 del Extreme Barcelona que, omplir\u00e0 els parks del F\u00f2rum.\",\"breadcrumb\":{\"@id\":\"https:\/\/extremebarcelona.com\/ca\/culture\/music\/#breadcrumb\"},\"inLanguage\":\"ca\",\"potentialAction\":[{\"@type\":\"ReadAction\",\"target\":[\"https:\/\/extremebarcelona.com\/ca\/culture\/music\/\"]}]},{\"@type\":\"BreadcrumbList\",\"@id\":\"https:\/\/extremebarcelona.com\/ca\/culture\/music\/#breadcrumb\",\"itemListElement\":[{\"@type\":\"ListItem\",\"position\":1,\"name\":\"Portada\",\"item\":\"https:\/\/extremebarcelona.com\/\"},{\"@type\":\"ListItem\",\"position\":2,\"name\":\"CULTURE\",\"item\":\"https:\/\/extremebarcelona.com\/ca\/culture\/\"},{\"@type\":\"ListItem\",\"position\":3,\"name\":\"MUSIC\"}]},{\"@type\":\"WebSite\",\"@id\":\"https:\/\/extremebarcelona.com\/#website\",\"url\":\"https:\/\/extremebarcelona.com\/\",\"name\":\"Extreme Barcelona\",\"description\":\"Otro sitio realizado con WordPress\",\"publisher\":{\"@id\":\"https:\/\/extremebarcelona.com\/#organization\"},\"potentialAction\":[{\"@type\":\"SearchAction\",\"target\":{\"@type\":\"EntryPoint\",\"urlTemplate\":\"https:\/\/extremebarcelona.com\/?s={search_term_string}\"},\"query-input\":{\"@type\":\"PropertyValueSpecification\",\"valueRequired\":true,\"valueName\":\"search_term_string\"}}],\"inLanguage\":\"ca\"},{\"@type\":\"Organization\",\"@id\":\"https:\/\/extremebarcelona.com\/#organization\",\"name\":\"Extreme Barcelona\",\"url\":\"https:\/\/extremebarcelona.com\/\",\"logo\":{\"@type\":\"ImageObject\",\"inLanguage\":\"ca\",\"@id\":\"https:\/\/extremebarcelona.com\/#\/schema\/logo\/image\/\",\"url\":\"https:\/\/extremebarcelona.com\/wp-content\/uploads\/2021\/04\/Logo-Extreme-2021.png\",\"contentUrl\":\"https:\/\/extremebarcelona.com\/wp-content\/uploads\/2021\/04\/Logo-Extreme-2021.png\",\"width\":500,\"height\":500,\"caption\":\"Extreme Barcelona\"},\"image\":{\"@id\":\"https:\/\/extremebarcelona.com\/#\/schema\/logo\/image\/\"}}]}<\/script>\n<!-- \/ Yoast SEO plugin. -->","yoast_head_json":{"title":"Music | Culture Extreme Barcelona | 16 al 18 de Septiembre","description":"La m\u00fasica tornar\u00e0 a posar la banda sonora a la 12 edici\u00f3 del Extreme Barcelona que, omplir\u00e0 els parks del F\u00f2rum.","robots":{"index":"index","follow":"follow","max-snippet":"max-snippet:-1","max-image-preview":"max-image-preview:large","max-video-preview":"max-video-preview:-1"},"canonical":"https:\/\/extremebarcelona.com\/ca\/culture\/music\/","og_locale":"ca_ES","og_type":"article","og_title":"Music | Culture Extreme Barcelona | 16 al 18 de Septiembre","og_description":"La m\u00fasica tornar\u00e0 a posar la banda sonora a la 12 edici\u00f3 del Extreme Barcelona que, omplir\u00e0 els parks del F\u00f2rum.","og_url":"https:\/\/extremebarcelona.com\/ca\/culture\/music\/","og_site_name":"Extreme Barcelona","article_modified_time":"2026-01-13T12:37:42+00:00","twitter_card":"summary_large_image","twitter_misc":{"Temps estimat de lectura":"3 minuts"},"schema":{"@context":"https:\/\/schema.org","@graph":[{"@type":"WebPage","@id":"https:\/\/extremebarcelona.com\/ca\/culture\/music\/","url":"https:\/\/extremebarcelona.com\/ca\/culture\/music\/","name":"Music | Culture Extreme Barcelona | 16 al 18 de Septiembre","isPartOf":{"@id":"https:\/\/extremebarcelona.com\/#website"},"datePublished":"2021-07-13T07:45:33+00:00","dateModified":"2026-01-13T12:37:42+00:00","description":"La m\u00fasica tornar\u00e0 a posar la banda sonora a la 12 edici\u00f3 del Extreme Barcelona que, omplir\u00e0 els parks del F\u00f2rum.","breadcrumb":{"@id":"https:\/\/extremebarcelona.com\/ca\/culture\/music\/#breadcrumb"},"inLanguage":"ca","potentialAction":[{"@type":"ReadAction","target":["https:\/\/extremebarcelona.com\/ca\/culture\/music\/"]}]},{"@type":"BreadcrumbList","@id":"https:\/\/extremebarcelona.com\/ca\/culture\/music\/#breadcrumb","itemListElement":[{"@type":"ListItem","position":1,"name":"Portada","item":"https:\/\/extremebarcelona.com\/"},{"@type":"ListItem","position":2,"name":"CULTURE","item":"https:\/\/extremebarcelona.com\/ca\/culture\/"},{"@type":"ListItem","position":3,"name":"MUSIC"}]},{"@type":"WebSite","@id":"https:\/\/extremebarcelona.com\/#website","url":"https:\/\/extremebarcelona.com\/","name":"Extreme Barcelona","description":"Otro sitio realizado con WordPress","publisher":{"@id":"https:\/\/extremebarcelona.com\/#organization"},"potentialAction":[{"@type":"SearchAction","target":{"@type":"EntryPoint","urlTemplate":"https:\/\/extremebarcelona.com\/?s={search_term_string}"},"query-input":{"@type":"PropertyValueSpecification","valueRequired":true,"valueName":"search_term_string"}}],"inLanguage":"ca"},{"@type":"Organization","@id":"https:\/\/extremebarcelona.com\/#organization","name":"Extreme Barcelona","url":"https:\/\/extremebarcelona.com\/","logo":{"@type":"ImageObject","inLanguage":"ca","@id":"https:\/\/extremebarcelona.com\/#\/schema\/logo\/image\/","url":"https:\/\/extremebarcelona.com\/wp-content\/uploads\/2021\/04\/Logo-Extreme-2021.png","contentUrl":"https:\/\/extremebarcelona.com\/wp-content\/uploads\/2021\/04\/Logo-Extreme-2021.png","width":500,"height":500,"caption":"Extreme Barcelona"},"image":{"@id":"https:\/\/extremebarcelona.com\/#\/schema\/logo\/image\/"}}]}},"_links":{"self":[{"href":"https:\/\/extremebarcelona.com\/ca\/wp-json\/wp\/v2\/pages\/10378","targetHints":{"allow":["GET"]}}],"collection":[{"href":"https:\/\/extremebarcelona.com\/ca\/wp-json\/wp\/v2\/pages"}],"about":[{"href":"https:\/\/extremebarcelona.com\/ca\/wp-json\/wp\/v2\/types\/page"}],"author":[{"embeddable":true,"href":"https:\/\/extremebarcelona.com\/ca\/wp-json\/wp\/v2\/users\/8"}],"replies":[{"embeddable":true,"href":"https:\/\/extremebarcelona.com\/ca\/wp-json\/wp\/v2\/comments?post=10378"}],"version-history":[{"count":5,"href":"https:\/\/extremebarcelona.com\/ca\/wp-json\/wp\/v2\/pages\/10378\/revisions"}],"predecessor-version":[{"id":27439,"href":"https:\/\/extremebarcelona.com\/ca\/wp-json\/wp\/v2\/pages\/10378\/revisions\/27439"}],"up":[{"embeddable":true,"href":"https:\/\/extremebarcelona.com\/ca\/wp-json\/wp\/v2\/pages\/9632"}],"wp:attachment":[{"href":"https:\/\/extremebarcelona.com\/ca\/wp-json\/wp\/v2\/media?parent=10378"}],"curies":[{"name":"wp","href":"https:\/\/api.w.org\/{rel}","templated":true}]}}