{"id":10132,"date":"2021-07-09T12:43:39","date_gmt":"2021-07-09T10:43:39","guid":{"rendered":"https:\/\/extremebarcelona.com\/sports\/breakdance\/"},"modified":"2025-08-13T16:00:14","modified_gmt":"2025-08-13T14:00:14","slug":"breaking","status":"publish","type":"page","link":"https:\/\/extremebarcelona.com\/ca\/sports\/breaking\/","title":{"rendered":"BREAKING"},"content":{"rendered":"<p>[et_pb_section fb_built=&#8221;1&#8243; inner_shadow=&#8221;on&#8221; disabled_on=&#8221;off|off|off&#8221; _builder_version=&#8221;4.21.0&#8243; _module_preset=&#8221;default&#8221; background_image=&#8221;https:\/\/extremebarcelona.com\/wp-content\/uploads\/2023\/04\/background-extreme-barcelona-web.jpg&#8221; custom_padding=&#8221;|20px|88px|20px|false|false&#8221; global_colors_info=&#8221;{}&#8221;][et_pb_row _builder_version=&#8221;4.21.0&#8243; _module_preset=&#8221;default&#8221; max_width_tablet=&#8221;&#8221; max_width_phone=&#8221;80%&#8221; max_width_last_edited=&#8221;on|phone&#8221; custom_padding=&#8221;||4px|||&#8221; locked=&#8221;off&#8221; global_colors_info=&#8221;{}&#8221;][et_pb_column type=&#8221;4_4&#8243; _builder_version=&#8221;4.16&#8243; _module_preset=&#8221;default&#8221; global_colors_info=&#8221;{}&#8221;][et_pb_text disabled_on=&#8221;off|off|off&#8221; _builder_version=&#8221;4.17.4&#8243; _module_preset=&#8221;default&#8221; text_font=&#8221;Montserrat|800|||||||&#8221; text_text_color=&#8221;#FFFFFF&#8221; text_font_size=&#8221;50px&#8221; header_font=&#8221;Montserrat|100|||||||&#8221; header_text_color=&#8221;#000000&#8243; header_font_size=&#8221;50px&#8221; header_2_font=&#8221;Montserrat|800|||||||&#8221; header_2_font_size=&#8221;50px&#8221; background_enable_image=&#8221;off&#8221; background_size=&#8221;contain&#8221; background_position=&#8221;top_left&#8221; transform_translate=&#8221;4px|0px&#8221; transform_translate_linked=&#8221;off&#8221; background_layout=&#8221;dark&#8221; width=&#8221;100%&#8221; module_alignment=&#8221;center&#8221; min_height=&#8221;80.7px&#8221; custom_margin=&#8221;0px||27px|0px|false|false&#8221; custom_padding=&#8221;14px|12px|10px|67px|false|false&#8221; header_font_size_tablet=&#8221;&#8221; header_font_size_phone=&#8221;&#8221; header_font_size_last_edited=&#8221;on|phone&#8221; inline_fonts=&#8221;Montserrat,rafigen-slant&#8221; global_colors_info=&#8221;{}&#8221;]<\/p>\n<h2><span style=\"font-size: 55px; font-family: rafigen-slant; font-weight: normal; color: #000000;\">BREAKING<\/span><\/h2>\n<p>[\/et_pb_text][et_pb_text _builder_version=&#8221;4.27.4&#8243; _module_preset=&#8221;default&#8221; custom_padding=&#8221;||29px|||&#8221; inline_fonts=&#8221;Montserrat&#8221; global_colors_info=&#8221;{}&#8221;]<\/p>\n<p>Un any m\u00e9s, l&#8217;Extreme Barcelona comptar\u00e0 amb els millors esports urbans: skateboard, scooter, b\u00e0squet 3&#215;3, freestyle trampoline, BMX&#8230; i breaking!<\/p>\n<p>El breaking \u00e9s una mena de dansa que forma part de la cultura del hip hop, juntament amb el grafit, rap i djing. Aquest element va n\u00e9ixer a les comunitats afroamericanes dels barris novaiorquesos com Bronx i Brooklyn, als Estats Units, a la d\u00e8cada de 1970. En els \u00faltims anys, el breaking va aconseguir el seu moment \u00e0lgid en ser nomenat disciplina ol\u00edmpica pel COI, debutant en uns Jocs Ol\u00edmpics a Par\u00eds 2024. cosa que l&#8217;Urban Stage del Parc del F\u00f2rum esdevindr\u00e0 l&#8217;epicentre d&#8217;aquesta espectacular disciplina que no para de cr\u00e9ixer.La cita barcelonina, un dels esdeveniments d&#8217;esports urbans m\u00e9s emblem\u00e0tics de tot Europa, celebra la 17a edici\u00f3 recolzant una vegada m\u00e9s aquesta modalitat de ball que va ser ol\u00edmpica als Jocs Ol\u00edmpics de Par\u00eds 2024, albergant per segon any consecutiu el Campionat de Catalunya.<\/p>\n<p>La BreakingFCBE (Comissi\u00f3 de Breaking de la Federaci\u00f3 de Ball Esportiu catal\u00e0) i Urban World Series, tornen a unir les seves forces per celebrar el campionat m\u00e9s important al calendari de Breaking a Catalunya.<\/p>\n<p>El 2024, BBoy Mou G\u00a0es va emportar l&#8217;or a la categoria absoluta i aquest any, el Campionat de Catalunya comptar\u00e0 amb aquestes categories:<\/p>\n<p>BBoy, BGirl, BBoy Sub21 i BGirl Youth.<\/p>\n<p>[\/et_pb_text][et_pb_gallery gallery_ids=&#8221;24964,24967,22205,22214,22211,22208&#8243; fullwidth=&#8221;on&#8221; _builder_version=&#8221;4.27.0&#8243; _module_preset=&#8221;default&#8221; max_width=&#8221;80%&#8221; module_alignment=&#8221;center&#8221; global_colors_info=&#8221;{}&#8221;][\/et_pb_gallery][\/et_pb_column][\/et_pb_row][et_pb_row column_structure=&#8221;1_3,1_3,1_3&#8243; use_custom_gutter=&#8221;on&#8221; gutter_width=&#8221;2&#8243; disabled_on=&#8221;on|on|on&#8221; _builder_version=&#8221;4.21.0&#8243; _module_preset=&#8221;default&#8221; width_tablet=&#8221;&#8221; width_phone=&#8221;80%&#8221; width_last_edited=&#8221;on|phone&#8221; max_width_tablet=&#8221;&#8221; max_width_phone=&#8221;50%&#8221; max_width_last_edited=&#8221;on|phone&#8221; custom_padding=&#8221;50px||50px||true|false&#8221; disabled=&#8221;on&#8221; locked=&#8221;off&#8221; global_colors_info=&#8221;{}&#8221;][et_pb_column type=&#8221;1_3&#8243; _builder_version=&#8221;4.21.0&#8243; _module_preset=&#8221;default&#8221; background_color=&#8221;rgba(253,77,2,0.1)&#8221; custom_padding=&#8221;20px|20px|20px|20px|true|true&#8221; border_radii=&#8221;on|20px|20px|20px|20px&#8221; global_colors_info=&#8221;{}&#8221;][et_pb_icon font_icon=&#8221;&#xf073;||fa||400&#8243; icon_color=&#8221;#7a00c3&#8243; icon_width=&#8221;38px&#8221; _builder_version=&#8221;4.21.0&#8243; _module_preset=&#8221;default&#8221; global_colors_info=&#8221;{}&#8221;][\/et_pb_icon][et_pb_text _builder_version=&#8221;4.25.2&#8243; _module_preset=&#8221;default&#8221; header_5_text_align=&#8221;center&#8221; header_5_font_size=&#8221;25px&#8221; global_colors_info=&#8221;{}&#8221;]<\/p>\n<h5>DATES<\/h5>\n<p>[\/et_pb_text][et_pb_text disabled_on=&#8221;off|off|off&#8221; _builder_version=&#8221;4.25.2&#8243; _module_preset=&#8221;default&#8221; text_font_size=&#8221;18px&#8221; custom_margin=&#8221;-15px|||||&#8221; custom_padding=&#8221;||3px|||&#8221; inline_fonts=&#8221;Montserrat&#8221; global_colors_info=&#8221;{}&#8221;]<\/p>\n<p>Setembre 2025.<\/p>\n<p>[\/et_pb_text][\/et_pb_column][et_pb_column type=&#8221;1_3&#8243; _builder_version=&#8221;4.21.0&#8243; _module_preset=&#8221;default&#8221; background_color=&#8221;rgba(253,77,2,0.1)&#8221; custom_padding=&#8221;20px|20px|20px|20px|true|true&#8221; border_radii=&#8221;on|20px|20px|20px|20px&#8221; global_colors_info=&#8221;{}&#8221;][et_pb_icon font_icon=&#8221;&#xf091;||fa||900&#8243; icon_color=&#8221;#7a00c3&#8243; icon_width=&#8221;38px&#8221; _builder_version=&#8221;4.21.0&#8243; _module_preset=&#8221;default&#8221; global_colors_info=&#8221;{}&#8221;][\/et_pb_icon][et_pb_text _builder_version=&#8221;4.21.0&#8243; _module_preset=&#8221;default&#8221; header_5_text_align=&#8221;center&#8221; header_5_font_size=&#8221;25px&#8221; global_colors_info=&#8221;{}&#8221;]<\/p>\n<h5>FORMAT DE COMPETICI\u00d3<\/h5>\n<p>[\/et_pb_text][et_pb_text _builder_version=&#8221;4.25.2&#8243; _module_preset=&#8221;default&#8221; text_font_size=&#8221;18px&#8221; custom_margin=&#8221;-15px||13px|||&#8221; custom_padding=&#8221;||0px|||&#8221; inline_fonts=&#8221;Montserrat&#8221; global_colors_info=&#8221;{}&#8221;]<\/p>\n<p>Competici\u00f3 de Breaking 1 VS 1<\/p>\n<p>Categories absolutes: Bboy, Bgirl.<\/p>\n<ul>\n<li>Preselecci\u00f3<\/li>\n<li>Top 16<\/li>\n<li>Top 8<\/li>\n<li>Top 4<\/li>\n<li>Final<\/li>\n<\/ul>\n<p>Categories inferiors: Sub21, Bgirl Youth, Junior, Kids.<\/p>\n<ul>\n<li>Preselecci\u00f3<\/li>\n<li>Top 8<\/li>\n<li>Top 4<\/li>\n<li>Fase final<\/li>\n<\/ul>\n<p>[\/et_pb_text][\/et_pb_column][et_pb_column type=&#8221;1_3&#8243; _builder_version=&#8221;4.21.0&#8243; _module_preset=&#8221;default&#8221; background_color=&#8221;rgba(253,77,2,0.1)&#8221; custom_padding=&#8221;20px|20px|20px|20px|true|true&#8221; border_radii=&#8221;on|20px|20px|20px|20px&#8221; global_colors_info=&#8221;{}&#8221;][et_pb_icon font_icon=&#8221;&#xf022;||fa||900&#8243; icon_color=&#8221;#7a00c3&#8243; icon_width=&#8221;38px&#8221; _builder_version=&#8221;4.21.0&#8243; _module_preset=&#8221;default&#8221; global_colors_info=&#8221;{}&#8221;][\/et_pb_icon][et_pb_text _builder_version=&#8221;4.21.0&#8243; _module_preset=&#8221;default&#8221; header_5_text_align=&#8221;center&#8221; header_5_font_size=&#8221;25px&#8221; global_colors_info=&#8221;{}&#8221;]<\/p>\n<h5>CATEGORIES<\/h5>\n<p>[\/et_pb_text][et_pb_text _builder_version=&#8221;4.25.2&#8243; _module_preset=&#8221;default&#8221; text_font_size=&#8221;18px&#8221; custom_margin=&#8221;-9px||45px|||&#8221; custom_padding=&#8221;||5px|||&#8221; global_colors_info=&#8221;{}&#8221;]<\/p>\n<ul>\n<li>Bboy<\/li>\n<li>Bgirl<\/li>\n<li>Sub 21: 16 a 21 anys (inclosos)<\/li>\n<li>Bgirl Youth: 12 a 17 anys (inclosos)<\/li>\n<li>Junior: 12 a 15 anys (inclosos)<\/li>\n<li>Kids: fins a 11 anys (incl\u00f2s)<\/li>\n<\/ul>\n<p>[\/et_pb_text][\/et_pb_column][\/et_pb_row][et_pb_row column_structure=&#8221;1_3,1_3,1_3&#8243; use_custom_gutter=&#8221;on&#8221; gutter_width=&#8221;2&#8243; disabled_on=&#8221;on|on|on&#8221; _builder_version=&#8221;4.21.0&#8243; _module_preset=&#8221;default&#8221; max_width_tablet=&#8221;&#8221; max_width_phone=&#8221;80%&#8221; max_width_last_edited=&#8221;on|phone&#8221; custom_padding=&#8221;10px||50px||false|false&#8221; disabled=&#8221;on&#8221; locked=&#8221;off&#8221; global_colors_info=&#8221;{}&#8221;][et_pb_column type=&#8221;1_3&#8243; _builder_version=&#8221;4.21.0&#8243; _module_preset=&#8221;default&#8221; background_color=&#8221;rgba(253,77,2,0.1)&#8221; custom_padding=&#8221;20px|20px|20px|20px|true|true&#8221; border_radii=&#8221;on|20px|20px|20px|20px&#8221; global_colors_info=&#8221;{}&#8221;][et_pb_icon font_icon=&#8221;&#xf4fc;||fa||900&#8243; icon_color=&#8221;#7a00c3&#8243; icon_width=&#8221;38px&#8221; _builder_version=&#8221;4.21.0&#8243; _module_preset=&#8221;default&#8221; global_colors_info=&#8221;{}&#8221;][\/et_pb_icon][et_pb_text _builder_version=&#8221;4.21.0&#8243; _module_preset=&#8221;default&#8221; header_5_text_align=&#8221;center&#8221; header_5_font_size=&#8221;25px&#8221; global_colors_info=&#8221;{}&#8221;]<\/p>\n<h5>INSCRIPCI\u00d3<\/h5>\n<p>[\/et_pb_text][et_pb_text _builder_version=&#8221;4.25.2&#8243; _module_preset=&#8221;default&#8221; text_font_size=&#8221;18px&#8221; custom_margin=&#8221;-9px||45px|||&#8221; custom_padding=&#8221;||5px|||&#8221; global_colors_info=&#8221;{}&#8221;]<\/p>\n<p>Inscripcions Campionat de Catalunya:<\/p>\n<ul>\n<li>Conctactar\u00a0<a href=\"mailto:breakingfcbe@gmail.com\">breakingfcbe@gmail.com<\/a><\/li>\n<\/ul>\n<p>Inscripcions Campeonato de Espa\u00f1a:<\/p>\n<ul>\n<li>Contactar\u00a0<a href=\"mailto:breaking@febd.es\">breaking@febd.es<\/a><\/li>\n<\/ul>\n<p><span style=\"font-size: small;\">\u00a0<\/span><\/p>\n<p>[\/et_pb_text][\/et_pb_column][et_pb_column type=&#8221;1_3&#8243; _builder_version=&#8221;4.21.0&#8243; _module_preset=&#8221;default&#8221; background_color=&#8221;rgba(253,77,2,0.1)&#8221; custom_padding=&#8221;20px|20px|20px|20px|true|true&#8221; border_radii=&#8221;on|20px|20px|20px|20px&#8221; global_colors_info=&#8221;{}&#8221;][et_pb_icon font_icon=&#8221;&#xf3c5;||fa||900&#8243; icon_color=&#8221;#7a00c3&#8243; icon_width=&#8221;38px&#8221; _builder_version=&#8221;4.21.0&#8243; _module_preset=&#8221;default&#8221; global_colors_info=&#8221;{}&#8221;][\/et_pb_icon][et_pb_text _builder_version=&#8221;4.21.0&#8243; _module_preset=&#8221;default&#8221; header_5_text_align=&#8221;center&#8221; header_5_font_size=&#8221;25px&#8221; global_colors_info=&#8221;{}&#8221;]<\/p>\n<h5>UBICACI\u00d3<\/h5>\n<p>[\/et_pb_text][et_pb_text _builder_version=&#8221;4.25.2&#8243; _module_preset=&#8221;default&#8221; text_font_size=&#8221;18px&#8221; custom_margin=&#8221;-9px||28px|||&#8221; global_colors_info=&#8221;{}&#8221;]<\/p>\n<p>Urban Stage \u2013 Zona columnes Parc del F\u00f2rum<\/p>\n<p>[\/et_pb_text][\/et_pb_column][et_pb_column type=&#8221;1_3&#8243; _builder_version=&#8221;4.21.0&#8243; _module_preset=&#8221;default&#8221; background_enable_color=&#8221;off&#8221; custom_padding=&#8221;20px|20px|20px|20px|true|true&#8221; border_radii=&#8221;on|20px|20px|20px|20px&#8221; global_colors_info=&#8221;{}&#8221;][\/et_pb_column][\/et_pb_row][et_pb_row column_structure=&#8221;1_3,1_3,1_3&#8243; _builder_version=&#8221;4.25.2&#8243; _module_preset=&#8221;default&#8221; global_colors_info=&#8221;{}&#8221;][et_pb_column type=&#8221;1_3&#8243; _builder_version=&#8221;4.25.2&#8243; _module_preset=&#8221;default&#8221; global_colors_info=&#8221;{}&#8221;][\/et_pb_column][et_pb_column type=&#8221;1_3&#8243; _builder_version=&#8221;4.25.2&#8243; _module_preset=&#8221;default&#8221; global_colors_info=&#8221;{}&#8221;][et_pb_image src=&#8221;https:\/\/extremebarcelona.com\/wp-content\/uploads\/2024\/07\/logo-fcbe.png&#8221; alt=&#8221;Breaking federaci\u00f3 catalana&#8221; title_text=&#8221;logo-fcbe&#8221; _builder_version=&#8221;4.25.2&#8243; _module_preset=&#8221;default&#8221; global_colors_info=&#8221;{}&#8221;][\/et_pb_image][\/et_pb_column][et_pb_column type=&#8221;1_3&#8243; _builder_version=&#8221;4.25.2&#8243; _module_preset=&#8221;default&#8221; global_colors_info=&#8221;{}&#8221;][\/et_pb_column][\/et_pb_row][\/et_pb_section]<\/p>\n","protected":false},"excerpt":{"rendered":"<p>BREAKINGUn any m\u00e9s, l&#8217;Extreme Barcelona comptar\u00e0 amb els millors esports urbans: skateboard, scooter, b\u00e0squet 3&#215;3, freestyle trampoline, BMX&#8230; i breaking! El breaking \u00e9s una mena de dansa que forma part de la cultura del hip hop, juntament amb el grafit, rap i djing. Aquest element va n\u00e9ixer a les comunitats afroamericanes dels barris novaiorquesos com [&hellip;]<\/p>\n","protected":false},"author":8,"featured_media":0,"parent":9198,"menu_order":5,"comment_status":"closed","ping_status":"closed","template":"","meta":{"_et_pb_use_builder":"on","_et_pb_old_content":"","_et_gb_content_width":"","footnotes":""},"class_list":["post-10132","page","type-page","status-publish","hentry"],"yoast_head":"<!-- This site is optimized with the Yoast SEO plugin v27.2 - https:\/\/yoast.com\/product\/yoast-seo-wordpress\/ -->\n<title>Breaking | Deportes Extreme Barcelona | 15 - 17 de Septiembre<\/title>\n<meta name=\"description\" content=\"La ciutat acollir\u00e0 el Campionat d&#039;Espanya de Breaking 2023 que en les seves dues categories absolutes Bboy i Bgirl atorgar\u00e0 als guanyadors una pla\u00e7a per al campionat mundial 2023\" \/>\n<meta name=\"robots\" content=\"index, follow, max-snippet:-1, max-image-preview:large, max-video-preview:-1\" \/>\n<link rel=\"canonical\" href=\"https:\/\/extremebarcelona.com\/ca\/sports\/breaking\/\" \/>\n<meta property=\"og:locale\" content=\"ca_ES\" \/>\n<meta property=\"og:type\" content=\"article\" \/>\n<meta property=\"og:title\" content=\"Breaking | Deportes Extreme Barcelona | 15 - 17 de Septiembre\" \/>\n<meta property=\"og:description\" content=\"La ciutat acollir\u00e0 el Campionat d&#039;Espanya de Breaking 2023 que en les seves dues categories absolutes Bboy i Bgirl atorgar\u00e0 als guanyadors una pla\u00e7a per al campionat mundial 2023\" \/>\n<meta property=\"og:url\" content=\"https:\/\/extremebarcelona.com\/ca\/sports\/breaking\/\" \/>\n<meta property=\"og:site_name\" content=\"Extreme Barcelona\" \/>\n<meta property=\"article:modified_time\" content=\"2025-08-13T14:00:14+00:00\" \/>\n<meta name=\"twitter:card\" content=\"summary_large_image\" \/>\n<meta name=\"twitter:label1\" content=\"Temps estimat de lectura\" \/>\n\t<meta name=\"twitter:data1\" content=\"5 minuts\" \/>\n<script type=\"application\/ld+json\" class=\"yoast-schema-graph\">{\"@context\":\"https:\/\/schema.org\",\"@graph\":[{\"@type\":\"WebPage\",\"@id\":\"https:\/\/extremebarcelona.com\/ca\/sports\/breaking\/\",\"url\":\"https:\/\/extremebarcelona.com\/ca\/sports\/breaking\/\",\"name\":\"Breaking | Deportes Extreme Barcelona | 15 - 17 de Septiembre\",\"isPartOf\":{\"@id\":\"https:\/\/extremebarcelona.com\/#website\"},\"datePublished\":\"2021-07-09T10:43:39+00:00\",\"dateModified\":\"2025-08-13T14:00:14+00:00\",\"description\":\"La ciutat acollir\u00e0 el Campionat d'Espanya de Breaking 2023 que en les seves dues categories absolutes Bboy i Bgirl atorgar\u00e0 als guanyadors una pla\u00e7a per al campionat mundial 2023\",\"breadcrumb\":{\"@id\":\"https:\/\/extremebarcelona.com\/ca\/sports\/breaking\/#breadcrumb\"},\"inLanguage\":\"ca\",\"potentialAction\":[{\"@type\":\"ReadAction\",\"target\":[\"https:\/\/extremebarcelona.com\/ca\/sports\/breaking\/\"]}]},{\"@type\":\"BreadcrumbList\",\"@id\":\"https:\/\/extremebarcelona.com\/ca\/sports\/breaking\/#breadcrumb\",\"itemListElement\":[{\"@type\":\"ListItem\",\"position\":1,\"name\":\"Portada\",\"item\":\"https:\/\/extremebarcelona.com\/\"},{\"@type\":\"ListItem\",\"position\":2,\"name\":\"SPORTS\",\"item\":\"https:\/\/extremebarcelona.com\/ca\/sports\/\"},{\"@type\":\"ListItem\",\"position\":3,\"name\":\"BREAKING\"}]},{\"@type\":\"WebSite\",\"@id\":\"https:\/\/extremebarcelona.com\/#website\",\"url\":\"https:\/\/extremebarcelona.com\/\",\"name\":\"Extreme Barcelona\",\"description\":\"Otro sitio realizado con WordPress\",\"publisher\":{\"@id\":\"https:\/\/extremebarcelona.com\/#organization\"},\"potentialAction\":[{\"@type\":\"SearchAction\",\"target\":{\"@type\":\"EntryPoint\",\"urlTemplate\":\"https:\/\/extremebarcelona.com\/?s={search_term_string}\"},\"query-input\":{\"@type\":\"PropertyValueSpecification\",\"valueRequired\":true,\"valueName\":\"search_term_string\"}}],\"inLanguage\":\"ca\"},{\"@type\":\"Organization\",\"@id\":\"https:\/\/extremebarcelona.com\/#organization\",\"name\":\"Extreme Barcelona\",\"url\":\"https:\/\/extremebarcelona.com\/\",\"logo\":{\"@type\":\"ImageObject\",\"inLanguage\":\"ca\",\"@id\":\"https:\/\/extremebarcelona.com\/#\/schema\/logo\/image\/\",\"url\":\"https:\/\/extremebarcelona.com\/wp-content\/uploads\/2021\/04\/Logo-Extreme-2021.png\",\"contentUrl\":\"https:\/\/extremebarcelona.com\/wp-content\/uploads\/2021\/04\/Logo-Extreme-2021.png\",\"width\":500,\"height\":500,\"caption\":\"Extreme Barcelona\"},\"image\":{\"@id\":\"https:\/\/extremebarcelona.com\/#\/schema\/logo\/image\/\"}}]}<\/script>\n<!-- \/ Yoast SEO plugin. -->","yoast_head_json":{"title":"Breaking | Deportes Extreme Barcelona | 15 - 17 de Septiembre","description":"La ciutat acollir\u00e0 el Campionat d'Espanya de Breaking 2023 que en les seves dues categories absolutes Bboy i Bgirl atorgar\u00e0 als guanyadors una pla\u00e7a per al campionat mundial 2023","robots":{"index":"index","follow":"follow","max-snippet":"max-snippet:-1","max-image-preview":"max-image-preview:large","max-video-preview":"max-video-preview:-1"},"canonical":"https:\/\/extremebarcelona.com\/ca\/sports\/breaking\/","og_locale":"ca_ES","og_type":"article","og_title":"Breaking | Deportes Extreme Barcelona | 15 - 17 de Septiembre","og_description":"La ciutat acollir\u00e0 el Campionat d'Espanya de Breaking 2023 que en les seves dues categories absolutes Bboy i Bgirl atorgar\u00e0 als guanyadors una pla\u00e7a per al campionat mundial 2023","og_url":"https:\/\/extremebarcelona.com\/ca\/sports\/breaking\/","og_site_name":"Extreme Barcelona","article_modified_time":"2025-08-13T14:00:14+00:00","twitter_card":"summary_large_image","twitter_misc":{"Temps estimat de lectura":"5 minuts"},"schema":{"@context":"https:\/\/schema.org","@graph":[{"@type":"WebPage","@id":"https:\/\/extremebarcelona.com\/ca\/sports\/breaking\/","url":"https:\/\/extremebarcelona.com\/ca\/sports\/breaking\/","name":"Breaking | Deportes Extreme Barcelona | 15 - 17 de Septiembre","isPartOf":{"@id":"https:\/\/extremebarcelona.com\/#website"},"datePublished":"2021-07-09T10:43:39+00:00","dateModified":"2025-08-13T14:00:14+00:00","description":"La ciutat acollir\u00e0 el Campionat d'Espanya de Breaking 2023 que en les seves dues categories absolutes Bboy i Bgirl atorgar\u00e0 als guanyadors una pla\u00e7a per al campionat mundial 2023","breadcrumb":{"@id":"https:\/\/extremebarcelona.com\/ca\/sports\/breaking\/#breadcrumb"},"inLanguage":"ca","potentialAction":[{"@type":"ReadAction","target":["https:\/\/extremebarcelona.com\/ca\/sports\/breaking\/"]}]},{"@type":"BreadcrumbList","@id":"https:\/\/extremebarcelona.com\/ca\/sports\/breaking\/#breadcrumb","itemListElement":[{"@type":"ListItem","position":1,"name":"Portada","item":"https:\/\/extremebarcelona.com\/"},{"@type":"ListItem","position":2,"name":"SPORTS","item":"https:\/\/extremebarcelona.com\/ca\/sports\/"},{"@type":"ListItem","position":3,"name":"BREAKING"}]},{"@type":"WebSite","@id":"https:\/\/extremebarcelona.com\/#website","url":"https:\/\/extremebarcelona.com\/","name":"Extreme Barcelona","description":"Otro sitio realizado con WordPress","publisher":{"@id":"https:\/\/extremebarcelona.com\/#organization"},"potentialAction":[{"@type":"SearchAction","target":{"@type":"EntryPoint","urlTemplate":"https:\/\/extremebarcelona.com\/?s={search_term_string}"},"query-input":{"@type":"PropertyValueSpecification","valueRequired":true,"valueName":"search_term_string"}}],"inLanguage":"ca"},{"@type":"Organization","@id":"https:\/\/extremebarcelona.com\/#organization","name":"Extreme Barcelona","url":"https:\/\/extremebarcelona.com\/","logo":{"@type":"ImageObject","inLanguage":"ca","@id":"https:\/\/extremebarcelona.com\/#\/schema\/logo\/image\/","url":"https:\/\/extremebarcelona.com\/wp-content\/uploads\/2021\/04\/Logo-Extreme-2021.png","contentUrl":"https:\/\/extremebarcelona.com\/wp-content\/uploads\/2021\/04\/Logo-Extreme-2021.png","width":500,"height":500,"caption":"Extreme Barcelona"},"image":{"@id":"https:\/\/extremebarcelona.com\/#\/schema\/logo\/image\/"}}]}},"_links":{"self":[{"href":"https:\/\/extremebarcelona.com\/ca\/wp-json\/wp\/v2\/pages\/10132","targetHints":{"allow":["GET"]}}],"collection":[{"href":"https:\/\/extremebarcelona.com\/ca\/wp-json\/wp\/v2\/pages"}],"about":[{"href":"https:\/\/extremebarcelona.com\/ca\/wp-json\/wp\/v2\/types\/page"}],"author":[{"embeddable":true,"href":"https:\/\/extremebarcelona.com\/ca\/wp-json\/wp\/v2\/users\/8"}],"replies":[{"embeddable":true,"href":"https:\/\/extremebarcelona.com\/ca\/wp-json\/wp\/v2\/comments?post=10132"}],"version-history":[{"count":5,"href":"https:\/\/extremebarcelona.com\/ca\/wp-json\/wp\/v2\/pages\/10132\/revisions"}],"predecessor-version":[{"id":26005,"href":"https:\/\/extremebarcelona.com\/ca\/wp-json\/wp\/v2\/pages\/10132\/revisions\/26005"}],"up":[{"embeddable":true,"href":"https:\/\/extremebarcelona.com\/ca\/wp-json\/wp\/v2\/pages\/9198"}],"wp:attachment":[{"href":"https:\/\/extremebarcelona.com\/ca\/wp-json\/wp\/v2\/media?parent=10132"}],"curies":[{"name":"wp","href":"https:\/\/api.w.org\/{rel}","templated":true}]}}