{"id":10059,"date":"2021-07-09T11:24:21","date_gmt":"2021-07-09T09:24:21","guid":{"rendered":"https:\/\/extremebarcelona.com\/sports\/bmx\/"},"modified":"2026-01-13T13:14:40","modified_gmt":"2026-01-13T12:14:40","slug":"bmx","status":"publish","type":"page","link":"https:\/\/extremebarcelona.com\/ca\/sports\/bmx\/","title":{"rendered":"BMX"},"content":{"rendered":"<p>[et_pb_section fb_built=&#8221;1&#8243; inner_shadow=&#8221;on&#8221; disabled_on=&#8221;off|off|off&#8221; _builder_version=&#8221;4.21.0&#8243; _module_preset=&#8221;default&#8221; background_image=&#8221;https:\/\/extremebarcelona.com\/wp-content\/uploads\/2023\/04\/background-extreme-barcelona-web.jpg&#8221; custom_padding=&#8221;|20px|88px|20px|false|false&#8221; global_colors_info=&#8221;{}&#8221;][et_pb_row _builder_version=&#8221;4.16&#8243; _module_preset=&#8221;default&#8221; custom_padding=&#8221;||4px|||&#8221; global_colors_info=&#8221;{}&#8221;][et_pb_column type=&#8221;4_4&#8243; _builder_version=&#8221;4.16&#8243; _module_preset=&#8221;default&#8221; global_colors_info=&#8221;{}&#8221;][et_pb_text disabled_on=&#8221;off|off|off&#8221; _builder_version=&#8221;4.23.1&#8243; _module_preset=&#8221;default&#8221; text_font=&#8221;Montserrat|800|||||||&#8221; text_text_color=&#8221;#FFFFFF&#8221; text_font_size=&#8221;50px&#8221; header_font=&#8221;Montserrat|100|||||||&#8221; header_text_color=&#8221;#000000&#8243; header_font_size=&#8221;50px&#8221; header_2_font=&#8221;Montserrat|800|||||||&#8221; header_2_font_size=&#8221;50px&#8221; background_enable_image=&#8221;off&#8221; background_size=&#8221;contain&#8221; background_position=&#8221;top_left&#8221; transform_translate=&#8221;4px|0px&#8221; transform_translate_linked=&#8221;off&#8221; background_layout=&#8221;dark&#8221; width=&#8221;100%&#8221; module_alignment=&#8221;center&#8221; min_height=&#8221;80.7px&#8221; custom_margin=&#8221;0px||23px|0px|false|false&#8221; custom_padding=&#8221;11px|12px|9px|128px|false|false&#8221; header_font_size_tablet=&#8221;&#8221; header_font_size_phone=&#8221;&#8221; header_font_size_last_edited=&#8221;on|phone&#8221; inline_fonts=&#8221;Montserrat,rafigen-slant&#8221; global_colors_info=&#8221;{}&#8221;]<\/p>\n<p><span style=\"font-size: 70px; font-family: rafigen-slant; font-weight: normal; color: #000000;\">BMX<\/span><\/p>\n<p>[\/et_pb_text][et_pb_text _builder_version=&#8221;4.27.4&#8243; _module_preset=&#8221;default&#8221; custom_margin=&#8221;12px|||||&#8221; custom_padding=&#8221;||29px|||&#8221; hover_enabled=&#8221;0&#8243; inline_fonts=&#8221;Montserrat&#8221; global_colors_info=&#8221;{}&#8221; sticky_enabled=&#8221;0&#8243;]<\/p>\n<p>La 18a edici\u00f3 de l&#8217;esdeveniment d&#8217;esports urbans m\u00e9s ic\u00f2nic d&#8217;Europa se celebrar\u00e0 al Parc del F\u00f2rum amb entrada gratu\u00efta, acollint una vegada m\u00e9s els riders de la disciplina ol\u00edmpica i coronant els millors acategoria masculina, femenina i tamb\u00e9 j\u00fanior.<\/p>\n<p>I tamb\u00e9 hi haur\u00e0 espai per al <strong>BMX Street<\/strong> i el <strong>ParaBMX<\/strong>, la modalitat adaptada i m\u00e9s inclusiva del BMX.<\/p>\n<p>[\/et_pb_text][\/et_pb_column][\/et_pb_row][et_pb_row column_structure=&#8221;1_2,1_2&#8243; _builder_version=&#8221;4.21.0&#8243; _module_preset=&#8221;default&#8221; global_colors_info=&#8221;{}&#8221;][et_pb_column type=&#8221;1_2&#8243; _builder_version=&#8221;4.21.0&#8243; _module_preset=&#8221;default&#8221; global_colors_info=&#8221;{}&#8221;][et_pb_image src=&#8221;https:\/\/extremebarcelona.com\/wp-content\/uploads\/2023\/08\/UCI_Logo-ok.jpg&#8221; title_text=&#8221;UCI_Logo-ok&#8221; align=&#8221;right&#8221; align_tablet=&#8221;right&#8221; align_phone=&#8221;center&#8221; align_last_edited=&#8221;on|phone&#8221; _builder_version=&#8221;4.21.0&#8243; _module_preset=&#8221;default&#8221; width=&#8221;61%&#8221; max_width_tablet=&#8221;&#8221; max_width_phone=&#8221;74%&#8221; max_width_last_edited=&#8221;on|phone&#8221; global_colors_info=&#8221;{}&#8221;][\/et_pb_image][\/et_pb_column][et_pb_column type=&#8221;1_2&#8243; _builder_version=&#8221;4.21.0&#8243; _module_preset=&#8221;default&#8221; global_colors_info=&#8221;{}&#8221;][et_pb_image src=&#8221;https:\/\/extremebarcelona.com\/wp-content\/uploads\/2023\/08\/logo-rfec.jpg&#8221; title_text=&#8221;logo-rfec&#8221; _builder_version=&#8221;4.21.0&#8243; _module_preset=&#8221;default&#8221; width=&#8221;42%&#8221; custom_margin=&#8221;|30px|||false|false&#8221; global_colors_info=&#8221;{}&#8221;][\/et_pb_image][\/et_pb_column][\/et_pb_row][et_pb_row _builder_version=&#8221;4.16&#8243; _module_preset=&#8221;default&#8221; custom_padding=&#8221;||4px|||&#8221; global_colors_info=&#8221;{}&#8221;][et_pb_column type=&#8221;4_4&#8243; _builder_version=&#8221;4.16&#8243; _module_preset=&#8221;default&#8221; global_colors_info=&#8221;{}&#8221;][et_pb_gallery gallery_ids=&#8221;18273,18498,18501,18504,18507,18510,18513,18516,18519,18522&#8243; fullwidth=&#8221;on&#8221; _builder_version=&#8221;4.21.0&#8243; _module_preset=&#8221;default&#8221; max_width=&#8221;80%&#8221; module_alignment=&#8221;center&#8221; auto=&#8221;on&#8221; auto_speed=&#8221;2500&#8243; global_colors_info=&#8221;{}&#8221;][\/et_pb_gallery][\/et_pb_column][\/et_pb_row][et_pb_row column_structure=&#8221;1_4,1_4,1_4,1_4&#8243; use_custom_gutter=&#8221;on&#8221; gutter_width=&#8221;2&#8243; _builder_version=&#8221;4.21.0&#8243; _module_preset=&#8221;default&#8221; max_width_tablet=&#8221;&#8221; max_width_phone=&#8221;80%&#8221; max_width_last_edited=&#8221;on|phone&#8221; custom_padding=&#8221;50px||50px||true|false&#8221; locked=&#8221;off&#8221; global_colors_info=&#8221;{}&#8221;][et_pb_column type=&#8221;1_4&#8243; _builder_version=&#8221;4.21.0&#8243; _module_preset=&#8221;default&#8221; background_color=&#8221;rgba(253,77,2,0.1)&#8221; custom_padding=&#8221;20px|20px|20px|20px|true|true&#8221; border_radii=&#8221;on|20px|20px|20px|20px&#8221; global_colors_info=&#8221;{}&#8221;][et_pb_icon font_icon=&#8221;&#xf073;||fa||400&#8243; icon_color=&#8221;#7a00c3&#8243; icon_width=&#8221;38px&#8221; _builder_version=&#8221;4.21.0&#8243; _module_preset=&#8221;default&#8221; global_colors_info=&#8221;{}&#8221;][\/et_pb_icon][et_pb_text _builder_version=&#8221;4.21.0&#8243; _module_preset=&#8221;default&#8221; header_5_text_align=&#8221;center&#8221; header_5_font_size=&#8221;25px&#8221; hover_enabled=&#8221;0&#8243; global_colors_info=&#8221;{}&#8221; sticky_enabled=&#8221;0&#8243;]<\/p>\n<h5>DATES<\/h5>\n<p>[\/et_pb_text][et_pb_text disabled_on=&#8221;off|off|off&#8221; _builder_version=&#8221;4.27.4&#8243; _module_preset=&#8221;default&#8221; text_font_size=&#8221;18px&#8221; custom_margin=&#8221;-15px|||||&#8221; custom_padding=&#8221;||3px|||&#8221; hover_enabled=&#8221;0&#8243; inline_fonts=&#8221;Montserrat&#8221; global_colors_info=&#8221;{}&#8221; sticky_enabled=&#8221;0&#8243;]<\/p>\n<p><span style=\"font-size: 13px;\"><b>Setembre 2026.<\/b><\/span><\/p>\n<p>[\/et_pb_text][\/et_pb_column][et_pb_column type=&#8221;1_4&#8243; _builder_version=&#8221;4.21.0&#8243; _module_preset=&#8221;default&#8221; background_color=&#8221;rgba(253,77,2,0.1)&#8221; custom_padding=&#8221;20px|20px|20px|20px|true|true&#8221; border_radii=&#8221;on|20px|20px|20px|20px&#8221; global_colors_info=&#8221;{}&#8221;][et_pb_icon font_icon=&#8221;&#xf091;||fa||900&#8243; icon_color=&#8221;#7a00c3&#8243; icon_width=&#8221;38px&#8221; _builder_version=&#8221;4.21.0&#8243; _module_preset=&#8221;default&#8221; global_colors_info=&#8221;{}&#8221;][\/et_pb_icon][et_pb_text _builder_version=&#8221;4.21.0&#8243; _module_preset=&#8221;default&#8221; header_5_text_align=&#8221;center&#8221; header_5_font_size=&#8221;25px&#8221; global_colors_info=&#8221;{}&#8221;]<\/p>\n<h5>FORMAT DE COMPETICI\u00d3<\/h5>\n<p>[\/et_pb_text][et_pb_text _builder_version=&#8221;4.27.0&#8243; _module_preset=&#8221;default&#8221; text_font_size=&#8221;18px&#8221; custom_margin=&#8221;-15px||13px|||&#8221; custom_padding=&#8221;||0px|||&#8221; inline_fonts=&#8221;Montserrat&#8221; global_colors_info=&#8221;{}&#8221;]<\/p>\n<h3><strong>Park:<\/strong><\/h3>\n<p><span style=\"font-size: small;\"><strong>Qualifiers:<\/strong> 2 rondes de 60 segons &#8211; Compta la mitjana de les dues rondes &#8211; Max. Score 100 pts.<\/span><\/p>\n<p><span style=\"font-size: small;\"><strong>Semifinals:<\/strong> 2 rondes de 60 segons &#8211; Compta la millor ronda &#8211; Max. Score 100 pts.<\/span><\/p>\n<p><span style=\"font-size: small;\"><strong>Finals:<\/strong> 2 rondes de 60 segons &#8211; Compta la millor ronda &#8211; Max. Score 100 pts.<\/span><\/p>\n<h3><strong>Street:<\/strong><\/h3>\n<p><span style=\"font-size: small;\"><strong>Qualifiers: <\/strong>2 rondes de 45 segons &#8211; Compta la mitjana de les 2 rondes &#8211; Max. Score 100 pts.<\/span><\/p>\n<p><span style=\"font-size: small;\"><strong>Finals:<\/strong> 2 rondes de 45 segons + 3 intents de trick <\/span><\/p>\n<p><span style=\"font-size: small;\">&#8211; Compta la millor ronda i els 2 best tricks &#8211; Max. Score: 200 pts. (100 punts de la ronda + 2x Single trick: 100 punts).<\/span><\/p>\n<p>[\/et_pb_text][\/et_pb_column][et_pb_column type=&#8221;1_4&#8243; _builder_version=&#8221;4.21.0&#8243; _module_preset=&#8221;default&#8221; background_color=&#8221;rgba(253,77,2,0.1)&#8221; custom_padding=&#8221;20px|20px|20px|20px|true|true&#8221; border_radii=&#8221;on|20px|20px|20px|20px&#8221; global_colors_info=&#8221;{}&#8221;][et_pb_icon font_icon=&#8221;&#xf4fc;||fa||900&#8243; icon_color=&#8221;#7a00c3&#8243; icon_width=&#8221;38px&#8221; _builder_version=&#8221;4.21.0&#8243; _module_preset=&#8221;default&#8221; global_colors_info=&#8221;{}&#8221;][\/et_pb_icon][et_pb_text _builder_version=&#8221;4.21.0&#8243; _module_preset=&#8221;default&#8221; header_5_text_align=&#8221;center&#8221; header_5_font_size=&#8221;25px&#8221; global_colors_info=&#8221;{}&#8221;]<\/p>\n<h5>INSCRIPCI\u00d3<\/h5>\n<p>[\/et_pb_text][et_pb_text _builder_version=&#8221;4.23.1&#8243; _module_preset=&#8221;default&#8221; text_font_size=&#8221;18px&#8221; custom_margin=&#8221;-9px||45px|||&#8221; custom_padding=&#8221;||5px|||&#8221; global_colors_info=&#8221;{}&#8221;]<\/p>\n<p><span style=\"font-size: small;\"><strong>Competicions invitacionals.<\/strong><\/span><\/p>\n<p><span style=\"font-size: small;\"><strong>Contacte:<\/strong> <a href=\"mailto:bmx@urbanworldseries.com\">bmx@urbanworldseries.com<\/a><br \/><strong>IG: <\/strong><a href=\"https:\/\/www.instagram.com\/jaume_sala\/\">@jaume_sala\u00a0\u00a0<\/a><\/span><\/p>\n<p>[\/et_pb_text][\/et_pb_column][et_pb_column type=&#8221;1_4&#8243; _builder_version=&#8221;4.21.0&#8243; _module_preset=&#8221;default&#8221; background_color=&#8221;rgba(253,77,2,0.1)&#8221; custom_padding=&#8221;20px|20px|20px|20px|true|true&#8221; border_radii=&#8221;on|20px|20px|20px|20px&#8221; global_colors_info=&#8221;{}&#8221;][et_pb_icon font_icon=&#8221;&#xf3c5;||fa||900&#8243; icon_color=&#8221;#7a00c3&#8243; icon_width=&#8221;38px&#8221; _builder_version=&#8221;4.21.0&#8243; _module_preset=&#8221;default&#8221; global_colors_info=&#8221;{}&#8221;][\/et_pb_icon][et_pb_text _builder_version=&#8221;4.21.0&#8243; _module_preset=&#8221;default&#8221; header_5_text_align=&#8221;center&#8221; header_5_font_size=&#8221;25px&#8221; global_colors_info=&#8221;{}&#8221;]<\/p>\n<h5>UBICACI\u00d3<\/h5>\n<p>[\/et_pb_text][et_pb_text _builder_version=&#8221;4.23.1&#8243; _module_preset=&#8221;default&#8221; text_font_size=&#8221;18px&#8221; custom_margin=&#8221;-9px||28px|||&#8221; global_colors_info=&#8221;{}&#8221;]<\/p>\n<p><span style=\"font-size: small;\">Central Park: Auditori 1 &#8211; Parc del F\u00f2rum<\/span><br \/><span style=\"font-size: small;\">Street Plaza: Auditori 2 &#8211; Parc del F\u00f2rum<br \/><\/span><\/p>\n<p>[\/et_pb_text][\/et_pb_column][\/et_pb_row][et_pb_row column_structure=&#8221;1_2,1_2&#8243; _builder_version=&#8221;4.17.4&#8243; _module_preset=&#8221;default&#8221; locked=&#8221;off&#8221; global_colors_info=&#8221;{}&#8221;][et_pb_column type=&#8221;1_2&#8243; _builder_version=&#8221;4.17.4&#8243; _module_preset=&#8221;default&#8221; global_colors_info=&#8221;{}&#8221;][et_pb_video src=&#8221;https:\/\/www.youtube.com\/live\/683YQ7K8DRs?si=0kPpRcD03wgx7Gin&#8221; _builder_version=&#8221;4.27.0&#8243; _module_preset=&#8221;default&#8221; global_colors_info=&#8221;{}&#8221;][\/et_pb_video][et_pb_video src=&#8221;https:\/\/www.youtube.com\/live\/BSxakfUvHRw?si=BXru91gqsIeRcIij&#8221; _builder_version=&#8221;4.27.0&#8243; _module_preset=&#8221;default&#8221; global_colors_info=&#8221;{}&#8221;][\/et_pb_video][\/et_pb_column][et_pb_column type=&#8221;1_2&#8243; _builder_version=&#8221;4.17.4&#8243; _module_preset=&#8221;default&#8221; global_colors_info=&#8221;{}&#8221;][et_pb_video src=&#8221;https:\/\/www.youtube.com\/live\/JlNmq2MctB4?si=5NI449ubEjl4QJrS&#8221; _builder_version=&#8221;4.27.0&#8243; _module_preset=&#8221;default&#8221; global_colors_info=&#8221;{}&#8221;][\/et_pb_video][\/et_pb_column][\/et_pb_row][\/et_pb_section]<\/p>\n","protected":false},"excerpt":{"rendered":"<p>BMXLa 18a edici\u00f3 de l&#8217;esdeveniment d&#8217;esports urbans m\u00e9s ic\u00f2nic d&#8217;Europa se celebrar\u00e0 al Parc del F\u00f2rum amb entrada gratu\u00efta, acollint una vegada m\u00e9s els riders de la disciplina ol\u00edmpica i coronant els millors acategoria masculina, femenina i tamb\u00e9 j\u00fanior. I tamb\u00e9 hi haur\u00e0 espai per al BMX Street i el ParaBMX, la modalitat adaptada i [&hellip;]<\/p>\n","protected":false},"author":8,"featured_media":0,"parent":9198,"menu_order":0,"comment_status":"closed","ping_status":"closed","template":"","meta":{"_et_pb_use_builder":"on","_et_pb_old_content":"","_et_gb_content_width":"","footnotes":""},"class_list":["post-10059","page","type-page","status-publish","hentry"],"yoast_head":"<!-- This site is optimized with the Yoast SEO plugin v27.2 - https:\/\/yoast.com\/product\/yoast-seo-wordpress\/ -->\n<title>BMX | Deportes Extreme Barcelona | 5 al 7 de setembre<\/title>\n<meta name=\"description\" content=\"El pr\u00f2xim 5-7 de setembre del 2025, gaudirem de l&#039;Extreme Barcelona al Parc del F\u00f2rum, amb entrada gratu\u00efta.\" \/>\n<meta name=\"robots\" content=\"index, follow, max-snippet:-1, max-image-preview:large, max-video-preview:-1\" \/>\n<link rel=\"canonical\" href=\"https:\/\/extremebarcelona.com\/ca\/sports\/bmx\/\" \/>\n<meta property=\"og:locale\" content=\"ca_ES\" \/>\n<meta property=\"og:type\" content=\"article\" \/>\n<meta property=\"og:title\" content=\"BMX | Deportes Extreme Barcelona | 5 al 7 de setembre\" \/>\n<meta property=\"og:description\" content=\"El pr\u00f2xim 5-7 de setembre del 2025, gaudirem de l&#039;Extreme Barcelona al Parc del F\u00f2rum, amb entrada gratu\u00efta.\" \/>\n<meta property=\"og:url\" content=\"https:\/\/extremebarcelona.com\/ca\/sports\/bmx\/\" \/>\n<meta property=\"og:site_name\" content=\"Extreme Barcelona\" \/>\n<meta property=\"article:modified_time\" content=\"2026-01-13T12:14:40+00:00\" \/>\n<meta name=\"twitter:card\" content=\"summary_large_image\" \/>\n<meta name=\"twitter:label1\" content=\"Temps estimat de lectura\" \/>\n\t<meta name=\"twitter:data1\" content=\"4 minuts\" \/>\n<script type=\"application\/ld+json\" class=\"yoast-schema-graph\">{\"@context\":\"https:\/\/schema.org\",\"@graph\":[{\"@type\":\"WebPage\",\"@id\":\"https:\/\/extremebarcelona.com\/ca\/sports\/bmx\/\",\"url\":\"https:\/\/extremebarcelona.com\/ca\/sports\/bmx\/\",\"name\":\"BMX | Deportes Extreme Barcelona | 5 al 7 de setembre\",\"isPartOf\":{\"@id\":\"https:\/\/extremebarcelona.com\/#website\"},\"datePublished\":\"2021-07-09T09:24:21+00:00\",\"dateModified\":\"2026-01-13T12:14:40+00:00\",\"description\":\"El pr\u00f2xim 5-7 de setembre del 2025, gaudirem de l'Extreme Barcelona al Parc del F\u00f2rum, amb entrada gratu\u00efta.\",\"breadcrumb\":{\"@id\":\"https:\/\/extremebarcelona.com\/ca\/sports\/bmx\/#breadcrumb\"},\"inLanguage\":\"ca\",\"potentialAction\":[{\"@type\":\"ReadAction\",\"target\":[\"https:\/\/extremebarcelona.com\/ca\/sports\/bmx\/\"]}]},{\"@type\":\"BreadcrumbList\",\"@id\":\"https:\/\/extremebarcelona.com\/ca\/sports\/bmx\/#breadcrumb\",\"itemListElement\":[{\"@type\":\"ListItem\",\"position\":1,\"name\":\"Portada\",\"item\":\"https:\/\/extremebarcelona.com\/\"},{\"@type\":\"ListItem\",\"position\":2,\"name\":\"SPORTS\",\"item\":\"https:\/\/extremebarcelona.com\/ca\/sports\/\"},{\"@type\":\"ListItem\",\"position\":3,\"name\":\"BMX\"}]},{\"@type\":\"WebSite\",\"@id\":\"https:\/\/extremebarcelona.com\/#website\",\"url\":\"https:\/\/extremebarcelona.com\/\",\"name\":\"Extreme Barcelona\",\"description\":\"Otro sitio realizado con WordPress\",\"publisher\":{\"@id\":\"https:\/\/extremebarcelona.com\/#organization\"},\"potentialAction\":[{\"@type\":\"SearchAction\",\"target\":{\"@type\":\"EntryPoint\",\"urlTemplate\":\"https:\/\/extremebarcelona.com\/?s={search_term_string}\"},\"query-input\":{\"@type\":\"PropertyValueSpecification\",\"valueRequired\":true,\"valueName\":\"search_term_string\"}}],\"inLanguage\":\"ca\"},{\"@type\":\"Organization\",\"@id\":\"https:\/\/extremebarcelona.com\/#organization\",\"name\":\"Extreme Barcelona\",\"url\":\"https:\/\/extremebarcelona.com\/\",\"logo\":{\"@type\":\"ImageObject\",\"inLanguage\":\"ca\",\"@id\":\"https:\/\/extremebarcelona.com\/#\/schema\/logo\/image\/\",\"url\":\"https:\/\/extremebarcelona.com\/wp-content\/uploads\/2021\/04\/Logo-Extreme-2021.png\",\"contentUrl\":\"https:\/\/extremebarcelona.com\/wp-content\/uploads\/2021\/04\/Logo-Extreme-2021.png\",\"width\":500,\"height\":500,\"caption\":\"Extreme Barcelona\"},\"image\":{\"@id\":\"https:\/\/extremebarcelona.com\/#\/schema\/logo\/image\/\"}}]}<\/script>\n<!-- \/ Yoast SEO plugin. -->","yoast_head_json":{"title":"BMX | Deportes Extreme Barcelona | 5 al 7 de setembre","description":"El pr\u00f2xim 5-7 de setembre del 2025, gaudirem de l'Extreme Barcelona al Parc del F\u00f2rum, amb entrada gratu\u00efta.","robots":{"index":"index","follow":"follow","max-snippet":"max-snippet:-1","max-image-preview":"max-image-preview:large","max-video-preview":"max-video-preview:-1"},"canonical":"https:\/\/extremebarcelona.com\/ca\/sports\/bmx\/","og_locale":"ca_ES","og_type":"article","og_title":"BMX | Deportes Extreme Barcelona | 5 al 7 de setembre","og_description":"El pr\u00f2xim 5-7 de setembre del 2025, gaudirem de l'Extreme Barcelona al Parc del F\u00f2rum, amb entrada gratu\u00efta.","og_url":"https:\/\/extremebarcelona.com\/ca\/sports\/bmx\/","og_site_name":"Extreme Barcelona","article_modified_time":"2026-01-13T12:14:40+00:00","twitter_card":"summary_large_image","twitter_misc":{"Temps estimat de lectura":"4 minuts"},"schema":{"@context":"https:\/\/schema.org","@graph":[{"@type":"WebPage","@id":"https:\/\/extremebarcelona.com\/ca\/sports\/bmx\/","url":"https:\/\/extremebarcelona.com\/ca\/sports\/bmx\/","name":"BMX | Deportes Extreme Barcelona | 5 al 7 de setembre","isPartOf":{"@id":"https:\/\/extremebarcelona.com\/#website"},"datePublished":"2021-07-09T09:24:21+00:00","dateModified":"2026-01-13T12:14:40+00:00","description":"El pr\u00f2xim 5-7 de setembre del 2025, gaudirem de l'Extreme Barcelona al Parc del F\u00f2rum, amb entrada gratu\u00efta.","breadcrumb":{"@id":"https:\/\/extremebarcelona.com\/ca\/sports\/bmx\/#breadcrumb"},"inLanguage":"ca","potentialAction":[{"@type":"ReadAction","target":["https:\/\/extremebarcelona.com\/ca\/sports\/bmx\/"]}]},{"@type":"BreadcrumbList","@id":"https:\/\/extremebarcelona.com\/ca\/sports\/bmx\/#breadcrumb","itemListElement":[{"@type":"ListItem","position":1,"name":"Portada","item":"https:\/\/extremebarcelona.com\/"},{"@type":"ListItem","position":2,"name":"SPORTS","item":"https:\/\/extremebarcelona.com\/ca\/sports\/"},{"@type":"ListItem","position":3,"name":"BMX"}]},{"@type":"WebSite","@id":"https:\/\/extremebarcelona.com\/#website","url":"https:\/\/extremebarcelona.com\/","name":"Extreme Barcelona","description":"Otro sitio realizado con WordPress","publisher":{"@id":"https:\/\/extremebarcelona.com\/#organization"},"potentialAction":[{"@type":"SearchAction","target":{"@type":"EntryPoint","urlTemplate":"https:\/\/extremebarcelona.com\/?s={search_term_string}"},"query-input":{"@type":"PropertyValueSpecification","valueRequired":true,"valueName":"search_term_string"}}],"inLanguage":"ca"},{"@type":"Organization","@id":"https:\/\/extremebarcelona.com\/#organization","name":"Extreme Barcelona","url":"https:\/\/extremebarcelona.com\/","logo":{"@type":"ImageObject","inLanguage":"ca","@id":"https:\/\/extremebarcelona.com\/#\/schema\/logo\/image\/","url":"https:\/\/extremebarcelona.com\/wp-content\/uploads\/2021\/04\/Logo-Extreme-2021.png","contentUrl":"https:\/\/extremebarcelona.com\/wp-content\/uploads\/2021\/04\/Logo-Extreme-2021.png","width":500,"height":500,"caption":"Extreme Barcelona"},"image":{"@id":"https:\/\/extremebarcelona.com\/#\/schema\/logo\/image\/"}}]}},"_links":{"self":[{"href":"https:\/\/extremebarcelona.com\/ca\/wp-json\/wp\/v2\/pages\/10059","targetHints":{"allow":["GET"]}}],"collection":[{"href":"https:\/\/extremebarcelona.com\/ca\/wp-json\/wp\/v2\/pages"}],"about":[{"href":"https:\/\/extremebarcelona.com\/ca\/wp-json\/wp\/v2\/types\/page"}],"author":[{"embeddable":true,"href":"https:\/\/extremebarcelona.com\/ca\/wp-json\/wp\/v2\/users\/8"}],"replies":[{"embeddable":true,"href":"https:\/\/extremebarcelona.com\/ca\/wp-json\/wp\/v2\/comments?post=10059"}],"version-history":[{"count":5,"href":"https:\/\/extremebarcelona.com\/ca\/wp-json\/wp\/v2\/pages\/10059\/revisions"}],"predecessor-version":[{"id":27403,"href":"https:\/\/extremebarcelona.com\/ca\/wp-json\/wp\/v2\/pages\/10059\/revisions\/27403"}],"up":[{"embeddable":true,"href":"https:\/\/extremebarcelona.com\/ca\/wp-json\/wp\/v2\/pages\/9198"}],"wp:attachment":[{"href":"https:\/\/extremebarcelona.com\/ca\/wp-json\/wp\/v2\/media?parent=10059"}],"curies":[{"name":"wp","href":"https:\/\/api.w.org\/{rel}","templated":true}]}}